{"id":4913,"date":"2025-12-05T12:31:55","date_gmt":"2025-12-05T12:31:55","guid":{"rendered":"https:\/\/previntegral.com\/producto\/reciclatge-en-formacio-per-a-directius-dempresa-del-metall\/"},"modified":"2026-03-18T15:02:34","modified_gmt":"2026-03-18T15:02:34","slug":"formacion-en-reciclaje-para-directivos-de-empresas-metalurgicas","status":"publish","type":"product","link":"https:\/\/previntegral.com\/es\/producto\/reciclatge-en-formacio-per-a-directius-dempresa-del-metall\/","title":{"rendered":"Formaci\u00f3n sobre reciclaje para directivos del sector metal\u00fargico"},"content":{"rendered":"<p>Esta formaci\u00f3n est\u00e1 dirigida a <strong>gerentes<\/strong> de empresas <strong>sector metal\u00fargico<\/strong> que deseen integrar el <strong>prevenci\u00f3n de riesgos<\/strong> dentro de la\u2019<strong>estrategia<\/strong> gestionar los riesgos laborales desde una perspectiva organizativa. En <strong>Modo en l\u00ednea 100%<\/strong> y con una duraci\u00f3n de <strong>4 horas<\/strong>, El curso se adapta a tu horario y se puede acceder a \u00e9l desde cualquier dispositivo. Trabajaremos en c\u00f3mo implantar una cultura preventiva s\u00f3lida, la <strong>Liderazgo responsable<\/strong>, las responsabilidades y el <strong>Cumplimiento normativo<\/strong> del Convenio sobre los metales, as\u00ed como herramientas para la planificaci\u00f3n, la evaluaci\u00f3n y el seguimiento de los riesgos, <strong>Coordinaci\u00f3n de actividades empresariales<\/strong>, la comunicaci\u00f3n interna y los indicadores para la mejora continua. Incluimos casos pr\u00e1cticos centrados en la producci\u00f3n, el mantenimiento y las oficinas para que puedas tomar decisiones fundamentadas y alineadas con la estrategia empresarial. Previntegral, centro acreditado por la FLC, le ofrece una experiencia de e-learning impartida por tutores, con un campus virtual y un certificado de finalizaci\u00f3n, dise\u00f1ada para ayudar a los directivos del sector metal\u00fargico a reforzar sus capacidades de gesti\u00f3n y reducir las tasas de accidentes con un impacto real en los resultados.<\/p>","protected":false},"excerpt":{"rendered":"<p>Aquesta formaci\u00f3 est\u00e0 pensada per a directius d\u2019empreses del sector del metall que volen integrar la prevenci\u00f3 de riscos dins l\u2019estrat\u00e8gia corporativa i gestionar els perills laborals des d\u2019un enfocament organitzatiu. En modalitat 100% online i amb una durada de 4 hores, el curs s\u2019adapta a la teva agenda i permet seguir-lo des de qualsevol [&hellip;]<\/p>\n","protected":false},"featured_media":4915,"comment_status":"open","ping_status":"closed","template":"","meta":{"_acf_changed":false},"product_brand":[],"product_cat":[41],"product_tag":[],"class_list":{"0":"post-4913","1":"product","2":"type-product","3":"status-publish","4":"has-post-thumbnail","6":"product_cat-metall","8":"first","9":"instock","10":"virtual","11":"taxable","12":"purchasable","13":"product-type-curso"},"acf":[],"precio_regular_curso":58.08,"precio_bonificado_curso":58.08,"_links":{"self":[{"href":"https:\/\/previntegral.com\/es\/wp-json\/wp\/v2\/product\/4913","targetHints":{"allow":["GET"]}}],"collection":[{"href":"https:\/\/previntegral.com\/es\/wp-json\/wp\/v2\/product"}],"about":[{"href":"https:\/\/previntegral.com\/es\/wp-json\/wp\/v2\/types\/product"}],"replies":[{"embeddable":true,"href":"https:\/\/previntegral.com\/es\/wp-json\/wp\/v2\/comments?post=4913"}],"wp:featuredmedia":[{"embeddable":true,"href":"https:\/\/previntegral.com\/es\/wp-json\/wp\/v2\/media\/4915"}],"wp:attachment":[{"href":"https:\/\/previntegral.com\/es\/wp-json\/wp\/v2\/media?parent=4913"}],"wp:term":[{"taxonomy":"product_brand","embeddable":true,"href":"https:\/\/previntegral.com\/es\/wp-json\/wp\/v2\/product_brand?post=4913"},{"taxonomy":"product_cat","embeddable":true,"href":"https:\/\/previntegral.com\/es\/wp-json\/wp\/v2\/product_cat?post=4913"},{"taxonomy":"product_tag","embeddable":true,"href":"https:\/\/previntegral.com\/es\/wp-json\/wp\/v2\/product_tag?post=4913"}],"curies":[{"name":"WordPress","href":"https:\/\/api.w.org\/{rel}","templated":true}]}}