{"id":4916,"date":"2025-12-05T12:32:03","date_gmt":"2025-12-05T12:32:03","guid":{"rendered":"https:\/\/previntegral.com\/producto\/especialitat-en-c-12-treballs-de-mecanica-manteniment-i-reparacio-de-maquines-equips-industrials-i-o-equips-electromecanics-industria-aeroespacial-etc\/"},"modified":"2026-03-16T18:32:32","modified_gmt":"2026-03-16T18:32:32","slug":"especialidad-en-c-12-trabajos-de-mecanica-mantenimiento-y-reparacion-de-maquinas-equipos-industriales-y-equipos-electromecanicos-industria-aeroespacial-etc","status":"publish","type":"product","link":"https:\/\/previntegral.com\/es\/producto\/especialitat-en-c-12-treballs-de-mecanica-manteniment-i-reparacio-de-maquines-equips-industrials-i-o-equips-electromecanics-industria-aeroespacial-etc\/","title":{"rendered":"Especializaci\u00f3n en C.12: Trabajos mec\u00e1nicos, mantenimiento y reparaci\u00f3n de m\u00e1quinas, equipos industriales y\/o equipos electromec\u00e1nicos (industria aeroespacial, etc.)"},"content":{"rendered":"<p>La especialidad de oficio <b>C.12<\/b> se dirige a profesionales que realizan <strong>trabajos de mec\u00e1nica, mantenimiento y reparaci\u00f3n<\/strong> de\u2019<strong>equipos industriales y electromec\u00e1nicos<\/strong> en la industria aeroespacial, etc. dentro del \u00e1mbito de <b>Acuerdo sobre metales<\/b>. Con una duraci\u00f3n de <strong>Ocho horas<\/strong> y en <strong>Modo presencial<\/strong>, el curso profundiza en los <b>riesgos espec\u00edficos<\/b> de estas tareas: atrapamientos y cortes, proyecciones, ca\u00eddas al mismo nivel, riesgos el\u00e9ctricos, hidr\u00e1ulicos y neum\u00e1ticos, contacto con aceites y refrigerantes, as\u00ed como el uso seguro de herramientas y m\u00e1quinas. Se trabajan <strong>Procedimientos de trabajo seguros<\/strong> la <b>Bloqueo y etiquetado (LOTO)<\/b>, aislamiento de energ\u00edas, puesta en servicio, permisos de trabajo, medidas en trabajos en caliente y buenas pr\u00e1cticas de\u2019<strong>\u00cdndice de protecci\u00f3n equivalente<\/strong> protecciones colectivas, con \u00e9nfasis en el\u2019<b>orden y limpieza<\/b> la ergonom\u00eda en intervenciones de mantenimiento. Esta formaci\u00f3n complementa el m\u00f3dulo troncal <b>C1 (20 h)<\/b> i permite acreditar el 100% de\u2019<strong>Especialidades artesanales<\/strong> exigidas desde 2021. Previntegral es centro homologado por la <b>Comisionado Federal de Tierras<\/b> (n\u00fam. 0505080031). Incluye recordatorio de <strong>Reciclaje cada 4 a\u00f1os<\/strong> (4 h).<\/p>","protected":false},"excerpt":{"rendered":"<p>L\u2019especialitat d\u2019ofici C.12 s\u2019adre\u00e7a a professionals que realitzen treballs de mec\u00e0nica, manteniment i reparaci\u00f3 d\u2019equips industrials i electromec\u00e0nics (ind\u00fastria aeroespacial, etc.) dins l\u2019\u00e0mbit del Conveni del Metall. Amb una durada de 8 hores i en modalitat presencial, el curs aprofundeix en els riscos espec\u00edfics d\u2019aquestes tasques: atrapaments i talls, projeccions, caigudes al mateix nivell, riscos [&hellip;]<\/p>\n","protected":false},"featured_media":4918,"comment_status":"open","ping_status":"closed","template":"","meta":{"_acf_changed":false},"product_brand":[],"product_cat":[41],"product_tag":[],"class_list":{"0":"post-4916","1":"product","2":"type-product","3":"status-publish","4":"has-post-thumbnail","6":"product_cat-metall","8":"first","9":"instock","10":"virtual","11":"taxable","12":"purchasable","13":"product-type-curso"},"acf":[],"precio_regular_curso":177.87,"precio_bonificado_curso":187.55,"_links":{"self":[{"href":"https:\/\/previntegral.com\/es\/wp-json\/wp\/v2\/product\/4916","targetHints":{"allow":["GET"]}}],"collection":[{"href":"https:\/\/previntegral.com\/es\/wp-json\/wp\/v2\/product"}],"about":[{"href":"https:\/\/previntegral.com\/es\/wp-json\/wp\/v2\/types\/product"}],"replies":[{"embeddable":true,"href":"https:\/\/previntegral.com\/es\/wp-json\/wp\/v2\/comments?post=4916"}],"wp:featuredmedia":[{"embeddable":true,"href":"https:\/\/previntegral.com\/es\/wp-json\/wp\/v2\/media\/4918"}],"wp:attachment":[{"href":"https:\/\/previntegral.com\/es\/wp-json\/wp\/v2\/media?parent=4916"}],"wp:term":[{"taxonomy":"product_brand","embeddable":true,"href":"https:\/\/previntegral.com\/es\/wp-json\/wp\/v2\/product_brand?post=4916"},{"taxonomy":"product_cat","embeddable":true,"href":"https:\/\/previntegral.com\/es\/wp-json\/wp\/v2\/product_cat?post=4916"},{"taxonomy":"product_tag","embeddable":true,"href":"https:\/\/previntegral.com\/es\/wp-json\/wp\/v2\/product_tag?post=4916"}],"curies":[{"name":"WordPress","href":"https:\/\/api.w.org\/{rel}","templated":true}]}}