{"id":4925,"date":"2025-12-05T12:33:44","date_gmt":"2025-12-05T12:33:44","guid":{"rendered":"https:\/\/previntegral.com\/producto\/especialitat-en-c-7-operaris-de-maquines-de-mecanitzat-per-deformacio-i-tall-del-metall\/"},"modified":"2026-03-16T18:32:32","modified_gmt":"2026-03-16T18:32:32","slug":"especialitat-en-c-7-operaris-de-maquines-de-mecanitzat-per-deformacio-i-tall-del-metall","status":"publish","type":"product","link":"https:\/\/previntegral.com\/es\/producto\/especialitat-en-c-7-operaris-de-maquines-de-mecanitzat-per-deformacio-i-tall-del-metall\/","title":{"rendered":"Especializaci\u00f3n en C.7: Operadores de m\u00e1quinas de conformado y corte de metales"},"content":{"rendered":"<p>El curs C.7 \u2013 Operaris de m\u00e0quines de mecanitzat per deformaci\u00f3 i tall del metall \u00e9s una formaci\u00f3 espec\u00edfica de <strong>Ocho horas<\/strong>, <strong>100% en persona<\/strong>, dissenyada d\u2019acord amb el <strong>Conveni Estatal del Metall<\/strong>. Orientat al lloc de treball, refor\u00e7a la <strong>prevenci\u00f3n de riesgos laborales<\/strong> en premses, cisalles, plegadores, encunyadores i l\u00ednies de tall, abordant riscos d\u2019<strong>atrapament<\/strong>, <strong>tall<\/strong> i projeccions, soroll i vibracions, neblines d\u2019oli de tall, ergonomia i incendis. Es treballen procediments clau com el <strong>Bloqueo y etiquetado (LOTO)<\/strong>, proteccions i <strong>enclavaments<\/strong>, uso de\u2019<strong>\u00cdndice de protecci\u00f3n equivalente<\/strong>, verificacions preoperatives, ordre i neteja, i actuaci\u00f3 en <strong>Emergencias<\/strong>. Aquest m\u00f2dul cobreix l\u2019<strong>especialitat C.7<\/strong> i complementa el m\u00f2dul troncal de 20 h (C1), donant compliment a l\u2019obligatorietat de tenir el <strong>100% de especialidades profesionales<\/strong>. En finalitzar, l\u2019operari adquireix criteris i h\u00e0bits segurs per operar, ajustar i mantenir equips amb efici\u00e8ncia i seguretat, reduint incidents i aturades. Formaci\u00f3 v\u00e0lida per al sector del metall, amb <strong>reciclatge obligatori cada 4 anys<\/strong> mitjan\u00e7ant un curs de 4 hores.<\/p>","protected":false},"excerpt":{"rendered":"<p>El curs C.7 \u2013 Operaris de m\u00e0quines de mecanitzat per deformaci\u00f3 i tall del metall \u00e9s una formaci\u00f3 espec\u00edfica de 8 hores, 100% presencial, dissenyada d\u2019acord amb el Conveni Estatal del Metall. Orientat al lloc de treball, refor\u00e7a la prevenci\u00f3 de riscos laborals en premses, cisalles, plegadores, encunyadores i l\u00ednies de tall, abordant riscos d\u2019atrapament, [&hellip;]<\/p>\n","protected":false},"featured_media":4927,"comment_status":"open","ping_status":"closed","template":"","meta":{"_acf_changed":false},"product_brand":[],"product_cat":[41],"product_tag":[],"class_list":{"0":"post-4925","1":"product","2":"type-product","3":"status-publish","4":"has-post-thumbnail","6":"product_cat-metall","8":"first","9":"instock","10":"virtual","11":"taxable","12":"purchasable","13":"product-type-curso"},"acf":[],"precio_regular_curso":177.87,"precio_bonificado_curso":187.55,"_links":{"self":[{"href":"https:\/\/previntegral.com\/es\/wp-json\/wp\/v2\/product\/4925","targetHints":{"allow":["GET"]}}],"collection":[{"href":"https:\/\/previntegral.com\/es\/wp-json\/wp\/v2\/product"}],"about":[{"href":"https:\/\/previntegral.com\/es\/wp-json\/wp\/v2\/types\/product"}],"replies":[{"embeddable":true,"href":"https:\/\/previntegral.com\/es\/wp-json\/wp\/v2\/comments?post=4925"}],"wp:featuredmedia":[{"embeddable":true,"href":"https:\/\/previntegral.com\/es\/wp-json\/wp\/v2\/media\/4927"}],"wp:attachment":[{"href":"https:\/\/previntegral.com\/es\/wp-json\/wp\/v2\/media?parent=4925"}],"wp:term":[{"taxonomy":"product_brand","embeddable":true,"href":"https:\/\/previntegral.com\/es\/wp-json\/wp\/v2\/product_brand?post=4925"},{"taxonomy":"product_cat","embeddable":true,"href":"https:\/\/previntegral.com\/es\/wp-json\/wp\/v2\/product_cat?post=4925"},{"taxonomy":"product_tag","embeddable":true,"href":"https:\/\/previntegral.com\/es\/wp-json\/wp\/v2\/product_tag?post=4925"}],"curies":[{"name":"WordPress","href":"https:\/\/api.w.org\/{rel}","templated":true}]}}