{"id":4931,"date":"2025-12-05T12:34:16","date_gmt":"2025-12-05T12:34:16","guid":{"rendered":"https:\/\/previntegral.com\/producto\/especialitat-en-c-5-operaris-de-maquines-de-mecanitzat-per-arrencada-de-ferritja-o-per-abrasio\/"},"modified":"2026-03-16T18:32:32","modified_gmt":"2026-03-16T18:32:32","slug":"especialitat-en-c-5-operaris-de-maquines-de-mecanitzat-per-arrencada-de-ferritja-o-per-abrasio","status":"publish","type":"product","link":"https:\/\/previntegral.com\/es\/producto\/especialitat-en-c-5-operaris-de-maquines-de-mecanitzat-per-arrencada-de-ferritja-o-per-abrasio\/","title":{"rendered":"Especialidad C.5: Operadores de maquinaria para el mecanizado por arranque de viruta o abrasivo"},"content":{"rendered":"<p>El curs C.5 per a <strong>Operadores de m\u00e1quinas para el mecanizado por arranque de viruta o el mecanizado abrasivo<\/strong> ofereix una formaci\u00f3 espec\u00edfica de <strong>Ocho horas<\/strong> en modal <strong>presencial<\/strong> (sense teleformaci\u00f3), d\u2019acord amb el <strong>Acuerdo sobre metales<\/strong>. \u00c9s un m\u00f2dul d\u2019<strong>especialidad<\/strong> que complementa el <strong>C1 20h<\/strong> i aborda els riscos concrets en torns, fresadores, rectificadores i talladores: atrapaments, projecci\u00f3 de part\u00edcules, talls, soroll, vibracions i exposici\u00f3 a <em>taladrines<\/em>. S\u2019hi treballen mesures preventives com <strong>proteccions de m\u00e0quina<\/strong>, pantalles i aspiraci\u00f3 local, ordre i neteja, verificacions pr\u00e8vies, marcatge CE (RD 1215\/1997), i procediments segurs de canvi d\u2019eina i equilibrat de discos. Inclou operativa segura de posada en marxa i aturada, <strong>bloqueig-etiquetatge (LOTO)<\/strong>, senyalitzaci\u00f3, emerg\u00e8ncies i \u00fas d\u2019<strong>\u00cdndice de protecci\u00f3n equivalente<\/strong>. La metodologia combina explicaci\u00f3 t\u00e8cnica, casos pr\u00e0ctics i simulacions in situ. Impartit per Previntegral, centre homologat FLC (n\u00fam. 0505080031), el curs assegura el compliment normatiu i recorda la necessitat de <strong>Reciclaje cada 4 a\u00f1os<\/strong> mitjan\u00e7ant 4 hores de formaci\u00f3.<\/p>","protected":false},"excerpt":{"rendered":"<p>El curs C.5 per a operaris de m\u00e0quines de mecanitzat per arrencada de ferritja o per abrasi\u00f3 ofereix una formaci\u00f3 espec\u00edfica de 8 hores en modalitat presencial (sense teleformaci\u00f3), d\u2019acord amb el Conveni del Metall. \u00c9s un m\u00f2dul d\u2019especialitat que complementa el C1 20h i aborda els riscos concrets en torns, fresadores, rectificadores i talladores: [&hellip;]<\/p>\n","protected":false},"featured_media":4933,"comment_status":"open","ping_status":"closed","template":"","meta":{"_acf_changed":false},"product_brand":[],"product_cat":[41],"product_tag":[],"class_list":{"0":"post-4931","1":"product","2":"type-product","3":"status-publish","4":"has-post-thumbnail","6":"product_cat-metall","8":"first","9":"instock","10":"virtual","11":"taxable","12":"purchasable","13":"product-type-curso"},"acf":[],"precio_regular_curso":177.87,"precio_bonificado_curso":187.55,"_links":{"self":[{"href":"https:\/\/previntegral.com\/es\/wp-json\/wp\/v2\/product\/4931","targetHints":{"allow":["GET"]}}],"collection":[{"href":"https:\/\/previntegral.com\/es\/wp-json\/wp\/v2\/product"}],"about":[{"href":"https:\/\/previntegral.com\/es\/wp-json\/wp\/v2\/types\/product"}],"replies":[{"embeddable":true,"href":"https:\/\/previntegral.com\/es\/wp-json\/wp\/v2\/comments?post=4931"}],"wp:featuredmedia":[{"embeddable":true,"href":"https:\/\/previntegral.com\/es\/wp-json\/wp\/v2\/media\/4933"}],"wp:attachment":[{"href":"https:\/\/previntegral.com\/es\/wp-json\/wp\/v2\/media?parent=4931"}],"wp:term":[{"taxonomy":"product_brand","embeddable":true,"href":"https:\/\/previntegral.com\/es\/wp-json\/wp\/v2\/product_brand?post=4931"},{"taxonomy":"product_cat","embeddable":true,"href":"https:\/\/previntegral.com\/es\/wp-json\/wp\/v2\/product_cat?post=4931"},{"taxonomy":"product_tag","embeddable":true,"href":"https:\/\/previntegral.com\/es\/wp-json\/wp\/v2\/product_tag?post=4931"}],"curies":[{"name":"WordPress","href":"https:\/\/api.w.org\/{rel}","templated":true}]}}