{"id":4940,"date":"2025-12-05T12:35:48","date_gmt":"2025-12-05T12:35:48","guid":{"rendered":"https:\/\/previntegral.com\/producto\/especialitat-en-c-1-cnae-24-treballs-de-fabricacio-produccio-i-transformacio-del-ferro-lacer-i-dels-metalls-no-ferris-i-primera-transformacio-fabricacio-de-lacer-fosa-de-metalls-fabricac\/"},"modified":"2026-03-16T18:32:32","modified_gmt":"2026-03-16T18:32:32","slug":"especialitat-en-c-1-cnae-24-treballs-de-fabricacio-produccio-i-transformacio-del-ferro-lacer-i-dels-metalls-no-ferris-i-primera-transformacio-fabricacio-de-lacer-fosa-de-metalls-fabricac","status":"publish","type":"product","link":"https:\/\/previntegral.com\/es\/producto\/especialitat-en-c-1-cnae-24-treballs-de-fabricacio-produccio-i-transformacio-del-ferro-lacer-i-dels-metalls-no-ferris-i-primera-transformacio-fabricacio-de-lacer-fosa-de-metalls-fabricac\/","title":{"rendered":"Especializaci\u00f3n en C.1 \u2013 CNAE 24 \u2013 Fabricaci\u00f3n, producci\u00f3n y transformaci\u00f3n de hierro, acero y metales no ferrosos, y transformaci\u00f3n primaria (fabricaci\u00f3n de acero, fundici\u00f3n de metales, fabricaci\u00f3n de moldes, fabricaci\u00f3n de tubos y actividades similares)"},"content":{"rendered":"<p>El curs C.1 &#8211; CNAE 24 \u00e9s l\u2019especialitat d\u2019ofici adre\u00e7ada al personal de fabricaci\u00f3, producci\u00f3 i primera transformaci\u00f3 del ferro, l\u2019acer i metalls no ferris (fosa, motlles, tubs i similars). En 8 hores 100% <strong>En persona<\/strong>, aporta una formaci\u00f3 de <strong>PRL<\/strong> espec\u00edficament adaptada als processos del sector, complement\u00e0ria al m\u00f2dul troncal de 20 h del conveni. Treballarem els <strong>riesgos espec\u00edficos<\/strong> de les l\u00ednies i tallers \u2014talls i atrapaments, altes temperatures, projeccions, atmosferes ATEX, soroll i vibracions, productes qu\u00edmics, manipulaci\u00f3 de c\u00e0rregues, treball en <strong>Espacios confinados<\/strong>\u2014 i les mesures preventives associades: <strong>Procedimientos de trabajo seguros<\/strong>, se\u00f1alizaci\u00f3n, <strong>Bloqueo\/Etiquetado<\/strong>, ordre i neteja, equips de <strong>\u00cdndice de protecci\u00f3n equivalente<\/strong> i verificaci\u00f3 d\u2019equips i eines. La metodologia combina casos pr\u00e0ctics, an\u00e0lisi d\u2019incidents i din\u00e0miques de posada en situaci\u00f3 per consolidar h\u00e0bits segurs a peu de l\u00ednia. D\u2019acord amb el Conveni Estatal del Metall, aquesta especialitat forma part del requisit d\u2019estar format en el 100% d\u2019oficis (des de 2021) i preveu <strong>reciclaje<\/strong> cada 4 anys (4 h). En finalitzar, s\u2019emet certificat acreditatiu.<\/p>","protected":false},"excerpt":{"rendered":"<p>El curs C.1 &#8211; CNAE 24 \u00e9s l\u2019especialitat d\u2019ofici adre\u00e7ada al personal de fabricaci\u00f3, producci\u00f3 i primera transformaci\u00f3 del ferro, l\u2019acer i metalls no ferris (fosa, motlles, tubs i similars). En 8 hores 100% presencials, aporta una formaci\u00f3 de PRL espec\u00edficament adaptada als processos del sector, complement\u00e0ria al m\u00f2dul troncal de 20 h del conveni. [&hellip;]<\/p>\n","protected":false},"featured_media":4942,"comment_status":"open","ping_status":"closed","template":"","meta":{"_acf_changed":false},"product_brand":[],"product_cat":[41],"product_tag":[],"class_list":{"0":"post-4940","1":"product","2":"type-product","3":"status-publish","4":"has-post-thumbnail","6":"product_cat-metall","8":"first","9":"instock","10":"virtual","11":"taxable","12":"purchasable","13":"product-type-curso"},"acf":[],"precio_regular_curso":177.87,"precio_bonificado_curso":187.55,"_links":{"self":[{"href":"https:\/\/previntegral.com\/es\/wp-json\/wp\/v2\/product\/4940","targetHints":{"allow":["GET"]}}],"collection":[{"href":"https:\/\/previntegral.com\/es\/wp-json\/wp\/v2\/product"}],"about":[{"href":"https:\/\/previntegral.com\/es\/wp-json\/wp\/v2\/types\/product"}],"replies":[{"embeddable":true,"href":"https:\/\/previntegral.com\/es\/wp-json\/wp\/v2\/comments?post=4940"}],"wp:featuredmedia":[{"embeddable":true,"href":"https:\/\/previntegral.com\/es\/wp-json\/wp\/v2\/media\/4942"}],"wp:attachment":[{"href":"https:\/\/previntegral.com\/es\/wp-json\/wp\/v2\/media?parent=4940"}],"wp:term":[{"taxonomy":"product_brand","embeddable":true,"href":"https:\/\/previntegral.com\/es\/wp-json\/wp\/v2\/product_brand?post=4940"},{"taxonomy":"product_cat","embeddable":true,"href":"https:\/\/previntegral.com\/es\/wp-json\/wp\/v2\/product_cat?post=4940"},{"taxonomy":"product_tag","embeddable":true,"href":"https:\/\/previntegral.com\/es\/wp-json\/wp\/v2\/product_tag?post=4940"}],"curies":[{"name":"WordPress","href":"https:\/\/api.w.org\/{rel}","templated":true}]}}