{"id":4943,"date":"2025-12-05T12:36:40","date_gmt":"2025-12-05T12:36:40","guid":{"rendered":"https:\/\/previntegral.com\/producto\/especialitat-en-c-3-treballs-de-forja\/"},"modified":"2026-03-16T18:32:32","modified_gmt":"2026-03-16T18:32:32","slug":"especialitat-en-c-3-treballs-de-forja","status":"publish","type":"product","link":"https:\/\/previntegral.com\/es\/producto\/especialitat-en-c-3-treballs-de-forja\/","title":{"rendered":"Especializaci\u00f3n en C.3: Trabajos de forja"},"content":{"rendered":"<p>El curso <strong>C.3 \u2013 Herrer\u00eda<\/strong> dona compliment a les exig\u00e8ncies del <strong>Acuerdo sobre metales<\/strong> per a la formaci\u00f3 espec\u00edfica en PRL d\u2019oficis de producci\u00f3. Amb una durada de <strong>Ocho horas<\/strong> i modalitat 100% <strong>presencial<\/strong>, se centra en els <strong>riesgos espec\u00edficos<\/strong> de la forja: altes temperatures i radiaci\u00f3 t\u00e8rmica, cremades i projeccions, atrapaments amb martells i premses, soroll i vibracions, atmosferes perilloses, incendis i manipulaci\u00f3 de peces roents. S\u2019hi treballen procediments segurs en forns, martells pil\u00f3 i eines, maniobres amb pont grua, ordre i neteja, senyalitzaci\u00f3, <em>lockout-tagout<\/em> i actuaci\u00f3 en emerg\u00e8ncies. Es refor\u00e7a l\u2019\u00fas adequat d\u2019<strong>\u00cdndice de protecci\u00f3n equivalente<\/strong> (protecci\u00f3 t\u00e8rmica, ocular, auditiva, roba ign\u00edfuga i cal\u00e7at de seguretat) i l\u2019ergonomia en la maniobra de c\u00e0rregues. Aquest m\u00f2dul complementa el troncal obligatori (<strong>C1 20h + 8h d\u2019especialitat<\/strong>) exigible als operaris des de 2021. Previntegral, centre homologat FLC (0505080031), garanteix metodologia pr\u00e0ctica, casos reals i avaluaci\u00f3 d\u2019aprenentatges. Formaci\u00f3 renovable cada 4 anys mitjan\u00e7ant <strong>Reciclaje cada 4 horas<\/strong>.<\/p>","protected":false},"excerpt":{"rendered":"<p>El curs C.3 &#8211; Treballs de forja dona compliment a les exig\u00e8ncies del Conveni del Metall per a la formaci\u00f3 espec\u00edfica en PRL d\u2019oficis de producci\u00f3. Amb una durada de 8 hores i modalitat 100% presencial, se centra en els riscos espec\u00edfics de la forja: altes temperatures i radiaci\u00f3 t\u00e8rmica, cremades i projeccions, atrapaments amb [&hellip;]<\/p>\n","protected":false},"featured_media":4945,"comment_status":"open","ping_status":"closed","template":"","meta":{"_acf_changed":false},"product_brand":[],"product_cat":[41],"product_tag":[],"class_list":{"0":"post-4943","1":"product","2":"type-product","3":"status-publish","4":"has-post-thumbnail","6":"product_cat-metall","8":"first","9":"instock","10":"virtual","11":"taxable","12":"purchasable","13":"product-type-curso"},"acf":[],"precio_regular_curso":177.87,"precio_bonificado_curso":187.55,"_links":{"self":[{"href":"https:\/\/previntegral.com\/es\/wp-json\/wp\/v2\/product\/4943","targetHints":{"allow":["GET"]}}],"collection":[{"href":"https:\/\/previntegral.com\/es\/wp-json\/wp\/v2\/product"}],"about":[{"href":"https:\/\/previntegral.com\/es\/wp-json\/wp\/v2\/types\/product"}],"replies":[{"embeddable":true,"href":"https:\/\/previntegral.com\/es\/wp-json\/wp\/v2\/comments?post=4943"}],"wp:featuredmedia":[{"embeddable":true,"href":"https:\/\/previntegral.com\/es\/wp-json\/wp\/v2\/media\/4945"}],"wp:attachment":[{"href":"https:\/\/previntegral.com\/es\/wp-json\/wp\/v2\/media?parent=4943"}],"wp:term":[{"taxonomy":"product_brand","embeddable":true,"href":"https:\/\/previntegral.com\/es\/wp-json\/wp\/v2\/product_brand?post=4943"},{"taxonomy":"product_cat","embeddable":true,"href":"https:\/\/previntegral.com\/es\/wp-json\/wp\/v2\/product_cat?post=4943"},{"taxonomy":"product_tag","embeddable":true,"href":"https:\/\/previntegral.com\/es\/wp-json\/wp\/v2\/product_tag?post=4943"}],"curies":[{"name":"WordPress","href":"https:\/\/api.w.org\/{rel}","templated":true}]}}