{"id":4946,"date":"2025-12-05T12:37:02","date_gmt":"2025-12-05T12:37:02","guid":{"rendered":"https:\/\/previntegral.com\/producto\/especialitat-en-c-4-operaris-en-treballs-de-soldadura-i-oxitall\/"},"modified":"2026-03-16T18:32:33","modified_gmt":"2026-03-16T18:32:33","slug":"especialitat-en-c-4-operaris-en-treballs-de-soldadura-i-oxitall","status":"publish","type":"product","link":"https:\/\/previntegral.com\/es\/producto\/especialitat-en-c-4-operaris-en-treballs-de-soldadura-i-oxitall\/","title":{"rendered":"Especializaci\u00f3n en C.4: Operarios de soldadura y oxicorte"},"content":{"rendered":"<p>El curs C.4 \u2013 Operaris en treballs de <strong>soldadura i oxitall<\/strong> \u00e9s la formaci\u00f3 espec\u00edfica en <strong>PRL<\/strong> requerido por <strong>Acuerdo sobre metales<\/strong> per a aquest ofici. Amb una durada de <strong>Ocho horas<\/strong> en <strong>Modo presencial<\/strong>, complementa el m\u00f2dul troncal C1 (20 h) i permet acreditar l\u2019especialitat d\u2019ofici corresponent. Treballem la identificaci\u00f3 i control de riscos propis de la soldadura i el tall oxicombustible: <strong>radiacions UV<\/strong> i arcs el\u00e8ctrics, <strong>fums met\u00e0l\u00b7lics<\/strong>, projeccions, incendis\/explosions, aix\u00ed como la gesti\u00f3 segura de <strong>cilindres de gas<\/strong>, m\u00e0negues i reguladors, verificacions pr\u00e8vies, prova d\u2019estanquitat i <strong>ventilaci\u00f3\/aspiraci\u00f3 local<\/strong>. Es reforcen els <strong>Procedimientos de trabajo seguros<\/strong> y el <strong>perm\u00eds de treball en calent<\/strong>, la senyalitzaci\u00f3 i l\u2019ordre i neteja, amb \u00fas correcte d\u2019<strong>\u00cdndice de protecci\u00f3n equivalente<\/strong> (pantalles, roba ign\u00edfuga, protecci\u00f3 respirat\u00f2ria, guants). Inclou pr\u00e0ctiques operatives amb equips de soldadura (MMA, MIG\/MAG, TIG) i d\u2019<strong>oxitall<\/strong>. Previntegral \u00e9s centre homologat FLC n\u00fam. 0505080031. Formaci\u00f3 v\u00e0lida segons conveni i renovable cada 4 anys mitjan\u00e7ant reciclatge de 4 h.<\/p>","protected":false},"excerpt":{"rendered":"<p>El curs C.4 \u2013 Operaris en treballs de soldadura i oxitall \u00e9s la formaci\u00f3 espec\u00edfica en PRL exigida pel Conveni del Metall per a aquest ofici. Amb una durada de 8 hores en modalitat presencial, complementa el m\u00f2dul troncal C1 (20 h) i permet acreditar l\u2019especialitat d\u2019ofici corresponent. Treballem la identificaci\u00f3 i control de riscos [&hellip;]<\/p>\n","protected":false},"featured_media":4948,"comment_status":"open","ping_status":"closed","template":"","meta":{"_acf_changed":false},"product_brand":[],"product_cat":[41],"product_tag":[],"class_list":{"0":"post-4946","1":"product","2":"type-product","3":"status-publish","4":"has-post-thumbnail","6":"product_cat-metall","8":"first","9":"instock","10":"virtual","11":"taxable","12":"purchasable","13":"product-type-curso"},"acf":[],"precio_regular_curso":177.87,"precio_bonificado_curso":187.55,"_links":{"self":[{"href":"https:\/\/previntegral.com\/es\/wp-json\/wp\/v2\/product\/4946","targetHints":{"allow":["GET"]}}],"collection":[{"href":"https:\/\/previntegral.com\/es\/wp-json\/wp\/v2\/product"}],"about":[{"href":"https:\/\/previntegral.com\/es\/wp-json\/wp\/v2\/types\/product"}],"replies":[{"embeddable":true,"href":"https:\/\/previntegral.com\/es\/wp-json\/wp\/v2\/comments?post=4946"}],"wp:featuredmedia":[{"embeddable":true,"href":"https:\/\/previntegral.com\/es\/wp-json\/wp\/v2\/media\/4948"}],"wp:attachment":[{"href":"https:\/\/previntegral.com\/es\/wp-json\/wp\/v2\/media?parent=4946"}],"wp:term":[{"taxonomy":"product_brand","embeddable":true,"href":"https:\/\/previntegral.com\/es\/wp-json\/wp\/v2\/product_brand?post=4946"},{"taxonomy":"product_cat","embeddable":true,"href":"https:\/\/previntegral.com\/es\/wp-json\/wp\/v2\/product_cat?post=4946"},{"taxonomy":"product_tag","embeddable":true,"href":"https:\/\/previntegral.com\/es\/wp-json\/wp\/v2\/product_tag?post=4946"}],"curies":[{"name":"WordPress","href":"https:\/\/api.w.org\/{rel}","templated":true}]}}