{"id":4952,"date":"2025-12-05T12:37:45","date_gmt":"2025-12-05T12:37:45","guid":{"rendered":"https:\/\/previntegral.com\/producto\/especialitat-en-c-10-treballs-de-fusteria-metal%c2%b7lica\/"},"modified":"2026-03-16T18:32:33","modified_gmt":"2026-03-16T18:32:33","slug":"especialitat-en-c-10-treballs-de-fusteria-metal%c2%b7lica","status":"publish","type":"product","link":"https:\/\/previntegral.com\/es\/producto\/especialitat-en-c-10-treballs-de-fusteria-metal%c2%b7lica\/","title":{"rendered":"Especializaci\u00f3n en C.10: Trabajos de carpinter\u00eda met\u00e1lica"},"content":{"rendered":"<p>El curs C.10 &#8211; Treballs de fusteria met\u00e0l\u00b7lica \u00e9s una formaci\u00f3 de <strong>Ocho horas<\/strong>, 100% <strong>presencial<\/strong>, adre\u00e7ada a persones de producci\u00f3 i manteniment del Conveni del Metall que fabriquen, munten i reparen portes, finestres, tancaments i estructures lleugeres. Com a <strong>M\u00f3dulo profesional espec\u00edfico<\/strong>, complementa el C1 de 20 h i s\u2019alinea amb l\u2019obligatorietat del conveni i el seu reciclatge de 4 h cada 4 anys. S\u2019hi treballen els riscos i les mesures preventives en operacions de tall, conformaci\u00f3 i mecanitzat (cisalles, plegadores, serra de cinta, trepant de columna, mola\/radial); <strong>soldadura i talls t\u00e8rmics<\/strong> (fums met\u00e0l\u00b7lics, radiaci\u00f3, incendis); manipulaci\u00f3 de xapes i perfils (ergonomia i c\u00e0rregues), soroll i vibracions, i treballs en al\u00e7ada durant el muntatge. S\u2019incideix en la <strong>seguretat de m\u00e0quines<\/strong>, procediments <strong>Bloqueo\/Etiquetado<\/strong> (bloqueig i etiquetatge), \u00fas correcte d\u2019<strong>\u00cdndice de protecci\u00f3n equivalente<\/strong> i proteccions col\u00b7lectives, <strong>se\u00f1alizaci\u00f3n<\/strong>, gesti\u00f3n de <strong>productos qu\u00edmicos<\/strong> i <strong>fitxes de dades de seguretat<\/strong>, aix\u00ed com emerg\u00e8ncies i primers auxilis b\u00e0sics. La metodologia combina explicacions pr\u00e0ctiques i casos reals per consolidar <strong>competencias<\/strong> i h\u00e0bits de treball segur.<\/p>","protected":false},"excerpt":{"rendered":"<p>El curs C.10 &#8211; Treballs de fusteria met\u00e0l\u00b7lica \u00e9s una formaci\u00f3 de 8 hores, 100% presencial, adre\u00e7ada a persones de producci\u00f3 i manteniment del Conveni del Metall que fabriquen, munten i reparen portes, finestres, tancaments i estructures lleugeres. Com a m\u00f2dul espec\u00edfic d\u2019ofici, complementa el C1 de 20 h i s\u2019alinea amb l\u2019obligatorietat del conveni [&hellip;]<\/p>\n","protected":false},"featured_media":4954,"comment_status":"open","ping_status":"closed","template":"","meta":{"_acf_changed":false},"product_brand":[],"product_cat":[41],"product_tag":[],"class_list":{"0":"post-4952","1":"product","2":"type-product","3":"status-publish","4":"has-post-thumbnail","6":"product_cat-metall","8":"first","9":"instock","10":"virtual","11":"taxable","12":"purchasable","13":"product-type-curso"},"acf":[],"precio_regular_curso":177.87,"precio_bonificado_curso":187.55,"_links":{"self":[{"href":"https:\/\/previntegral.com\/es\/wp-json\/wp\/v2\/product\/4952","targetHints":{"allow":["GET"]}}],"collection":[{"href":"https:\/\/previntegral.com\/es\/wp-json\/wp\/v2\/product"}],"about":[{"href":"https:\/\/previntegral.com\/es\/wp-json\/wp\/v2\/types\/product"}],"replies":[{"embeddable":true,"href":"https:\/\/previntegral.com\/es\/wp-json\/wp\/v2\/comments?post=4952"}],"wp:featuredmedia":[{"embeddable":true,"href":"https:\/\/previntegral.com\/es\/wp-json\/wp\/v2\/media\/4954"}],"wp:attachment":[{"href":"https:\/\/previntegral.com\/es\/wp-json\/wp\/v2\/media?parent=4952"}],"wp:term":[{"taxonomy":"product_brand","embeddable":true,"href":"https:\/\/previntegral.com\/es\/wp-json\/wp\/v2\/product_brand?post=4952"},{"taxonomy":"product_cat","embeddable":true,"href":"https:\/\/previntegral.com\/es\/wp-json\/wp\/v2\/product_cat?post=4952"},{"taxonomy":"product_tag","embeddable":true,"href":"https:\/\/previntegral.com\/es\/wp-json\/wp\/v2\/product_tag?post=4952"}],"curies":[{"name":"WordPress","href":"https:\/\/api.w.org\/{rel}","templated":true}]}}