{"id":4955,"date":"2025-12-05T12:38:21","date_gmt":"2025-12-05T12:38:21","guid":{"rendered":"https:\/\/previntegral.com\/producto\/especialitat-en-c-11-operaris-en-treballs-de-joieria\/"},"modified":"2026-03-16T18:32:33","modified_gmt":"2026-03-16T18:32:33","slug":"especializados-en-c-11-operarios-en-joyeria","status":"publish","type":"product","link":"https:\/\/previntegral.com\/es\/producto\/especialitat-en-c-11-operaris-en-treballs-de-joieria\/","title":{"rendered":"Especializaci\u00f3n en C.11: Operarios en joyer\u00eda"},"content":{"rendered":"<p>C.11 \u2013 Los trabajadores del sector de la joyer\u00eda son un <strong>especialidad comercial<\/strong> de <strong>Acuerdo sobre metales<\/strong> orientado a tareas de producci\u00f3n y mantenimiento en talleres y f\u00e1bricas de joyer\u00eda. En <strong>Ocho horas<\/strong> formaci\u00f3n <strong>presencial<\/strong>, los alumnos identifican y gestionan el <strong>riesgos espec\u00edficos<\/strong> de este entorno: cortes y atrapamientos en pulidoras y micromotores, vapores de <strong>soldadura\/micromoldeo<\/strong>, exposici\u00f3n a <strong>ba\u00f1os galv\u00e1nicos<\/strong> y agentes qu\u00edmicos, polvo met\u00e1lico y de piedras preciosas, ruido y problemas de\u2019<strong>ergonom\u00eda<\/strong> debido a movimientos finos y repetitivos. Se abordan las medidas preventivas colectivas (aspiraci\u00f3n localizada, cabinas de pulido, se\u00f1alizaci\u00f3n) y el uso adecuado de\u2019<strong>\u00cdndice de protecci\u00f3n equivalente<\/strong> (gafas protectoras, guantes, mascarilla P3, protecci\u00f3n auditiva), as\u00ed como los procedimientos de seguridad para el manejo de hornos, sopladores y equipos de grabado. La formaci\u00f3n incluye actuar delante de <strong>Emergencias<\/strong>, interpretaci\u00f3n de las fichas de datos de seguridad (FDS) y gesti\u00f3n de residuos. Este m\u00f3dulo complementa al m\u00f3dulo b\u00e1sico. <strong>C1 20 h<\/strong> y es necesario obtener el 100% para las especialidades profesionales requeridas. De conformidad con el acuerdo, es necesario. <strong>reciclaje<\/strong> cada 4 a\u00f1os (4 h) para mantener la titulaci\u00f3n.<\/p>","protected":false},"excerpt":{"rendered":"<p>El C.11 \u2013 Operaris en treballs de joieria \u00e9s una especialitat d\u2019ofici del Conveni del Metall orientada a les tasques de producci\u00f3 i manteniment en tallers i f\u00e0briques de joieria. En 8 hores de formaci\u00f3 presencial, l\u2019alumnat identifica i gestiona els riscos espec\u00edfics d\u2019aquest entorn: tall i atrapaments en polidores i micromotors, fums de soldadura\/microfusi\u00f3, [&hellip;]<\/p>\n","protected":false},"featured_media":4957,"comment_status":"open","ping_status":"closed","template":"","meta":{"_acf_changed":false},"product_brand":[],"product_cat":[41],"product_tag":[],"class_list":{"0":"post-4955","1":"product","2":"type-product","3":"status-publish","4":"has-post-thumbnail","6":"product_cat-metall","8":"first","9":"instock","10":"virtual","11":"taxable","12":"purchasable","13":"product-type-curso"},"acf":[],"precio_regular_curso":177.87,"precio_bonificado_curso":187.55,"_links":{"self":[{"href":"https:\/\/previntegral.com\/es\/wp-json\/wp\/v2\/product\/4955","targetHints":{"allow":["GET"]}}],"collection":[{"href":"https:\/\/previntegral.com\/es\/wp-json\/wp\/v2\/product"}],"about":[{"href":"https:\/\/previntegral.com\/es\/wp-json\/wp\/v2\/types\/product"}],"replies":[{"embeddable":true,"href":"https:\/\/previntegral.com\/es\/wp-json\/wp\/v2\/comments?post=4955"}],"wp:featuredmedia":[{"embeddable":true,"href":"https:\/\/previntegral.com\/es\/wp-json\/wp\/v2\/media\/4957"}],"wp:attachment":[{"href":"https:\/\/previntegral.com\/es\/wp-json\/wp\/v2\/media?parent=4955"}],"wp:term":[{"taxonomy":"product_brand","embeddable":true,"href":"https:\/\/previntegral.com\/es\/wp-json\/wp\/v2\/product_brand?post=4955"},{"taxonomy":"product_cat","embeddable":true,"href":"https:\/\/previntegral.com\/es\/wp-json\/wp\/v2\/product_cat?post=4955"},{"taxonomy":"product_tag","embeddable":true,"href":"https:\/\/previntegral.com\/es\/wp-json\/wp\/v2\/product_tag?post=4955"}],"curies":[{"name":"WordPress","href":"https:\/\/api.w.org\/{rel}","templated":true}]}}