{"id":4958,"date":"2025-12-05T12:39:03","date_gmt":"2025-12-05T12:39:03","guid":{"rendered":"https:\/\/previntegral.com\/producto\/especialitat-en-c-14-treballs-dinstal%c2%b7lacio-manteniment-i-reparacio-dequips-informatics-automatismes-i-programacio-ordinadors-i-periferics-o-dispositius-auxiliars-equips-i-tecnologies-d\/"},"modified":"2026-03-16T18:32:33","modified_gmt":"2026-03-16T18:32:33","slug":"especializacion-en-c14-instalacion-mantenimiento-y-reparacion-de-equipos-informaticos-automatizacion-y-programacion-de-ordenadores-y-perifericos-o-dispositivos-auxiliares-equipos-y-tecnologias","status":"publish","type":"product","link":"https:\/\/previntegral.com\/es\/producto\/especialitat-en-c-14-treballs-dinstal%c2%b7lacio-manteniment-i-reparacio-dequips-informatics-automatismes-i-programacio-ordinadors-i-periferics-o-dispositius-auxiliars-equips-i-tecnologies-d\/","title":{"rendered":"Especializaci\u00f3n en C.14 \u2013 Instalaci\u00f3n, mantenimiento y reparaci\u00f3n de equipos inform\u00e1ticos, automatizaci\u00f3n y programaci\u00f3n, ordenadores y perif\u00e9ricos o dispositivos auxiliares; equipos y tecnolog\u00edas de telecomunicaciones e informaci\u00f3n; redes de informaci\u00f3n y datos (TIC)."},"content":{"rendered":"<p>El curso de especializaci\u00f3n <strong>C.14<\/strong> La Metal Convention ofrece, en <strong>8 horas de clases presenciales<\/strong>, la formaci\u00f3n preventiva espec\u00edfica para las obras de\u2019<strong>Instalaci\u00f3n, mantenimiento y reparaci\u00f3n<\/strong> de equipos inform\u00e1ticos, automatizaci\u00f3n y programaci\u00f3n, ordenadores y perif\u00e9ricos, tecnolog\u00edas de las telecomunicaciones y <strong>Redes de TIC<\/strong>. Se abordan los riesgos inherentes a estos entornos: sistemas el\u00e9ctricos de baja tensi\u00f3n y de corriente d\u00e9bil., <strong>Descarga electrost\u00e1tica<\/strong> (electricidad est\u00e1tica), manipulaci\u00f3n de <strong>fibra \u00f3ptica<\/strong> y el cableado, los trabajos en racks y salas t\u00e9cnicas, el uso de herramientas, la ergonom\u00eda y <strong>Deposici\u00f3n f\u00edsica en fase de vapor<\/strong>, Se aplica el mismo nivel de limpieza y orden, as\u00ed como la gesti\u00f3n de emergencias. Se aplican medidas preventivas, como el uso de EPI y medidas de protecci\u00f3n colectiva., <strong>Bloqueo\/Etiquetado<\/strong>, permisos de trabajo, se\u00f1alizaci\u00f3n y buenas pr\u00e1cticas de montaje, verificaci\u00f3n y puesta en marcha sin interrumpir las operaciones. El curso se integra como un <strong>especialidad comercial<\/strong> y complementa el m\u00f3dulo b\u00e1sico C1 (20 horas), con <strong>Reciclaje cada 4 a\u00f1os<\/strong> (4 horas) seg\u00fan lo acordado. Metodolog\u00eda pr\u00e1ctica con casos reales y una evaluaci\u00f3n final. Previntegral es un centro acreditado por la FLC, n.\u00ba 0505080031.<\/p>","protected":false},"excerpt":{"rendered":"<p>El curs d\u2019especialitat C.14 del Conveni del Metall ofereix, en 8 hores presencials, la formaci\u00f3 preventiva espec\u00edfica per a treballs d\u2019instal\u00b7laci\u00f3, manteniment i reparaci\u00f3 d\u2019equips inform\u00e0tics, automatismes i programaci\u00f3, ordinadors i perif\u00e8rics, tecnologies de telecomunicacions i xarxes TIC. S\u2019aborden els riscos propis d\u2019aquests entorns: el\u00e8ctrics de baixa tensi\u00f3 i corrents febles, ESD (electricitat est\u00e0tica), manipulaci\u00f3 [&hellip;]<\/p>\n","protected":false},"featured_media":4960,"comment_status":"open","ping_status":"closed","template":"","meta":{"_acf_changed":false},"product_brand":[],"product_cat":[41],"product_tag":[],"class_list":{"0":"post-4958","1":"product","2":"type-product","3":"status-publish","4":"has-post-thumbnail","6":"product_cat-metall","8":"first","9":"instock","10":"virtual","11":"taxable","12":"purchasable","13":"product-type-curso"},"acf":[],"precio_regular_curso":177.87,"precio_bonificado_curso":187.55,"_links":{"self":[{"href":"https:\/\/previntegral.com\/es\/wp-json\/wp\/v2\/product\/4958","targetHints":{"allow":["GET"]}}],"collection":[{"href":"https:\/\/previntegral.com\/es\/wp-json\/wp\/v2\/product"}],"about":[{"href":"https:\/\/previntegral.com\/es\/wp-json\/wp\/v2\/types\/product"}],"replies":[{"embeddable":true,"href":"https:\/\/previntegral.com\/es\/wp-json\/wp\/v2\/comments?post=4958"}],"wp:featuredmedia":[{"embeddable":true,"href":"https:\/\/previntegral.com\/es\/wp-json\/wp\/v2\/media\/4960"}],"wp:attachment":[{"href":"https:\/\/previntegral.com\/es\/wp-json\/wp\/v2\/media?parent=4958"}],"wp:term":[{"taxonomy":"product_brand","embeddable":true,"href":"https:\/\/previntegral.com\/es\/wp-json\/wp\/v2\/product_brand?post=4958"},{"taxonomy":"product_cat","embeddable":true,"href":"https:\/\/previntegral.com\/es\/wp-json\/wp\/v2\/product_cat?post=4958"},{"taxonomy":"product_tag","embeddable":true,"href":"https:\/\/previntegral.com\/es\/wp-json\/wp\/v2\/product_tag?post=4958"}],"curies":[{"name":"WordPress","href":"https:\/\/api.w.org\/{rel}","templated":true}]}}