{"id":4961,"date":"2025-12-05T12:39:39","date_gmt":"2025-12-05T12:39:39","guid":{"rendered":"https:\/\/previntegral.com\/producto\/especialitat-en-c-16-treballs-de-lampisteria-instal%c2%b7lacions-de-calefaccio-climatitzacio-instal%c2%b7lacions-daigua-calenta-sanitaria-i-instal%c2%b7lacions-solars-termiques\/"},"modified":"2026-03-16T18:32:33","modified_gmt":"2026-03-16T18:32:33","slug":"especialitat-en-c-16-treballs-de-lampisteria-instal%c2%b7lacions-de-calefaccio-climatitzacio-instal%c2%b7lacions-daigua-calenta-sanitaria-i-instal%c2%b7lacions-solars-termiques","status":"publish","type":"product","link":"https:\/\/previntegral.com\/es\/producto\/especialitat-en-c-16-treballs-de-lampisteria-instal%c2%b7lacions-de-calefaccio-climatitzacio-instal%c2%b7lacions-daigua-calenta-sanitaria-i-instal%c2%b7lacions-solars-termiques\/","title":{"rendered":"Especializaci\u00f3n en C.16: Trabajos de fontaner\u00eda, instalaciones de calefacci\u00f3n y aire acondicionado, instalaciones de agua caliente sanitaria e instalaciones solares t\u00e9rmicas."},"content":{"rendered":"<p>El curs C.16 ofereix formaci\u00f3 espec\u00edfica en <strong>prevenci\u00f3n de riesgos laborales<\/strong> per a treballs de lampisteria, instal\u00b7lacions de calefacci\u00f3-climatitzaci\u00f3, <strong>Sociedad Qu\u00edmica Americana<\/strong> i solars t\u00e8rmiques, d\u2019acord amb el <strong>Acuerdo sobre metales<\/strong>. Tiene una duraci\u00f3n de <strong>Ocho horas<\/strong>, en modalidad <strong>presencial<\/strong> (no s\u2019ofereix online), i complementa el m\u00f2dul troncal <strong>C1 (20 h)<\/strong> per ajudar a assolir el 100% d\u2019<strong>Especialidades artesanales<\/strong> exigides des de 2021. Treballarem la identificaci\u00f3 de riscos (el\u00e8ctrics, mec\u00e0nics i de <strong>pressi\u00f3<\/strong>, cremades per fluids calents, agents qu\u00edmics com refrigerants), aix\u00ed como les mesures preventives: \u00fas d\u2019<strong>\u00cdndice de protecci\u00f3n equivalente<\/strong>, <strong>Bloqueo\/Etiquetado<\/strong>, treballs en al\u00e7ada amb l\u00ednies de vida, manipulaci\u00f3 segura d\u2019eines, soldadura\/brasatge, ancoratge de captadors, proteccions col\u00b7lectives, ordre i neteja, senyalitzaci\u00f3, emerg\u00e8ncies i primers auxilis. Inclou procediments segurs de posada en marxa, purgues, proves d\u2019estanque\u00eftat i control del risc de <strong>Legionella<\/strong>, a m\u00e9s de coordinaci\u00f3 d\u2019activitats empresarials i documentaci\u00f3. Dirigit a personal de producci\u00f3 i manteniment, combina explicacions pr\u00e0ctiques amb casos reals. Certificaci\u00f3 emesa per Previntegral, centre homologat FLC n\u00fam. 0505080031. Recordatori: reciclatge obligatori de 4 h cada 4 anys.<\/p>","protected":false},"excerpt":{"rendered":"<p>El curs C.16 ofereix formaci\u00f3 espec\u00edfica en prevenci\u00f3 de riscos laborals per a treballs de lampisteria, instal\u00b7lacions de calefacci\u00f3-climatitzaci\u00f3, ACS i solars t\u00e8rmiques, d\u2019acord amb el Conveni del Metall. T\u00e9 una durada de 8 hores, en modalitat presencial (no s\u2019ofereix online), i complementa el m\u00f2dul troncal C1 (20 h) per ajudar a assolir el 100% [&hellip;]<\/p>\n","protected":false},"featured_media":4963,"comment_status":"open","ping_status":"closed","template":"","meta":{"_acf_changed":false},"product_brand":[],"product_cat":[41],"product_tag":[],"class_list":{"0":"post-4961","1":"product","2":"type-product","3":"status-publish","4":"has-post-thumbnail","6":"product_cat-metall","8":"first","9":"instock","10":"virtual","11":"taxable","12":"purchasable","13":"product-type-curso"},"acf":[],"precio_regular_curso":177.87,"precio_bonificado_curso":187.55,"_links":{"self":[{"href":"https:\/\/previntegral.com\/es\/wp-json\/wp\/v2\/product\/4961","targetHints":{"allow":["GET"]}}],"collection":[{"href":"https:\/\/previntegral.com\/es\/wp-json\/wp\/v2\/product"}],"about":[{"href":"https:\/\/previntegral.com\/es\/wp-json\/wp\/v2\/types\/product"}],"replies":[{"embeddable":true,"href":"https:\/\/previntegral.com\/es\/wp-json\/wp\/v2\/comments?post=4961"}],"wp:featuredmedia":[{"embeddable":true,"href":"https:\/\/previntegral.com\/es\/wp-json\/wp\/v2\/media\/4963"}],"wp:attachment":[{"href":"https:\/\/previntegral.com\/es\/wp-json\/wp\/v2\/media?parent=4961"}],"wp:term":[{"taxonomy":"product_brand","embeddable":true,"href":"https:\/\/previntegral.com\/es\/wp-json\/wp\/v2\/product_brand?post=4961"},{"taxonomy":"product_cat","embeddable":true,"href":"https:\/\/previntegral.com\/es\/wp-json\/wp\/v2\/product_cat?post=4961"},{"taxonomy":"product_tag","embeddable":true,"href":"https:\/\/previntegral.com\/es\/wp-json\/wp\/v2\/product_tag?post=4961"}],"curies":[{"name":"WordPress","href":"https:\/\/api.w.org\/{rel}","templated":true}]}}