{"id":4967,"date":"2025-12-05T12:40:16","date_gmt":"2025-12-05T12:40:16","guid":{"rendered":"https:\/\/previntegral.com\/producto\/especialitat-en-c-15-instal%c2%b7ladors-i-reparadors-de-linies-i-equips-electrics\/"},"modified":"2026-03-16T18:32:33","modified_gmt":"2026-03-16T18:32:33","slug":"especialitat-en-c-15-instal%c2%b7ladors-i-reparadors-de-linies-i-equips-electrics","status":"publish","type":"product","link":"https:\/\/previntegral.com\/es\/producto\/especialitat-en-c-15-instal%c2%b7ladors-i-reparadors-de-linies-i-equips-electrics\/","title":{"rendered":"Especialidad en C.15: instaladores y reparadores de l\u00edneas y equipos el\u00e9ctricos"},"content":{"rendered":"<p>El curs C.15 \u2013 instal\u00b7ladors i reparadors de l\u00ednies i equips el\u00e8ctrics aporta la formaci\u00f3 espec\u00edfica d\u2019ofici del <strong>Acuerdo sobre metales<\/strong> per a personal de producci\u00f3 i manteniment. T\u00e9 una durada de <strong>Ocho horas<\/strong>, en modalitat 100% <strong>presencial<\/strong>, i complementa la formaci\u00f3 troncal (C1 <strong>8 de la tarde<\/strong>) requerida pel conveni. S\u2019hi treballa la identificaci\u00f3 de riscos en muntatge, manteniment i reparaci\u00f3 de l\u00ednies a\u00e8ries i subterr\u00e0nies, equips i quadres, incloent contacte directe\/indirecte i <strong>arc el\u00e8ctric<\/strong>. Es practiquen procediments de <strong>Bloqueo y etiquetado (LOTO)<\/strong>, <strong>verificaci\u00f3 d\u2019abs\u00e8ncia de tensi\u00f3<\/strong>, posada a terra, senyalitzaci\u00f3 i balisament, treballs en proximitat i en al\u00e7ada, i \u00fas segur d\u2019equips de mesura. Tamb\u00e9 s\u2019aborda la selecci\u00f3 i \u00fas d\u2019<strong>EPI diel\u00e8ctrics<\/strong>, la gesti\u00f3 de <strong>perm\u00eds de treball<\/strong> i la resposta davant emerg\u00e8ncies i primers auxilis per electrocuci\u00f3. Metodologia eminentment pr\u00e0ctica amb casos reals i simulacions adaptades al lloc de treball. Formaci\u00f3 alineada amb el Conveni del Metall, amb recordatori de <strong>reciclaje<\/strong> cada 4 anys (4 h). Previntegral \u00e9s centre homologat per la FLC (n\u00fam. 0505080031).<\/p>","protected":false},"excerpt":{"rendered":"<p>El curs C.15 \u2013 instal\u00b7ladors i reparadors de l\u00ednies i equips el\u00e8ctrics aporta la formaci\u00f3 espec\u00edfica d\u2019ofici del Conveni del Metall per a personal de producci\u00f3 i manteniment. T\u00e9 una durada de 8 hores, en modalitat 100% presencial, i complementa la formaci\u00f3 troncal (C1 20 h) requerida pel conveni. S\u2019hi treballa la identificaci\u00f3 de riscos [&hellip;]<\/p>\n","protected":false},"featured_media":4969,"comment_status":"open","ping_status":"closed","template":"","meta":{"_acf_changed":false},"product_brand":[],"product_cat":[41],"product_tag":[],"class_list":{"0":"post-4967","1":"product","2":"type-product","3":"status-publish","4":"has-post-thumbnail","6":"product_cat-metall","8":"first","9":"instock","10":"virtual","11":"taxable","12":"purchasable","13":"product-type-curso"},"acf":[],"precio_regular_curso":177.87,"precio_bonificado_curso":187.55,"_links":{"self":[{"href":"https:\/\/previntegral.com\/es\/wp-json\/wp\/v2\/product\/4967","targetHints":{"allow":["GET"]}}],"collection":[{"href":"https:\/\/previntegral.com\/es\/wp-json\/wp\/v2\/product"}],"about":[{"href":"https:\/\/previntegral.com\/es\/wp-json\/wp\/v2\/types\/product"}],"replies":[{"embeddable":true,"href":"https:\/\/previntegral.com\/es\/wp-json\/wp\/v2\/comments?post=4967"}],"wp:featuredmedia":[{"embeddable":true,"href":"https:\/\/previntegral.com\/es\/wp-json\/wp\/v2\/media\/4969"}],"wp:attachment":[{"href":"https:\/\/previntegral.com\/es\/wp-json\/wp\/v2\/media?parent=4967"}],"wp:term":[{"taxonomy":"product_brand","embeddable":true,"href":"https:\/\/previntegral.com\/es\/wp-json\/wp\/v2\/product_brand?post=4967"},{"taxonomy":"product_cat","embeddable":true,"href":"https:\/\/previntegral.com\/es\/wp-json\/wp\/v2\/product_cat?post=4967"},{"taxonomy":"product_tag","embeddable":true,"href":"https:\/\/previntegral.com\/es\/wp-json\/wp\/v2\/product_tag?post=4967"}],"curies":[{"name":"WordPress","href":"https:\/\/api.w.org\/{rel}","templated":true}]}}