{"id":4970,"date":"2025-12-05T12:40:54","date_gmt":"2025-12-05T12:40:54","guid":{"rendered":"https:\/\/previntegral.com\/producto\/especialitat-en-c-19-treballs-de-muntatge-destructures-tubulars\/"},"modified":"2026-03-16T18:32:33","modified_gmt":"2026-03-16T18:32:33","slug":"especializados-en-trabajos-de-desmontaje-destructivo-de-estructuras-tubulares-de-alrededor-de-1900","status":"publish","type":"product","link":"https:\/\/previntegral.com\/es\/producto\/especialitat-en-c-19-treballs-de-muntatge-destructures-tubulars\/","title":{"rendered":"Especialidad C.19: Montaje de estructuras tubulares"},"content":{"rendered":"<p>El curso C.19 \u2014Montaje de estructuras tubulares\u2014 es un programa de formaci\u00f3n. <strong>100% en persona<\/strong> de <strong>Ocho horas<\/strong> dirigido al personal de producci\u00f3n y mantenimiento de la <strong>Acuerdo sobre metales<\/strong> que monta y desmonta andamios, pasarelas y soportes temporales. Trabajaremos en el <strong>Planificaci\u00f3n del montaje<\/strong>, lectura b\u00e1sica de planos, criterios de\u2019<strong>estabilidad y anclaje<\/strong>, control de cargas, uso seguro de herramientas y gesti\u00f3n de riesgos <strong>ca\u00edda desde una altura<\/strong> con EPI (arn\u00e9s, cuerdas de seguridad, puntos de anclaje). El refuerzo de la <strong>inspecciones<\/strong> antes de la puesta en servicio, el <strong>se\u00f1alizaci\u00f3n<\/strong> y la se\u00f1alizaci\u00f3n, as\u00ed como los riesgos para <strong>Contacto el\u00e9ctrico<\/strong>, enredos, meteorolog\u00eda y manipulaci\u00f3n de la carga, incluidos los procedimientos de\u2019<strong>Emergencias y rescate<\/strong>. Esta especializaci\u00f3n profesional complementa el m\u00f3dulo b\u00e1sico. <strong>C1 20 h<\/strong> y forma parte del requisito actual de contar con personal formado en <strong>100% de las especialidades<\/strong> desde 2021; el reciclaje es <strong>4 horas cada 4 a\u00f1os<\/strong>. Previntegral es un centro acreditado por la <strong>Comisionado Federal de Tierras<\/strong> (n.\u00ba 0505080031), garantizando una formaci\u00f3n pr\u00e1ctica que se ajuste a la normativa y que sea aplicable desde el primer d\u00eda en la sala.<\/p>","protected":false},"excerpt":{"rendered":"<p>El curs C.19 \u2013 Treballs de muntatge d\u2019estructures tubulars \u00e9s una formaci\u00f3 100% presencial de 8 hores adre\u00e7ada a personal de producci\u00f3 i manteniment del Conveni del Metall que munta i desmunta bastides, passarel\u00b7les i suports temporals. Treballarem la planificaci\u00f3 del muntatge, lectura b\u00e0sica de pl\u00e0nols, criteris d\u2019estabilitat i ancoratge, control de c\u00e0rregues, \u00fas segur [&hellip;]<\/p>\n","protected":false},"featured_media":4972,"comment_status":"open","ping_status":"closed","template":"","meta":{"_acf_changed":false},"product_brand":[],"product_cat":[41],"product_tag":[],"class_list":{"0":"post-4970","1":"product","2":"type-product","3":"status-publish","4":"has-post-thumbnail","6":"product_cat-metall","8":"first","9":"instock","10":"virtual","11":"taxable","12":"purchasable","13":"product-type-curso"},"acf":[],"precio_regular_curso":177.87,"precio_bonificado_curso":187.55,"_links":{"self":[{"href":"https:\/\/previntegral.com\/es\/wp-json\/wp\/v2\/product\/4970","targetHints":{"allow":["GET"]}}],"collection":[{"href":"https:\/\/previntegral.com\/es\/wp-json\/wp\/v2\/product"}],"about":[{"href":"https:\/\/previntegral.com\/es\/wp-json\/wp\/v2\/types\/product"}],"replies":[{"embeddable":true,"href":"https:\/\/previntegral.com\/es\/wp-json\/wp\/v2\/comments?post=4970"}],"wp:featuredmedia":[{"embeddable":true,"href":"https:\/\/previntegral.com\/es\/wp-json\/wp\/v2\/media\/4972"}],"wp:attachment":[{"href":"https:\/\/previntegral.com\/es\/wp-json\/wp\/v2\/media?parent=4970"}],"wp:term":[{"taxonomy":"product_brand","embeddable":true,"href":"https:\/\/previntegral.com\/es\/wp-json\/wp\/v2\/product_brand?post=4970"},{"taxonomy":"product_cat","embeddable":true,"href":"https:\/\/previntegral.com\/es\/wp-json\/wp\/v2\/product_cat?post=4970"},{"taxonomy":"product_tag","embeddable":true,"href":"https:\/\/previntegral.com\/es\/wp-json\/wp\/v2\/product_tag?post=4970"}],"curies":[{"name":"WordPress","href":"https:\/\/api.w.org\/{rel}","templated":true}]}}