{"id":4973,"date":"2025-12-05T12:40:59","date_gmt":"2025-12-05T12:40:59","guid":{"rendered":"https:\/\/previntegral.com\/producto\/especialitat-en-c-18-treballs-daillament-i-impermeabilitzacio\/"},"modified":"2026-03-16T18:32:33","modified_gmt":"2026-03-16T18:32:33","slug":"especialitat-en-c-18-treballs-daillament-i-impermeabilitzacio","status":"publish","type":"product","link":"https:\/\/previntegral.com\/es\/producto\/especialitat-en-c-18-treballs-daillament-i-impermeabilitzacio\/","title":{"rendered":"Especialidad en C.18: Trabajos de aislamiento e impermeabilizaci\u00f3n"},"content":{"rendered":"<p>Aquest curs d\u2019especialitat C.18 de Treballs d\u2019a\u00efllament i impermeabilitzaci\u00f3, de 8 hores i en <strong>Modo presencial<\/strong>, est\u00e0 dissenyat per al personal de producci\u00f3 i manteniment que opera en l\u2019\u00e0mbit del Conveni del Metall. Serveix de complement al m\u00f2dul troncal C1 (20 h) i ajuda a complir l\u2019exig\u00e8ncia vigent des de 2021 de disposar del 100% d\u2019especialitats d\u2019ofici (C1 20 h + 8 h per especialitat). S\u2019aborden els riscos espec\u00edfics del treball sobre cobertes i fa\u00e7anes: treballs en al\u00e7ada, <strong>treballs en calent<\/strong> amb membranes bituminoses, exposici\u00f3 a <strong>agentes qu\u00edmicos<\/strong> (adhesius, dissolvents, poliuretans), talls i cremades, i <strong>Manipulaci\u00f3n de cargas<\/strong>. Es reforcen les mesures preventives: <strong>\u00cdndice de protecci\u00f3n equivalente<\/strong>, sistemes anticaiguda, ancoratges, l\u00ednies de vida, permisos de treball, ventilaci\u00f3, <strong>protecci\u00f3 contra incendis<\/strong> i gesti\u00f3 ambiental de residus. La metodologia \u00e9s pr\u00e0ctica, amb demostracions, an\u00e0lisi de casos i procediments d\u2019emerg\u00e8ncia i primers auxilis. En finalitzar, s\u2019emet acreditaci\u00f3 conforme al <strong>Acuerdo sobre metales<\/strong>. Previntegral \u00e9s centre homologat FLC n\u00fam. 0505080031. Reciclatge obligatori de 4 h cada 4 anys.<\/p>","protected":false},"excerpt":{"rendered":"<p>Aquest curs d\u2019especialitat C.18 de Treballs d\u2019a\u00efllament i impermeabilitzaci\u00f3, de 8 hores i en modalitat presencial, est\u00e0 dissenyat per al personal de producci\u00f3 i manteniment que opera en l\u2019\u00e0mbit del Conveni del Metall. Serveix de complement al m\u00f2dul troncal C1 (20 h) i ajuda a complir l\u2019exig\u00e8ncia vigent des de 2021 de disposar del 100% [&hellip;]<\/p>\n","protected":false},"featured_media":4975,"comment_status":"open","ping_status":"closed","template":"","meta":{"_acf_changed":false},"product_brand":[],"product_cat":[41],"product_tag":[],"class_list":{"0":"post-4973","1":"product","2":"type-product","3":"status-publish","4":"has-post-thumbnail","6":"product_cat-metall","8":"first","9":"instock","10":"virtual","11":"taxable","12":"purchasable","13":"product-type-curso"},"acf":[],"precio_regular_curso":177.87,"precio_bonificado_curso":187.55,"_links":{"self":[{"href":"https:\/\/previntegral.com\/es\/wp-json\/wp\/v2\/product\/4973","targetHints":{"allow":["GET"]}}],"collection":[{"href":"https:\/\/previntegral.com\/es\/wp-json\/wp\/v2\/product"}],"about":[{"href":"https:\/\/previntegral.com\/es\/wp-json\/wp\/v2\/types\/product"}],"replies":[{"embeddable":true,"href":"https:\/\/previntegral.com\/es\/wp-json\/wp\/v2\/comments?post=4973"}],"wp:featuredmedia":[{"embeddable":true,"href":"https:\/\/previntegral.com\/es\/wp-json\/wp\/v2\/media\/4975"}],"wp:attachment":[{"href":"https:\/\/previntegral.com\/es\/wp-json\/wp\/v2\/media?parent=4973"}],"wp:term":[{"taxonomy":"product_brand","embeddable":true,"href":"https:\/\/previntegral.com\/es\/wp-json\/wp\/v2\/product_brand?post=4973"},{"taxonomy":"product_cat","embeddable":true,"href":"https:\/\/previntegral.com\/es\/wp-json\/wp\/v2\/product_cat?post=4973"},{"taxonomy":"product_tag","embeddable":true,"href":"https:\/\/previntegral.com\/es\/wp-json\/wp\/v2\/product_tag?post=4973"}],"curies":[{"name":"WordPress","href":"https:\/\/api.w.org\/{rel}","templated":true}]}}