{"id":4976,"date":"2025-12-05T12:41:30","date_gmt":"2025-12-05T12:41:30","guid":{"rendered":"https:\/\/previntegral.com\/producto\/especialitat-en-c-20-treballs-de-construccio-i-manteniment-de-vies-ferries\/"},"modified":"2026-03-16T18:32:33","modified_gmt":"2026-03-16T18:32:33","slug":"especialitat-en-c-20-treballs-de-construccio-i-manteniment-de-vies-ferries","status":"publish","type":"product","link":"https:\/\/previntegral.com\/es\/producto\/especialitat-en-c-20-treballs-de-construccio-i-manteniment-de-vies-ferries\/","title":{"rendered":"Especializaci\u00f3n en C.20: Construcci\u00f3n y mantenimiento de v\u00edas f\u00e9rreas"},"content":{"rendered":"<p>El curs C.20 \u2013 Treballs de construcci\u00f3 i manteniment de vies f\u00e8rries ofereix una formaci\u00f3 <strong>presencial (8 h)<\/strong> orientada a identificar i controlar els <strong>riesgos espec\u00edficos<\/strong> del treball en via. Alineat amb el <strong>Acuerdo sobre metales<\/strong>, aquest m\u00f2dul d\u2019<strong>especialidad comercial<\/strong> complementa el C1 de 20 h i \u00e9s necessari per complir l\u2019exig\u00e8ncia de tenir el 100% de les especialitats. S\u2019hi aborden la <strong>planificaci\u00f3 i permisos de treball<\/strong>, el <strong>Coordinaci\u00f3n de actividades<\/strong>, el <strong>balisament i la protecci\u00f3 de la via<\/strong>, la gesti\u00f3 de la circulaci\u00f3 i zones de seguretat, aix\u00ed com els riscos derivats de <strong>maquin\u00e0ria ferrovi\u00e0ria<\/strong>, eines de tall i soldadura, <strong>vibraciones<\/strong>, <strong>soroll<\/strong> i pols de balast. Es treballa el <strong>Riesgo el\u00e9ctrico<\/strong> per proximitat a instal\u00b7lacions ferrovi\u00e0ries (caten\u00e0ria), procediments de <strong>consignaci\u00f3 i bloqueig<\/strong>, uso de\u2019<strong>\u00cdndice de protecci\u00f3n equivalente<\/strong> i proteccions col\u00b7lectives, i protocols d\u2019<strong>emergencia<\/strong>. Metodologia pr\u00e0ctica amb casos i demostracions. Formaci\u00f3 impartida per Previntegral, <strong>Centro acreditado por la FLC con el n\u00famero 0505080031<\/strong>. Inclou criteris de <strong>reciclaje<\/strong> (4 h cada 4 anys).<\/p>","protected":false},"excerpt":{"rendered":"<p>El curs C.20 \u2013 Treballs de construcci\u00f3 i manteniment de vies f\u00e8rries ofereix una formaci\u00f3 presencial (8 h) orientada a identificar i controlar els riscos espec\u00edfics del treball en via. Alineat amb el Conveni del Metall, aquest m\u00f2dul d\u2019especialitat d\u2019ofici complementa el C1 de 20 h i \u00e9s necessari per complir l\u2019exig\u00e8ncia de tenir el [&hellip;]<\/p>\n","protected":false},"featured_media":4978,"comment_status":"open","ping_status":"closed","template":"","meta":{"_acf_changed":false},"product_brand":[],"product_cat":[41],"product_tag":[],"class_list":{"0":"post-4976","1":"product","2":"type-product","3":"status-publish","4":"has-post-thumbnail","6":"product_cat-metall","8":"first","9":"instock","10":"virtual","11":"taxable","12":"purchasable","13":"product-type-curso"},"acf":[],"precio_regular_curso":177.87,"precio_bonificado_curso":187.55,"_links":{"self":[{"href":"https:\/\/previntegral.com\/es\/wp-json\/wp\/v2\/product\/4976","targetHints":{"allow":["GET"]}}],"collection":[{"href":"https:\/\/previntegral.com\/es\/wp-json\/wp\/v2\/product"}],"about":[{"href":"https:\/\/previntegral.com\/es\/wp-json\/wp\/v2\/types\/product"}],"replies":[{"embeddable":true,"href":"https:\/\/previntegral.com\/es\/wp-json\/wp\/v2\/comments?post=4976"}],"wp:featuredmedia":[{"embeddable":true,"href":"https:\/\/previntegral.com\/es\/wp-json\/wp\/v2\/media\/4978"}],"wp:attachment":[{"href":"https:\/\/previntegral.com\/es\/wp-json\/wp\/v2\/media?parent=4976"}],"wp:term":[{"taxonomy":"product_brand","embeddable":true,"href":"https:\/\/previntegral.com\/es\/wp-json\/wp\/v2\/product_brand?post=4976"},{"taxonomy":"product_cat","embeddable":true,"href":"https:\/\/previntegral.com\/es\/wp-json\/wp\/v2\/product_cat?post=4976"},{"taxonomy":"product_tag","embeddable":true,"href":"https:\/\/previntegral.com\/es\/wp-json\/wp\/v2\/product_tag?post=4976"}],"curies":[{"name":"WordPress","href":"https:\/\/api.w.org\/{rel}","templated":true}]}}