{"id":4980,"date":"2025-12-05T12:42:13","date_gmt":"2025-12-05T12:42:13","guid":{"rendered":"https:\/\/previntegral.com\/producto\/especialitat-en-c-21-treballs-d-instal%c2%b7lacions-manteniment-i-reparacio-dinfraestructures-de-telecomunicacions-tic-i-digitalitzacio\/"},"modified":"2026-03-16T18:32:33","modified_gmt":"2026-03-16T18:32:33","slug":"especialitat-en-c-21-treballs-d-instal%c2%b7lacions-manteniment-i-reparacio-dinfraestructures-de-telecomunicacions-tic-i-digitalitzacio","status":"publish","type":"product","link":"https:\/\/previntegral.com\/es\/producto\/especialitat-en-c-21-treballs-d-instal%c2%b7lacions-manteniment-i-reparacio-dinfraestructures-de-telecomunicacions-tic-i-digitalitzacio\/","title":{"rendered":"Especializaci\u00f3n en C.21 \u2013 Instalaci\u00f3n, mantenimiento y reparaci\u00f3n de infraestructuras de telecomunicaciones (TIC y digitalizaci\u00f3n)"},"content":{"rendered":"<p>El curs C.21 aborda, de manera pr\u00e0ctica, els <strong>treballs d\u2019instal\u00b7laci\u00f3, manteniment i reparaci\u00f3 d\u2019infraestructures TIC<\/strong> (xarxes de dades, <strong>fibra \u00f3ptica<\/strong>, equips actius, racks i radioenlla\u00e7os) d\u2019acord amb el <strong>Acuerdo sobre metales<\/strong>. En <strong>Ocho horas<\/strong> y en modo <strong>100% en persona<\/strong>, els participants aprenen a identificar riscos i aplicar <strong>Procedimientos de trabajo seguros<\/strong> en tasques habituals: \u00fas d\u2019<strong>\u00cdndice de protecci\u00f3n equivalente<\/strong>, trabajas en <strong>altura<\/strong> i amb escales, organitzaci\u00f3 de cables i bastidors, risc el\u00e8ctric en BT i <strong>Bloqueo y etiquetado (LOTO)<\/strong>, manipulaci\u00f3 de l\u00e0sers de fusi\u00f3 de fibra, eines manuals i ordenaci\u00f3 del lloc de treball. Es reforcen tamb\u00e9 la <strong>se\u00f1alizaci\u00f3n<\/strong>, els permisos de treball, les mesures d\u2019emerg\u00e8ncia i la coordinaci\u00f3 d\u2019activitats empresarials. Aquesta especialitat de <strong>Las ocho en punto<\/strong> compleix la formaci\u00f3 d\u2019ofici exigida pel conveni i <strong>complemento<\/strong> el m\u00f2dul troncal C1 (20 h), amb <strong>Renovaci\u00f3n cada 4 a\u00f1os<\/strong> (reciclatge de 4 h). Previntegral, <strong>centre homologat per la FLC<\/strong> (n\u00ba 0505080031), garanteix una formaci\u00f3 actualitzada i aplicable des del primer dia al lloc de treball en producci\u00f3 i manteniment.<\/p>","protected":false},"excerpt":{"rendered":"<p>El curs C.21 aborda, de manera pr\u00e0ctica, els treballs d\u2019instal\u00b7laci\u00f3, manteniment i reparaci\u00f3 d\u2019infraestructures TIC (xarxes de dades, fibra \u00f2ptica, equips actius, racks i radioenlla\u00e7os) d\u2019acord amb el Conveni del Metall. En 8 hores i en modalitat 100% presencial, els participants aprenen a identificar riscos i aplicar procediments de treball segur en tasques habituals: \u00fas [&hellip;]<\/p>\n","protected":false},"featured_media":4982,"comment_status":"open","ping_status":"closed","template":"","meta":{"_acf_changed":false},"product_brand":[],"product_cat":[41],"product_tag":[],"class_list":{"0":"post-4980","1":"product","2":"type-product","3":"status-publish","4":"has-post-thumbnail","6":"product_cat-metall","8":"first","9":"instock","10":"virtual","11":"taxable","12":"purchasable","13":"product-type-curso"},"acf":[],"precio_regular_curso":177.87,"precio_bonificado_curso":187.55,"_links":{"self":[{"href":"https:\/\/previntegral.com\/es\/wp-json\/wp\/v2\/product\/4980","targetHints":{"allow":["GET"]}}],"collection":[{"href":"https:\/\/previntegral.com\/es\/wp-json\/wp\/v2\/product"}],"about":[{"href":"https:\/\/previntegral.com\/es\/wp-json\/wp\/v2\/types\/product"}],"replies":[{"embeddable":true,"href":"https:\/\/previntegral.com\/es\/wp-json\/wp\/v2\/comments?post=4980"}],"wp:featuredmedia":[{"embeddable":true,"href":"https:\/\/previntegral.com\/es\/wp-json\/wp\/v2\/media\/4982"}],"wp:attachment":[{"href":"https:\/\/previntegral.com\/es\/wp-json\/wp\/v2\/media?parent=4980"}],"wp:term":[{"taxonomy":"product_brand","embeddable":true,"href":"https:\/\/previntegral.com\/es\/wp-json\/wp\/v2\/product_brand?post=4980"},{"taxonomy":"product_cat","embeddable":true,"href":"https:\/\/previntegral.com\/es\/wp-json\/wp\/v2\/product_cat?post=4980"},{"taxonomy":"product_tag","embeddable":true,"href":"https:\/\/previntegral.com\/es\/wp-json\/wp\/v2\/product_tag?post=4980"}],"curies":[{"name":"WordPress","href":"https:\/\/api.w.org\/{rel}","templated":true}]}}