{"id":4986,"date":"2025-12-05T12:43:42","date_gmt":"2025-12-05T12:43:42","guid":{"rendered":"https:\/\/previntegral.com\/producto\/especialitat-en-c-23-treballs-daltres-tipus-dinstal%c2%b7lacions-com-ara-solars-fotovoltaiques-o-eoliques\/"},"modified":"2026-03-16T18:32:33","modified_gmt":"2026-03-16T18:32:33","slug":"especialitat-en-c-23-treballs-daltres-tipus-dinstal%c2%b7lacions-com-ara-solars-fotovoltaiques-o-eoliques","status":"publish","type":"product","link":"https:\/\/previntegral.com\/es\/producto\/especialitat-en-c-23-treballs-daltres-tipus-dinstal%c2%b7lacions-com-ara-solars-fotovoltaiques-o-eoliques\/","title":{"rendered":"Especializaci\u00f3n en C.23: Trabajos en otros tipos de instalaciones, como parques fotovoltaicos o e\u00f3licos."},"content":{"rendered":"<p>El curs C.23 aborda, de manera pr\u00e0ctica i aplicada, els <strong>riesgos espec\u00edficos<\/strong> dels treballs en <strong>instalaciones solares fotovoltaicas y e\u00f3licas<\/strong>, tant en muntatge com en operaci\u00f3 i manteniment. Dins el marc del <strong>Acuerdo sobre metales<\/strong>, \u00e9s un <strong>m\u00f2dul d\u2019especialitat de 8 hores<\/strong>, impartit en <strong>Modo presencial<\/strong>, que complementa la formaci\u00f3 troncal (C1 20 h) per donar cobertura al requisit de tenir el <strong>100% de especialidades profesionales<\/strong>. Treballarem el <strong>Riesgo el\u00e9ctrico<\/strong> (BT\/MT), <strong>Trabajar en altura<\/strong>, condicions meteorol\u00f2giques adverses, maniobres, \u00fas d\u2019EPI i proteccions col\u00b7lectives, <strong>Bloqueo y etiquetado (LOTO)<\/strong>, permisos de treball, <strong>Coordinaci\u00f3n de actividades empresariales<\/strong>, i protocols d\u2019<strong>emerg\u00e8ncia i rescat b\u00e0sic<\/strong>. La metodologia combina an\u00e0lisi de casos, procediments de treball segur i exercicis d\u2019identificaci\u00f3 de perills i mesures preventives, amb l\u2019objectiu de reduir incidents i millorar la cultura preventiva a peu d\u2019obra. Dirigit a personal de producci\u00f3 i manteniment del sector metal\u00b7l\u00fargic que interv\u00e9 en instal\u00b7lacions d\u2019energies renovables. Previntegral \u00e9s <strong>Centro acreditado por la FLC (0505080031)<\/strong>. Inclou recordatori del <strong>reciclatge obligatori de 4 h cada 4 anys<\/strong>.<\/p>","protected":false},"excerpt":{"rendered":"<p>El curs C.23 aborda, de manera pr\u00e0ctica i aplicada, els riscos espec\u00edfics dels treballs en instal\u00b7lacions solars fotovoltaiques i e\u00f2liques, tant en muntatge com en operaci\u00f3 i manteniment. Dins el marc del Conveni del Metall, \u00e9s un m\u00f2dul d\u2019especialitat de 8 hores, impartit en modalitat presencial, que complementa la formaci\u00f3 troncal (C1 20 h) per [&hellip;]<\/p>\n","protected":false},"featured_media":4988,"comment_status":"open","ping_status":"closed","template":"","meta":{"_acf_changed":false},"product_brand":[],"product_cat":[41],"product_tag":[],"class_list":{"0":"post-4986","1":"product","2":"type-product","3":"status-publish","4":"has-post-thumbnail","6":"product_cat-metall","8":"first","9":"instock","10":"virtual","11":"taxable","12":"purchasable","13":"product-type-curso"},"acf":[],"precio_regular_curso":177.87,"precio_bonificado_curso":187.55,"_links":{"self":[{"href":"https:\/\/previntegral.com\/es\/wp-json\/wp\/v2\/product\/4986","targetHints":{"allow":["GET"]}}],"collection":[{"href":"https:\/\/previntegral.com\/es\/wp-json\/wp\/v2\/product"}],"about":[{"href":"https:\/\/previntegral.com\/es\/wp-json\/wp\/v2\/types\/product"}],"replies":[{"embeddable":true,"href":"https:\/\/previntegral.com\/es\/wp-json\/wp\/v2\/comments?post=4986"}],"wp:featuredmedia":[{"embeddable":true,"href":"https:\/\/previntegral.com\/es\/wp-json\/wp\/v2\/media\/4988"}],"wp:attachment":[{"href":"https:\/\/previntegral.com\/es\/wp-json\/wp\/v2\/media?parent=4986"}],"wp:term":[{"taxonomy":"product_brand","embeddable":true,"href":"https:\/\/previntegral.com\/es\/wp-json\/wp\/v2\/product_brand?post=4986"},{"taxonomy":"product_cat","embeddable":true,"href":"https:\/\/previntegral.com\/es\/wp-json\/wp\/v2\/product_cat?post=4986"},{"taxonomy":"product_tag","embeddable":true,"href":"https:\/\/previntegral.com\/es\/wp-json\/wp\/v2\/product_tag?post=4986"}],"curies":[{"name":"WordPress","href":"https:\/\/api.w.org\/{rel}","templated":true}]}}