{"id":4995,"date":"2025-12-05T12:44:58","date_gmt":"2025-12-05T12:44:58","guid":{"rendered":"https:\/\/previntegral.com\/producto\/especialitat-en-c-26-conductors-transportistes\/"},"modified":"2026-03-16T18:32:33","modified_gmt":"2026-03-16T18:32:33","slug":"especialitat-en-c-26-conductors-transportistes","status":"publish","type":"product","link":"https:\/\/previntegral.com\/es\/producto\/especialitat-en-c-26-conductors-transportistes\/","title":{"rendered":"Especializaci\u00f3n en C.26: Conductores\/Transportistas"},"content":{"rendered":"<p>El curs C.26 &#8211; Conductors\/transportistes ofereix la formaci\u00f3 espec\u00edfica en <strong>prevenci\u00f3n de riesgos laborales<\/strong> per a professionals del sector del metall que realitzen tasques de conducci\u00f3, c\u00e0rrega i transport. Amb una durada de <strong>Ocho horas<\/strong> i <strong>Modo presencial<\/strong>, s\u2019alinea amb el Conveni Col\u00b7lectiu Estatal del Metall i se centra en riscos i mesures preventives en c\u00e0rrega i desc\u00e0rrega, <strong>estiba<\/strong> i immobilitzaci\u00f3 de mercaderies, circulaci\u00f3 interior i en via p\u00fablica, <strong>se\u00f1alizaci\u00f3n<\/strong>, interacci\u00f3 vehicle-persona i \u00fas adequat d\u2019<strong>\u00cdndice de protecci\u00f3n equivalente<\/strong>. Es treballen riscos d\u2019atropellament, caiguda d\u2019objectes i bolcada, aix\u00ed com gesti\u00f3 de la <strong>fatiga<\/strong>, ergonom\u00eda, <strong>tac\u00f2graf<\/strong>, temps de conducci\u00f3 i descans, inspecci\u00f3 pr\u00e8via del vehicle i actuaci\u00f3 en emerg\u00e8ncies. La metodologia combina explicaci\u00f3 t\u00e8cnica, casos i simulacions per consolidar <strong>Procedimientos de trabajo seguros<\/strong>. Aquesta especialitat de 8 h pot completar la formaci\u00f3 <strong>C1 20 h<\/strong> de l\u2019ofici i contribueix a mantenir el 100% d\u2019especialitats exigides des de 2021. Previntegral \u00e9s centre homologat per la <strong>FLC (0505080031)<\/strong>. Inclou recordatori de <strong>reciclatge obligatori cada 4 anys<\/strong>.<\/p>","protected":false},"excerpt":{"rendered":"<p>El curs C.26 &#8211; Conductors\/transportistes ofereix la formaci\u00f3 espec\u00edfica en prevenci\u00f3 de riscos laborals per a professionals del sector del metall que realitzen tasques de conducci\u00f3, c\u00e0rrega i transport. Amb una durada de 8 hores i modalitat presencial, s\u2019alinea amb el Conveni Col\u00b7lectiu Estatal del Metall i se centra en riscos i mesures preventives en [&hellip;]<\/p>\n","protected":false},"featured_media":4997,"comment_status":"open","ping_status":"closed","template":"","meta":{"_acf_changed":false},"product_brand":[],"product_cat":[41],"product_tag":[],"class_list":{"0":"post-4995","1":"product","2":"type-product","3":"status-publish","4":"has-post-thumbnail","6":"product_cat-metall","8":"first","9":"instock","10":"virtual","11":"taxable","12":"purchasable","13":"product-type-curso"},"acf":[],"precio_regular_curso":177.87,"precio_bonificado_curso":187.55,"_links":{"self":[{"href":"https:\/\/previntegral.com\/es\/wp-json\/wp\/v2\/product\/4995","targetHints":{"allow":["GET"]}}],"collection":[{"href":"https:\/\/previntegral.com\/es\/wp-json\/wp\/v2\/product"}],"about":[{"href":"https:\/\/previntegral.com\/es\/wp-json\/wp\/v2\/types\/product"}],"replies":[{"embeddable":true,"href":"https:\/\/previntegral.com\/es\/wp-json\/wp\/v2\/comments?post=4995"}],"wp:featuredmedia":[{"embeddable":true,"href":"https:\/\/previntegral.com\/es\/wp-json\/wp\/v2\/media\/4997"}],"wp:attachment":[{"href":"https:\/\/previntegral.com\/es\/wp-json\/wp\/v2\/media?parent=4995"}],"wp:term":[{"taxonomy":"product_brand","embeddable":true,"href":"https:\/\/previntegral.com\/es\/wp-json\/wp\/v2\/product_brand?post=4995"},{"taxonomy":"product_cat","embeddable":true,"href":"https:\/\/previntegral.com\/es\/wp-json\/wp\/v2\/product_cat?post=4995"},{"taxonomy":"product_tag","embeddable":true,"href":"https:\/\/previntegral.com\/es\/wp-json\/wp\/v2\/product_tag?post=4995"}],"curies":[{"name":"WordPress","href":"https:\/\/api.w.org\/{rel}","templated":true}]}}