{"id":4998,"date":"2025-12-05T12:45:12","date_gmt":"2025-12-05T12:45:12","guid":{"rendered":"https:\/\/previntegral.com\/producto\/especialitat-en-c-27-conductors-de-carretons-elevadors\/"},"modified":"2026-03-16T18:32:33","modified_gmt":"2026-03-16T18:32:33","slug":"especialidad-c27-para-27-conductores-de-carretillas-elevadoras","status":"publish","type":"product","link":"https:\/\/previntegral.com\/es\/producto\/especialitat-en-c-27-conductors-de-carretons-elevadors\/","title":{"rendered":"Especializaci\u00f3n en C.27 \u2013 Conductores de carretillas elevadoras"},"content":{"rendered":"<p>El curso C.27 \u2013 Conductores de carretillas elevadoras es la especialidad profesional de <strong>Ocho horas<\/strong> de <strong>Acuerdo sobre metales<\/strong>, presentado en un formato <strong>presencial<\/strong> y est\u00e1 dirigido al personal de producci\u00f3n y mantenimiento que maneja carretillas elevadoras frontales, carretillas retr\u00e1ctiles y transpaletas. El objetivo es garantizar una <strong>PRL<\/strong> espec\u00edfico y aplicable al lugar de trabajo, con informaci\u00f3n sobre estabilidad y centro de gravedad, tablas de carga, comprobaciones previas a la puesta en marcha, circulaci\u00f3n y <strong>se\u00f1alizaci\u00f3n<\/strong>, maniobras seguras en pasillos, rampas y muelles, gesti\u00f3n de la bater\u00eda y el combustible, interacci\u00f3n con los peatones, estiba\/apilado y <strong>Procedimientos de emergencia<\/strong>. Incluye sesiones pr\u00e1cticas guiadas con maniobras reales y el uso adecuado de\u2019<strong>\u00cdndice de protecci\u00f3n equivalente<\/strong>. Esta formaci\u00f3n complementa el m\u00f3dulo b\u00e1sico C1 (20 h) y cuenta como <strong>Especialidad C.27<\/strong>, ayudando a las empresas a cumplir con los requisitos de especialidades 100% desde 2021. Al finalizar, los alumnos reciben un certificado de aprovechamiento tras superar una evaluaci\u00f3n te\u00f3rico-pr\u00e1ctica. Previntegral, centro acreditado por la FLC (n.\u00ba 0505080031), imparte esta especialidad de conformidad con el convenio; la renovaci\u00f3n es obligatoria cada cuatro a\u00f1os mediante un curso de actualizaci\u00f3n de cuatro horas.<\/p>","protected":false},"excerpt":{"rendered":"<p>El curs C.27 \u2013 Conductors de carretons elevadors \u00e9s l\u2019especialitat d\u2019ofici de 8 hores del Conveni del Metall, impartida en modalitat presencial i adre\u00e7ada al personal de producci\u00f3 i manteniment que opera carretons frontals, retr\u00e0ctils i transpaletes elevadores. L\u2019objectiu \u00e9s garantir una PRL espec\u00edfica i aplicable al lloc de treball, amb continguts sobre estabilitat i [&hellip;]<\/p>\n","protected":false},"featured_media":5000,"comment_status":"open","ping_status":"closed","template":"","meta":{"_acf_changed":false},"product_brand":[],"product_cat":[41],"product_tag":[],"class_list":{"0":"post-4998","1":"product","2":"type-product","3":"status-publish","4":"has-post-thumbnail","6":"product_cat-metall","8":"first","9":"instock","10":"virtual","11":"taxable","12":"purchasable","13":"product-type-curso"},"acf":[],"precio_regular_curso":278.3,"precio_bonificado_curso":292.82,"_links":{"self":[{"href":"https:\/\/previntegral.com\/es\/wp-json\/wp\/v2\/product\/4998","targetHints":{"allow":["GET"]}}],"collection":[{"href":"https:\/\/previntegral.com\/es\/wp-json\/wp\/v2\/product"}],"about":[{"href":"https:\/\/previntegral.com\/es\/wp-json\/wp\/v2\/types\/product"}],"replies":[{"embeddable":true,"href":"https:\/\/previntegral.com\/es\/wp-json\/wp\/v2\/comments?post=4998"}],"wp:featuredmedia":[{"embeddable":true,"href":"https:\/\/previntegral.com\/es\/wp-json\/wp\/v2\/media\/5000"}],"wp:attachment":[{"href":"https:\/\/previntegral.com\/es\/wp-json\/wp\/v2\/media?parent=4998"}],"wp:term":[{"taxonomy":"product_brand","embeddable":true,"href":"https:\/\/previntegral.com\/es\/wp-json\/wp\/v2\/product_brand?post=4998"},{"taxonomy":"product_cat","embeddable":true,"href":"https:\/\/previntegral.com\/es\/wp-json\/wp\/v2\/product_cat?post=4998"},{"taxonomy":"product_tag","embeddable":true,"href":"https:\/\/previntegral.com\/es\/wp-json\/wp\/v2\/product_tag?post=4998"}],"curies":[{"name":"WordPress","href":"https:\/\/api.w.org\/{rel}","templated":true}]}}