{"id":5001,"date":"2025-12-05T12:45:58","date_gmt":"2025-12-05T12:45:58","guid":{"rendered":"https:\/\/previntegral.com\/producto\/especialitat-en-c-29-operadors-de-plataformes-elevadores\/"},"modified":"2026-03-16T18:32:33","modified_gmt":"2026-03-16T18:32:33","slug":"especialidad-en-c-29-operadores-de-plataformas-elevadoras","status":"publish","type":"product","link":"https:\/\/previntegral.com\/es\/producto\/especialitat-en-c-29-operadors-de-plataformes-elevadores\/","title":{"rendered":"Especialidad C.29: Conductores de plataformas elevadoras"},"content":{"rendered":"<p>El curso C.29 \u2014Operadores de plataformas elevadoras\u2014 est\u00e1 dirigido al personal sujeto al Convenio del Metal que maneja plataformas elevadoras m\u00f3viles de personal (PEMP) en entornos de producci\u00f3n y mantenimiento. Con una duraci\u00f3n de <strong>Ocho horas<\/strong> en <strong>Modo presencial<\/strong>, combina la teor\u00eda y la pr\u00e1ctica para trabajar en <strong>Normativa espec\u00edfica en materia de seguridad y salud en el trabajo<\/strong> de este equipo: identificaci\u00f3n de riesgos (atrapamiento, vuelco, ca\u00eddas, contacto el\u00e9ctrico), selecci\u00f3n de la plataforma elevadora m\u00f3vil adecuada, <strong>Comprobaciones diarias<\/strong>, estabilidad y cargas, conducci\u00f3n y maniobras, se\u00f1alizaci\u00f3n y control del entorno. Incluye el uso correcto de <strong>\u00cdndice de protecci\u00f3n equivalente<\/strong> y los procedimientos de emergencia y <strong>rescate<\/strong>, con ejercicios pr\u00e1cticos sobre puesta en marcha, elevaci\u00f3n, posicionamiento y estacionamiento seguro utilizando plataformas de tijera y de brazo. El contenido se ajusta al Convenio del Sector Metal\u00fargico como m\u00f3dulo profesional de 8 horas y <strong>complemento<\/strong> el m\u00f3dulo b\u00e1sico de 20 horas (C1) cuando sea necesario. La formaci\u00f3n es renovable cada cuatro a\u00f1os (curso de actualizaci\u00f3n de 4 horas). Al finalizarla, el alumno adquiere <strong>competencias<\/strong> para funcionar de forma aut\u00f3noma y segura, reduciendo al m\u00ednimo los incidentes y mejorando la eficiencia.<\/p>","protected":false},"excerpt":{"rendered":"<p>El curs C.29 \u2013 Operadors de plataformes elevadores est\u00e0 orientat al personal del Conveni del Metall que opera plataformes elevadores m\u00f2bils (PEMP) en entorns de producci\u00f3 i manteniment. Amb una durada de 8 hores en modalitat presencial, combina teoria i pr\u00e0ctica per treballar la PRL espec\u00edfica d\u2019aquest equip: identificaci\u00f3 de riscos (atrapaments, bolcada, caiguda, contacte [&hellip;]<\/p>\n","protected":false},"featured_media":5003,"comment_status":"open","ping_status":"closed","template":"","meta":{"_acf_changed":false},"product_brand":[],"product_cat":[41],"product_tag":[],"class_list":{"0":"post-5001","1":"product","2":"type-product","3":"status-publish","4":"has-post-thumbnail","6":"product_cat-metall","8":"first","9":"instock","10":"virtual","11":"taxable","12":"purchasable","13":"product-type-curso"},"acf":[],"precio_regular_curso":278.3,"precio_bonificado_curso":292.82,"_links":{"self":[{"href":"https:\/\/previntegral.com\/es\/wp-json\/wp\/v2\/product\/5001","targetHints":{"allow":["GET"]}}],"collection":[{"href":"https:\/\/previntegral.com\/es\/wp-json\/wp\/v2\/product"}],"about":[{"href":"https:\/\/previntegral.com\/es\/wp-json\/wp\/v2\/types\/product"}],"replies":[{"embeddable":true,"href":"https:\/\/previntegral.com\/es\/wp-json\/wp\/v2\/comments?post=5001"}],"wp:featuredmedia":[{"embeddable":true,"href":"https:\/\/previntegral.com\/es\/wp-json\/wp\/v2\/media\/5003"}],"wp:attachment":[{"href":"https:\/\/previntegral.com\/es\/wp-json\/wp\/v2\/media?parent=5001"}],"wp:term":[{"taxonomy":"product_brand","embeddable":true,"href":"https:\/\/previntegral.com\/es\/wp-json\/wp\/v2\/product_brand?post=5001"},{"taxonomy":"product_cat","embeddable":true,"href":"https:\/\/previntegral.com\/es\/wp-json\/wp\/v2\/product_cat?post=5001"},{"taxonomy":"product_tag","embeddable":true,"href":"https:\/\/previntegral.com\/es\/wp-json\/wp\/v2\/product_tag?post=5001"}],"curies":[{"name":"WordPress","href":"https:\/\/api.w.org\/{rel}","templated":true}]}}