{"id":5004,"date":"2025-12-05T12:46:16","date_gmt":"2025-12-05T12:46:16","guid":{"rendered":"https:\/\/previntegral.com\/producto\/especialitat-en-c-28-operadors-de-pontgrua\/"},"modified":"2026-03-16T18:32:33","modified_gmt":"2026-03-16T18:32:33","slug":"especialitat-en-c-28-operadors-de-pontgrua","status":"publish","type":"product","link":"https:\/\/previntegral.com\/es\/producto\/especialitat-en-c-28-operadors-de-pontgrua\/","title":{"rendered":"Especialidad en C.28: Operadores de gr\u00faa"},"content":{"rendered":"<p>El curs C.28 \u2013 <strong>Operadors de pontgrua<\/strong> capacita el personal de producci\u00f3 i manteniment del sector del metall per operar pontgrues amb seguretat i efic\u00e0cia, d\u2019acord amb el <strong>Acuerdo sobre metales<\/strong> y las normas de <strong>PRL<\/strong> vigent. En modalitat <strong>presencial (8 h)<\/strong> \u2014no disponible en l\u00ednia\u2014, combina coneixement t\u00e8cnic i pr\u00e0ctica: inspeccions abans d\u2019\u00fas, verificaci\u00f3 de limitadors, elecci\u00f3 d\u2019accessoris d\u2019elevaci\u00f3, c\u00e0lcul b\u00e0sic de c\u00e0rregues i centre de gravetat, <strong>eslingatge<\/strong> segur, itineraris i maniobres controlades, <strong>senyalitzaci\u00f3 gestual<\/strong> i comunicaci\u00f3 amb el senyalista. S\u2019hi aborden els riscos espec\u00edfics (caiguda de c\u00e0rrega, xocs, atrapaments, balanceig) i les mesures preventives: zones d\u2019exclusi\u00f3, \u00fas d\u2019<strong>\u00cdndice de protecci\u00f3n equivalente<\/strong>, protocols d\u2019emerg\u00e8ncia i procediments de <strong>Bloqueo\/Etiquetado<\/strong>. Aquesta especialitat d\u2019ofici de 8 h s\u2019integra com a complement del m\u00f2dul troncal <strong>C1 20 h + 8 h<\/strong> exigible des de 2021 per acreditar el 100% de les especialitats. Formaci\u00f3 amb criteris de <strong>reciclaje<\/strong> cada 4 anys (4 h). Previntegral \u00e9s centre homologat FLC n\u00fam. 0505080031.<\/p>","protected":false},"excerpt":{"rendered":"<p>El curs C.28 \u2013 Operadors de pontgrua capacita el personal de producci\u00f3 i manteniment del sector del metall per operar pontgrues amb seguretat i efic\u00e0cia, d\u2019acord amb el Conveni del Metall i la normativa de PRL vigent. En modalitat presencial (8 h) \u2014no disponible en l\u00ednia\u2014, combina coneixement t\u00e8cnic i pr\u00e0ctica: inspeccions abans d\u2019\u00fas, verificaci\u00f3 [&hellip;]<\/p>\n","protected":false},"featured_media":5006,"comment_status":"open","ping_status":"closed","template":"","meta":{"_acf_changed":false},"product_brand":[],"product_cat":[41],"product_tag":[],"class_list":{"0":"post-5004","1":"product","2":"type-product","3":"status-publish","4":"has-post-thumbnail","6":"product_cat-metall","8":"first","9":"instock","10":"virtual","11":"taxable","12":"purchasable","13":"product-type-curso"},"acf":[],"precio_regular_curso":278.3,"precio_bonificado_curso":292.82,"_links":{"self":[{"href":"https:\/\/previntegral.com\/es\/wp-json\/wp\/v2\/product\/5004","targetHints":{"allow":["GET"]}}],"collection":[{"href":"https:\/\/previntegral.com\/es\/wp-json\/wp\/v2\/product"}],"about":[{"href":"https:\/\/previntegral.com\/es\/wp-json\/wp\/v2\/types\/product"}],"replies":[{"embeddable":true,"href":"https:\/\/previntegral.com\/es\/wp-json\/wp\/v2\/comments?post=5004"}],"wp:featuredmedia":[{"embeddable":true,"href":"https:\/\/previntegral.com\/es\/wp-json\/wp\/v2\/media\/5006"}],"wp:attachment":[{"href":"https:\/\/previntegral.com\/es\/wp-json\/wp\/v2\/media?parent=5004"}],"wp:term":[{"taxonomy":"product_brand","embeddable":true,"href":"https:\/\/previntegral.com\/es\/wp-json\/wp\/v2\/product_brand?post=5004"},{"taxonomy":"product_cat","embeddable":true,"href":"https:\/\/previntegral.com\/es\/wp-json\/wp\/v2\/product_cat?post=5004"},{"taxonomy":"product_tag","embeddable":true,"href":"https:\/\/previntegral.com\/es\/wp-json\/wp\/v2\/product_tag?post=5004"}],"curies":[{"name":"WordPress","href":"https:\/\/api.w.org\/{rel}","templated":true}]}}