{"id":5007,"date":"2025-12-05T12:46:56","date_gmt":"2025-12-05T12:46:56","guid":{"rendered":"https:\/\/previntegral.com\/producto\/especialitat-en-c-30-operaris-en-magatzem-i-logistica-i-aprovisionament-en-els-processos-de-fabricacio-incloses-entre-altres-activitats-com-empaquetatge-preparacio-de-productes-repro-cessament\/"},"modified":"2026-03-16T18:32:33","modified_gmt":"2026-03-16T18:32:33","slug":"especialitat-en-c-30-operaris-en-magatzem-i-logistica-i-aprovisionament-en-els-processos-de-fabricacio-incloses-entre-altres-activitats-com-empaquetatge-preparacio-de-productes-repro-cessament","status":"publish","type":"product","link":"https:\/\/previntegral.com\/es\/producto\/especialitat-en-c-30-operaris-en-magatzem-i-logistica-i-aprovisionament-en-els-processos-de-fabricacio-incloses-entre-altres-activitats-com-empaquetatge-preparacio-de-productes-repro-cessament\/","title":{"rendered":"Especializaci\u00f3n en C.30: Operadores de almac\u00e9n y log\u00edstica y aprovisionamiento en procesos de fabricaci\u00f3n (lo que incluye, entre otras actividades, el embalaje, la preparaci\u00f3n de productos, el reprocesamiento, con o sin ayuda de equipos mec\u00e1nicos, y otras tareas relacionadas con el aprovisionamiento y el suministro de materiales y componentes)"},"content":{"rendered":"<p>Aquest m\u00f2dul espec\u00edfic per a operaris de <strong>Almacenamiento y log\u00edstica<\/strong> del sector del <strong>Metal<\/strong> aborda la prevenci\u00f3 en tasques d\u2019aprovisionament dins dels processos de fabricaci\u00f3 (recepci\u00f3, picking, empaquetatge, reprocessament). Amb una durada de <strong>Ocho horas<\/strong>, y <strong>Modo presencial<\/strong>, proporciona criteris i h\u00e0bits segurs per identificar i controlar els riscos propis de l\u2019activitat: <strong>Manipulaci\u00f3n de cargas<\/strong> i ergonomia, estiba i apilament, caigudes al mateix nivell, interacci\u00f3 amb ajudes mec\u00e0niques (transpalets, apiladors), tr\u00e0nsit intern i senyalitzaci\u00f3, \u00fas d\u2019<strong>\u00cdndice de protecci\u00f3n equivalente<\/strong>, productes qu\u00edmics d\u2019\u00fas habitual i actuaci\u00f3 davant emerg\u00e8ncies. El contingut combina recordatoris clau de <strong>PRL<\/strong> i situacions pr\u00e0ctiques de l\u2019entorn real per refor\u00e7ar procediments de treball segur, ordre i neteja, comunicaci\u00f3 amb producci\u00f3 i gesti\u00f3 de residus i embalatge. Aquesta especialitat compleix el Conveni Col\u00b7lectiu Estatal del Metall i complementa el m\u00f2dul troncal <strong>C1 (20 hores)<\/strong>, contribuint a assolir el 100% d\u2019especialitats requerides. Impartit per Previntegral, centre homologat FLC (0505080031). Inclou pautes de <strong>Reciclaje cada 4 a\u00f1os<\/strong> segons conveni.<\/p>","protected":false},"excerpt":{"rendered":"<p>Aquest m\u00f2dul espec\u00edfic per a operaris de magatzem i log\u00edstica del sector del Metall aborda la prevenci\u00f3 en tasques d\u2019aprovisionament dins dels processos de fabricaci\u00f3 (recepci\u00f3, picking, empaquetatge, reprocessament). Amb una durada de 8 hores, i modalitat presencial, proporciona criteris i h\u00e0bits segurs per identificar i controlar els riscos propis de l\u2019activitat: manipulaci\u00f3 de c\u00e0rregues [&hellip;]<\/p>\n","protected":false},"featured_media":5009,"comment_status":"open","ping_status":"closed","template":"","meta":{"_acf_changed":false},"product_brand":[],"product_cat":[41],"product_tag":[],"class_list":{"0":"post-5007","1":"product","2":"type-product","3":"status-publish","4":"has-post-thumbnail","6":"product_cat-metall","8":"first","9":"instock","10":"virtual","11":"taxable","12":"purchasable","13":"product-type-curso"},"acf":[],"precio_regular_curso":177.87,"precio_bonificado_curso":187.55,"_links":{"self":[{"href":"https:\/\/previntegral.com\/es\/wp-json\/wp\/v2\/product\/5007","targetHints":{"allow":["GET"]}}],"collection":[{"href":"https:\/\/previntegral.com\/es\/wp-json\/wp\/v2\/product"}],"about":[{"href":"https:\/\/previntegral.com\/es\/wp-json\/wp\/v2\/types\/product"}],"replies":[{"embeddable":true,"href":"https:\/\/previntegral.com\/es\/wp-json\/wp\/v2\/comments?post=5007"}],"wp:featuredmedia":[{"embeddable":true,"href":"https:\/\/previntegral.com\/es\/wp-json\/wp\/v2\/media\/5009"}],"wp:attachment":[{"href":"https:\/\/previntegral.com\/es\/wp-json\/wp\/v2\/media?parent=5007"}],"wp:term":[{"taxonomy":"product_brand","embeddable":true,"href":"https:\/\/previntegral.com\/es\/wp-json\/wp\/v2\/product_brand?post=5007"},{"taxonomy":"product_cat","embeddable":true,"href":"https:\/\/previntegral.com\/es\/wp-json\/wp\/v2\/product_cat?post=5007"},{"taxonomy":"product_tag","embeddable":true,"href":"https:\/\/previntegral.com\/es\/wp-json\/wp\/v2\/product_tag?post=5007"}],"curies":[{"name":"WordPress","href":"https:\/\/api.w.org\/{rel}","templated":true}]}}