{"id":5010,"date":"2025-12-05T12:47:16","date_gmt":"2025-12-05T12:47:16","guid":{"rendered":"https:\/\/previntegral.com\/producto\/especialitat-en-c-31-conductors-de-grues-mobils-autopropulsades\/"},"modified":"2026-03-16T18:32:33","modified_gmt":"2026-03-16T18:32:33","slug":"especialitat-en-c-31-conductors-de-grues-mobils-autopropulsades","status":"publish","type":"product","link":"https:\/\/previntegral.com\/es\/producto\/especialitat-en-c-31-conductors-de-grues-mobils-autopropulsades\/","title":{"rendered":"Especializaci\u00f3n en C.31: Operadores de gr\u00faas m\u00f3viles autopropulsadas"},"content":{"rendered":"<p>El curs C.31 \u2013 Conductors de grues m\u00f2bils autopropulsades, de <strong>Ocho horas<\/strong> en modal <strong>presencial<\/strong>, proporciona la formaci\u00f3 espec\u00edfica de <strong>prevenci\u00f3n de riesgos laborales<\/strong> que exigeix el Conveni del Metall a les persones que operen o donen suport a operacions amb <strong>grues m\u00f2bils autopropulsades<\/strong> a plantes i tallers. S\u2019hi treballen la normativa aplicable i responsabilitats, l\u2019avaluaci\u00f3 de riscos per operaci\u00f3, l\u2019estabilitat de la m\u00e0quina i el <strong>diagrama de c\u00e0rregues<\/strong>, la selecci\u00f3 i \u00fas d\u2019<strong>Accesorios de elevaci\u00f3n<\/strong> (eslingues, cadenes, ganxos), la <strong>se\u00f1alizaci\u00f3n<\/strong> i comunicaci\u00f3 amb el senyalista, les inspeccions pr\u00e8vies, posada en servei i consignaci\u00f3, l\u2019efecte del vent, treballs prop de l\u00ednies el\u00e8ctriques, <strong>Zonas de exclusi\u00f3n<\/strong> i resposta davant emerg\u00e8ncies. Metodologia te\u00f2rico-pr\u00e0ctica amb casos reals per refor\u00e7ar maniobres segures i bones pr\u00e0ctiques. Aquesta especialitat de 8 h complementa el m\u00f2dul troncal <b>C1 20 h<\/b> i contribueix a disposar del <b>100% de especialidades profesionales<\/b> exigides des de 2021. Previntegral \u00e9s centre homologat FLC n\u00fam. 0505080031. Formaci\u00f3 renovable amb <strong>reciclaje<\/strong> cada 4 anys (4 h).<\/p>","protected":false},"excerpt":{"rendered":"<p>El curs C.31 \u2013 Conductors de grues m\u00f2bils autopropulsades, de 8 hores en modalitat presencial, proporciona la formaci\u00f3 espec\u00edfica de prevenci\u00f3 de riscos laborals que exigeix el Conveni del Metall a les persones que operen o donen suport a operacions amb grues m\u00f2bils autopropulsades a plantes i tallers. S\u2019hi treballen la normativa aplicable i responsabilitats, [&hellip;]<\/p>\n","protected":false},"featured_media":5012,"comment_status":"open","ping_status":"closed","template":"","meta":{"_acf_changed":false},"product_brand":[],"product_cat":[41],"product_tag":[],"class_list":{"0":"post-5010","1":"product","2":"type-product","3":"status-publish","4":"has-post-thumbnail","6":"product_cat-metall","8":"first","9":"instock","10":"virtual","11":"taxable","12":"purchasable","13":"product-type-curso"},"acf":[],"precio_regular_curso":177.87,"precio_bonificado_curso":187.55,"_links":{"self":[{"href":"https:\/\/previntegral.com\/es\/wp-json\/wp\/v2\/product\/5010","targetHints":{"allow":["GET"]}}],"collection":[{"href":"https:\/\/previntegral.com\/es\/wp-json\/wp\/v2\/product"}],"about":[{"href":"https:\/\/previntegral.com\/es\/wp-json\/wp\/v2\/types\/product"}],"replies":[{"embeddable":true,"href":"https:\/\/previntegral.com\/es\/wp-json\/wp\/v2\/comments?post=5010"}],"wp:featuredmedia":[{"embeddable":true,"href":"https:\/\/previntegral.com\/es\/wp-json\/wp\/v2\/media\/5012"}],"wp:attachment":[{"href":"https:\/\/previntegral.com\/es\/wp-json\/wp\/v2\/media?parent=5010"}],"wp:term":[{"taxonomy":"product_brand","embeddable":true,"href":"https:\/\/previntegral.com\/es\/wp-json\/wp\/v2\/product_brand?post=5010"},{"taxonomy":"product_cat","embeddable":true,"href":"https:\/\/previntegral.com\/es\/wp-json\/wp\/v2\/product_cat?post=5010"},{"taxonomy":"product_tag","embeddable":true,"href":"https:\/\/previntegral.com\/es\/wp-json\/wp\/v2\/product_tag?post=5010"}],"curies":[{"name":"WordPress","href":"https:\/\/api.w.org\/{rel}","templated":true}]}}