{"id":5013,"date":"2025-12-05T12:47:54","date_gmt":"2025-12-05T12:47:54","guid":{"rendered":"https:\/\/previntegral.com\/producto\/especialitat-en-c-32-contingut-formatiu-per-a-activitats-que-no-es-trobin-expressament-regulades-en-aquest-conveni\/"},"modified":"2026-03-16T18:32:33","modified_gmt":"2026-03-16T18:32:33","slug":"especialitat-en-c-32-contingut-formatiu-per-a-activitats-que-no-es-trobin-expressament-regulades-en-aquest-conveni","status":"publish","type":"product","link":"https:\/\/previntegral.com\/es\/producto\/especialitat-en-c-32-contingut-formatiu-per-a-activitats-que-no-es-trobin-expressament-regulades-en-aquest-conveni\/","title":{"rendered":"Especialidad en C.32: Contenidos formativos para actividades no reguladas expresamente en el presente convenio."},"content":{"rendered":"<p>El curs C.32 respon a la necessitat d\u2019oferir <strong>formaci\u00f3 espec\u00edfica en PRL<\/strong> per a activitats del sector del <strong>metal<\/strong> que no estan regulades de manera expl\u00edcita al conveni. Amb una durada de <strong>Ocho horas<\/strong> y modo <strong>presencial<\/strong> (no disponible online), dissenyem els continguts a mida a partir d\u2019una <strong>evaluaci\u00f3n de riesgos<\/strong> del lloc i del proc\u00e9s productiu. Treballem la integraci\u00f3 de la prevenci\u00f3 en l\u2019organitzaci\u00f3, la <strong>Identificaci\u00f3n de riesgos<\/strong>, <strong>Procedimientos de trabajo seguros<\/strong>, uso de\u2019<strong>\u00cdndice de protecci\u00f3n equivalente<\/strong>, equips i eines, <strong>ergonom\u00eda<\/strong>, senyalitzaci\u00f3 i actuaci\u00f3 en emerg\u00e8ncies, amb casos pr\u00e0ctics adaptats a tasques com automatitzacions, soldadura aplicada a instal\u00b7lacions de reg o fusteria met\u00e0l\u00b7lica. El curs s\u2019alinea amb el marc del conveni del metall i pot complementar la formaci\u00f3 troncal (C1-20 h) com a <strong>m\u00f2dul d\u2019ofici de 8 h<\/strong> quan correspongui. En finalitzar, s\u2019emet acreditaci\u00f3 v\u00e0lida i recordem la <strong>renovaci\u00f3n<\/strong> cada 4 anys (reciclatge de 4 h). Previntegral \u00e9s centre homologat per la FLC (n\u00fam. 0505080031).<\/p>","protected":false},"excerpt":{"rendered":"<p>El curs C.32 respon a la necessitat d\u2019oferir formaci\u00f3 espec\u00edfica en PRL per a activitats del sector del metall que no estan regulades de manera expl\u00edcita al conveni. Amb una durada de 8 hores i modalitat presencial (no disponible online), dissenyem els continguts a mida a partir d\u2019una avaluaci\u00f3 de riscos del lloc i del [&hellip;]<\/p>\n","protected":false},"featured_media":5015,"comment_status":"open","ping_status":"closed","template":"","meta":{"_acf_changed":false},"product_brand":[],"product_cat":[41],"product_tag":[],"class_list":{"0":"post-5013","1":"product","2":"type-product","3":"status-publish","4":"has-post-thumbnail","6":"product_cat-metall","8":"first","9":"instock","10":"virtual","11":"taxable","12":"purchasable","13":"product-type-curso"},"acf":[],"precio_regular_curso":177.87,"precio_bonificado_curso":187.55,"_links":{"self":[{"href":"https:\/\/previntegral.com\/es\/wp-json\/wp\/v2\/product\/5013","targetHints":{"allow":["GET"]}}],"collection":[{"href":"https:\/\/previntegral.com\/es\/wp-json\/wp\/v2\/product"}],"about":[{"href":"https:\/\/previntegral.com\/es\/wp-json\/wp\/v2\/types\/product"}],"replies":[{"embeddable":true,"href":"https:\/\/previntegral.com\/es\/wp-json\/wp\/v2\/comments?post=5013"}],"wp:featuredmedia":[{"embeddable":true,"href":"https:\/\/previntegral.com\/es\/wp-json\/wp\/v2\/media\/5015"}],"wp:attachment":[{"href":"https:\/\/previntegral.com\/es\/wp-json\/wp\/v2\/media?parent=5013"}],"wp:term":[{"taxonomy":"product_brand","embeddable":true,"href":"https:\/\/previntegral.com\/es\/wp-json\/wp\/v2\/product_brand?post=5013"},{"taxonomy":"product_cat","embeddable":true,"href":"https:\/\/previntegral.com\/es\/wp-json\/wp\/v2\/product_cat?post=5013"},{"taxonomy":"product_tag","embeddable":true,"href":"https:\/\/previntegral.com\/es\/wp-json\/wp\/v2\/product_tag?post=5013"}],"curies":[{"name":"WordPress","href":"https:\/\/api.w.org\/{rel}","templated":true}]}}