{"id":5016,"date":"2025-12-05T12:48:17","date_gmt":"2025-12-05T12:48:17","guid":{"rendered":"https:\/\/previntegral.com\/producto\/reciclatge-en-c-12-treballs-de-mecanica-manteniment-i-reparacio-de-maquines-equips-industrials-i-o-equips-electromecanics-industria-aeroespacial-etc\/"},"modified":"2026-03-16T18:32:33","modified_gmt":"2026-03-16T18:32:33","slug":"reciclatge-en-c-12-treballs-de-mecanica-manteniment-i-reparacio-de-maquines-equips-industrials-i-o-equips-electromecanics-industria-aeroespacial-etc","status":"publish","type":"product","link":"https:\/\/previntegral.com\/es\/producto\/reciclatge-en-c-12-treballs-de-mecanica-manteniment-i-reparacio-de-maquines-equips-industrials-i-o-equips-electromecanics-industria-aeroespacial-etc\/","title":{"rendered":"Reciclatge en C.12 &#8211; Treballs de mec\u00e0nica, manteniment i reparaci\u00f3 de m\u00e0quines, equips industrials i\/o equips electromec\u00e0nics (ind\u00fastria aeroespacial, etc.)"},"content":{"rendered":"<p>El curso <b>C.12<\/b> est\u00e0 dissenyat per al personal que realitza <strong>trabajos de mec\u00e1nica, mantenimiento y reparaci\u00f3n<\/strong> de m\u00e0quines, equips industrials i\/o electromec\u00e0nics (inclosa la ind\u00fastria aeroespacial). Amb una <strong>durada de 4 hores<\/strong> y en <strong>Modo presencial<\/strong> (sense opci\u00f3 online), proporciona el <b>Reciclaje obligatorio<\/b> del Conveni del Metall cada 4 anys, consolidant la <strong>PRL<\/strong> espec\u00edfica d\u2019aquest ofici. S\u2019hi aborden els <b>riscos mec\u00e0nics i el\u00e8ctrics<\/b> (atrapaments, talls, arc el\u00e8ctric), manipulaci\u00f3 de <b>c\u00e0rregues<\/b>, <b>soroll i vibracions<\/b>, agents qu\u00edmics (olis, taladrines) i <b>incendi<\/b>, amb mesures com el <strong>Bloqueo y etiquetado (LOTO)<\/strong>, permisos de treball, <b>se\u00f1alizaci\u00f3n<\/b>, \u00fas segur d\u2019<strong>\u00cdndice de protecci\u00f3n equivalente<\/strong>, verificacions pr\u00e8vies i actuaci\u00f3 en emerg\u00e8ncies. Metodologia pr\u00e0ctica amb casos reals, procediments i <i>listas de verificaci\u00f3n<\/i> per aplicar al lloc de treball. Aquest programa ajuda a complir l\u2019exig\u00e8ncia de tenir el <b>100% de especialidades profesionales<\/b> (complementant la formaci\u00f3 inicial <b>C1 20 h<\/b> i les <b>Las ocho en punto<\/b> d\u2019especialitats) i \u00e9s impartit per Previntegral, centre homologat per la FLC (0505080031). Dirigit a personal de <strong>Producci\u00f3n y mantenimiento<\/strong> d\u2019empreses del sector del metall que necessiten mantenir la seva capacitaci\u00f3 vigent.<\/p>","protected":false},"excerpt":{"rendered":"<p>El curs C.12 est\u00e0 dissenyat per al personal que realitza treballs de mec\u00e0nica, manteniment i reparaci\u00f3 de m\u00e0quines, equips industrials i\/o electromec\u00e0nics (inclosa la ind\u00fastria aeroespacial). Amb una durada de 4 hores i en modalitat presencial (sense opci\u00f3 online), proporciona el reciclatge obligatori del Conveni del Metall cada 4 anys, consolidant la PRL espec\u00edfica d\u2019aquest [&hellip;]<\/p>\n","protected":false},"featured_media":5018,"comment_status":"open","ping_status":"closed","template":"","meta":{"_acf_changed":false},"product_brand":[],"product_cat":[41],"product_tag":[],"class_list":{"0":"post-5016","1":"product","2":"type-product","3":"status-publish","4":"has-post-thumbnail","6":"product_cat-metall","8":"first","9":"instock","10":"virtual","11":"taxable","12":"purchasable","13":"product-type-curso"},"acf":[],"precio_regular_curso":121,"precio_bonificado_curso":127.05,"_links":{"self":[{"href":"https:\/\/previntegral.com\/es\/wp-json\/wp\/v2\/product\/5016","targetHints":{"allow":["GET"]}}],"collection":[{"href":"https:\/\/previntegral.com\/es\/wp-json\/wp\/v2\/product"}],"about":[{"href":"https:\/\/previntegral.com\/es\/wp-json\/wp\/v2\/types\/product"}],"replies":[{"embeddable":true,"href":"https:\/\/previntegral.com\/es\/wp-json\/wp\/v2\/comments?post=5016"}],"wp:featuredmedia":[{"embeddable":true,"href":"https:\/\/previntegral.com\/es\/wp-json\/wp\/v2\/media\/5018"}],"wp:attachment":[{"href":"https:\/\/previntegral.com\/es\/wp-json\/wp\/v2\/media?parent=5016"}],"wp:term":[{"taxonomy":"product_brand","embeddable":true,"href":"https:\/\/previntegral.com\/es\/wp-json\/wp\/v2\/product_brand?post=5016"},{"taxonomy":"product_cat","embeddable":true,"href":"https:\/\/previntegral.com\/es\/wp-json\/wp\/v2\/product_cat?post=5016"},{"taxonomy":"product_tag","embeddable":true,"href":"https:\/\/previntegral.com\/es\/wp-json\/wp\/v2\/product_tag?post=5016"}],"curies":[{"name":"WordPress","href":"https:\/\/api.w.org\/{rel}","templated":true}]}}