{"id":5022,"date":"2025-12-05T12:49:36","date_gmt":"2025-12-05T12:49:36","guid":{"rendered":"https:\/\/previntegral.com\/producto\/reciclatge-en-c-7-operaris-de-maquines-de-mecanitzat-per-deformacio-i-tall-del-metall\/"},"modified":"2026-03-16T18:32:33","modified_gmt":"2026-03-16T18:32:33","slug":"reciclatge-en-c-7-operaris-de-maquines-de-mecanitzat-per-deformacio-i-tall-del-metall","status":"publish","type":"product","link":"https:\/\/previntegral.com\/es\/producto\/reciclatge-en-c-7-operaris-de-maquines-de-mecanitzat-per-deformacio-i-tall-del-metall\/","title":{"rendered":"Reciclatge en C.7 &#8211; Operaris de m\u00e0quines de mecanitzat per deformaci\u00f3 i tall del metall"},"content":{"rendered":"<p>El curs \u201cC.7 &#8211; Operaris de m\u00e0quines de mecanitzat per deformaci\u00f3 i tall del metall\u201d ofereix una actualitzaci\u00f3 espec\u00edfica en <strong>prevenci\u00f3n de riesgos laborales<\/strong> per a personal de producci\u00f3 i manteniment que opera premses, cisalles, plegadores i punxonadores. D\u2019acord amb el Conveni del Metall, \u00e9s el <strong>Reciclaje obligatorio<\/strong> cada 4 anys i es realitza en <strong>modalitat presencial (4 h)<\/strong>, sense opci\u00f3 en l\u00ednia. Treballem els riscos m\u00e9s habituals i les <strong>medidas preventivas<\/strong> associades: proteccions i <strong>dispositivos de seguridad<\/strong> (guardes, barreres, aturada d\u2019emerg\u00e8ncia), <strong>Procedimientos de trabajo seguros<\/strong> en posada en marxa, alimentaci\u00f3 i evacuaci\u00f3 de peces, canvi d\u2019\u00fatils i ajustos, <strong>Bloqueo y etiquetado (LOTO)<\/strong> en neteja i manteniment, \u00fas d\u2019<strong>\u00cdndice de protecci\u00f3n equivalente<\/strong>, control de soroll, vibracions i boires d\u2019oli, ergonomia i ordre i neteja. Inclou casos pr\u00e0ctics, senyalitzaci\u00f3 i actuaci\u00f3 en emerg\u00e8ncies. Pensat per a professionals que ja disposen de la formaci\u00f3 troncal (C1 20 h) i d\u2019ofici, assegura la vig\u00e8ncia de les seves compet\u00e8ncies. Previntegral, <strong>Centro acreditado por la FLC<\/strong> n\u00fam. 0505080031, garanteix una formaci\u00f3 alineada amb els requisits del sector.<\/p>","protected":false},"excerpt":{"rendered":"<p>El curs \u201cC.7 &#8211; Operaris de m\u00e0quines de mecanitzat per deformaci\u00f3 i tall del metall\u201d ofereix una actualitzaci\u00f3 espec\u00edfica en prevenci\u00f3 de riscos laborals per a personal de producci\u00f3 i manteniment que opera premses, cisalles, plegadores i punxonadores. D\u2019acord amb el Conveni del Metall, \u00e9s el reciclatge obligatori cada 4 anys i es realitza en [&hellip;]<\/p>\n","protected":false},"featured_media":5024,"comment_status":"open","ping_status":"closed","template":"","meta":{"_acf_changed":false},"product_brand":[],"product_cat":[41],"product_tag":[],"class_list":{"0":"post-5022","1":"product","2":"type-product","3":"status-publish","4":"has-post-thumbnail","6":"product_cat-metall","8":"first","9":"instock","10":"virtual","11":"taxable","12":"purchasable","13":"product-type-curso"},"acf":[],"precio_regular_curso":121,"precio_bonificado_curso":127.05,"_links":{"self":[{"href":"https:\/\/previntegral.com\/es\/wp-json\/wp\/v2\/product\/5022","targetHints":{"allow":["GET"]}}],"collection":[{"href":"https:\/\/previntegral.com\/es\/wp-json\/wp\/v2\/product"}],"about":[{"href":"https:\/\/previntegral.com\/es\/wp-json\/wp\/v2\/types\/product"}],"replies":[{"embeddable":true,"href":"https:\/\/previntegral.com\/es\/wp-json\/wp\/v2\/comments?post=5022"}],"wp:featuredmedia":[{"embeddable":true,"href":"https:\/\/previntegral.com\/es\/wp-json\/wp\/v2\/media\/5024"}],"wp:attachment":[{"href":"https:\/\/previntegral.com\/es\/wp-json\/wp\/v2\/media?parent=5022"}],"wp:term":[{"taxonomy":"product_brand","embeddable":true,"href":"https:\/\/previntegral.com\/es\/wp-json\/wp\/v2\/product_brand?post=5022"},{"taxonomy":"product_cat","embeddable":true,"href":"https:\/\/previntegral.com\/es\/wp-json\/wp\/v2\/product_cat?post=5022"},{"taxonomy":"product_tag","embeddable":true,"href":"https:\/\/previntegral.com\/es\/wp-json\/wp\/v2\/product_tag?post=5022"}],"curies":[{"name":"WordPress","href":"https:\/\/api.w.org\/{rel}","templated":true}]}}