{"id":5025,"date":"2025-12-05T12:49:53","date_gmt":"2025-12-05T12:49:53","guid":{"rendered":"https:\/\/previntegral.com\/producto\/reciclatge-en-c-13-treballs-en-tallers-de-reparacio-de-vehicles\/"},"modified":"2026-03-16T18:32:33","modified_gmt":"2026-03-16T18:32:33","slug":"reciclaje-en-c-13-trabajos-en-talleres-de-reparacion-de-vehiculos","status":"publish","type":"product","link":"https:\/\/previntegral.com\/es\/producto\/reciclatge-en-c-13-treballs-en-tallers-de-reparacio-de-vehicles\/","title":{"rendered":"Reciclaje en C.13 \u2013 Trabajos en talleres de reparaci\u00f3n de veh\u00edculos"},"content":{"rendered":"<p>El curso C.13 \u2013 Trabajos en talleres de reparaci\u00f3n de veh\u00edculos es una acci\u00f3n formativa de 4 horas, en modalidad <strong>presencial<\/strong>, dise\u00f1ada seg\u00fan el Convenio del Metal para actualizar la <strong>prevenci\u00f3n de riesgos laborales<\/strong> en talleres mec\u00e1nicos, de carrocer\u00eda y pintura, y electromec\u00e1nicos. Dirigido al personal de <strong>Producci\u00f3n y mantenimiento<\/strong>, Revisa los riesgos espec\u00edficos de los talleres: uso seguro de\u2026\u2019<strong>Ascensores<\/strong> equipos de movimiento, <strong>Bloqueo y etiquetado (LOTO)<\/strong>, excavaci\u00f3n de zanjas, manipulaci\u00f3n de <strong>productos qu\u00edmicos<\/strong> (pinturas, disolventes), control de ruido y vibraciones, cargas y ergonom\u00eda, orden y limpieza, y gesti\u00f3n de incendios y emergencias. Incluye novedades en <strong>Veh\u00edculos h\u00edbridos y el\u00e9ctricos<\/strong> (alta tensi\u00f3n), bater\u00edas, atm\u00f3sferas potencialmente explosivas y equipos port\u00e1tiles. Se integra con la formaci\u00f3n inicial (troncal y espec\u00edfica de oficio), cumpliendo la obligatoriedad de <strong>Reciclaje cada 4 a\u00f1os<\/strong>. Metodolog\u00eda participativa con casos reales y buenas pr\u00e1cticas para su aplicaci\u00f3n inmediata en el lugar de trabajo. Previntegral es un centro acreditado por la FLC, con el n.\u00ba 0505080031.<\/p>","protected":false},"excerpt":{"rendered":"<p>El curs C.13 \u2013 Treballs en tallers de reparaci\u00f3 de vehicles \u00e9s una acci\u00f3 formativa de 4 hores, en modalitat presencial, dissenyada segons el Conveni del Metall per actualitzar la prevenci\u00f3 de riscos laborals en tallers mec\u00e0nics, de xapa i pintura i electromec\u00e0nica. Orientat a personal de producci\u00f3 i manteniment, revisa els riscos espec\u00edfics dels [&hellip;]<\/p>\n","protected":false},"featured_media":5027,"comment_status":"open","ping_status":"closed","template":"","meta":{"_acf_changed":false},"product_brand":[],"product_cat":[41],"product_tag":[],"class_list":{"0":"post-5025","1":"product","2":"type-product","3":"status-publish","4":"has-post-thumbnail","6":"product_cat-metall","8":"first","9":"instock","10":"virtual","11":"taxable","12":"purchasable","13":"product-type-curso"},"acf":[],"precio_regular_curso":121,"precio_bonificado_curso":127.05,"_links":{"self":[{"href":"https:\/\/previntegral.com\/es\/wp-json\/wp\/v2\/product\/5025","targetHints":{"allow":["GET"]}}],"collection":[{"href":"https:\/\/previntegral.com\/es\/wp-json\/wp\/v2\/product"}],"about":[{"href":"https:\/\/previntegral.com\/es\/wp-json\/wp\/v2\/types\/product"}],"replies":[{"embeddable":true,"href":"https:\/\/previntegral.com\/es\/wp-json\/wp\/v2\/comments?post=5025"}],"wp:featuredmedia":[{"embeddable":true,"href":"https:\/\/previntegral.com\/es\/wp-json\/wp\/v2\/media\/5027"}],"wp:attachment":[{"href":"https:\/\/previntegral.com\/es\/wp-json\/wp\/v2\/media?parent=5025"}],"wp:term":[{"taxonomy":"product_brand","embeddable":true,"href":"https:\/\/previntegral.com\/es\/wp-json\/wp\/v2\/product_brand?post=5025"},{"taxonomy":"product_cat","embeddable":true,"href":"https:\/\/previntegral.com\/es\/wp-json\/wp\/v2\/product_cat?post=5025"},{"taxonomy":"product_tag","embeddable":true,"href":"https:\/\/previntegral.com\/es\/wp-json\/wp\/v2\/product_tag?post=5025"}],"curies":[{"name":"WordPress","href":"https:\/\/api.w.org\/{rel}","templated":true}]}}