{"id":5031,"date":"2025-12-05T12:50:51","date_gmt":"2025-12-05T12:50:51","guid":{"rendered":"https:\/\/previntegral.com\/producto\/reciclatge-en-c-6-operaris-dinstal%c2%b7lacio-i-manteniment-dequips-contraincendis\/"},"modified":"2026-03-16T18:32:33","modified_gmt":"2026-03-16T18:32:33","slug":"reciclaje-en-c-6-operadores-para-la-instalacion-y-el-mantenimiento-de-equipos-contra-incendios","status":"publish","type":"product","link":"https:\/\/previntegral.com\/es\/producto\/reciclatge-en-c-6-operaris-dinstal%c2%b7lacio-i-manteniment-dequips-contraincendis\/","title":{"rendered":"Reciclaje en C.6. Operadores de instalaci\u00f3n y mantenimiento de equipos contra incendios"},"content":{"rendered":"<p>Este curso de <strong>4 horas<\/strong>, en <strong>Modo presencial<\/strong>, est\u00e1 dise\u00f1ado para los operadores de\u2019<strong>Instalaci\u00f3n y mantenimiento de equipos contra incendios<\/strong> del sector <strong>Metal<\/strong> que necesitan el <strong>Reciclaje obligatorio cada cuatro a\u00f1os<\/strong>. Actualiza tus conocimientos sobre <strong>PRL<\/strong> espec\u00edficas del lugar de trabajo, haciendo hincapi\u00e9 en la intervenci\u00f3n segura en <em>rociadores, BIE, bocas de incendio, bombas, alarmas y redes presurizadas<\/em>. Se refuerzan las medidas preventivas contra los riesgos mec\u00e1nicos y el\u00e9ctricos, y el trabajo en <strong>altura<\/strong>, <strong>Espacios confinados<\/strong>, manipulaci\u00f3n de\u2019<strong>Agentes extintores<\/strong> y productos qu\u00edmicos, as\u00ed como el\u2019<strong>orden y limpieza<\/strong> y el movimiento de cargas. Incluye procedimientos clave como el <strong>Bloqueo y etiquetado (LOTO)<\/strong>, uso adecuado de\u2019<strong>\u00cdndice de protecci\u00f3n equivalente<\/strong>, permisos de trabajo y actuar ante <strong>Emergencias<\/strong>. Esto concuerda con el <strong>Descansa en paz<\/strong> y la normativa vigente en materia de salud y seguridad en el trabajo prevista en el convenio colectivo, a trav\u00e9s de casos pr\u00e1cticos y la resoluci\u00f3n de situaciones reales en el taller y en la obra. Al finalizar, el alumno recibe una acreditaci\u00f3n v\u00e1lida por <em>Ingenier\u00eda asistida por ordenador<\/em> y auditor\u00edas internas, garantizando la seguridad de las operaciones y el cumplimiento de los requisitos del sector.<\/p>","protected":false},"excerpt":{"rendered":"<p>Aquest curs de 4 hores, en modalitat presencial, est\u00e0 dissenyat per a operaris d\u2019instal\u00b7laci\u00f3 i manteniment d\u2019equips contraincendis del sector del Metall que necessiten el reciclatge obligatori cada 4 anys. Actualitza els coneixements de PRL espec\u00edfics del lloc de treball, amb \u00e8mfasi en la intervenci\u00f3 segura sobre sprinklers, BIE, hidrants, bombes, alarmes i xarxes pressuritzades. [&hellip;]<\/p>\n","protected":false},"featured_media":5033,"comment_status":"open","ping_status":"closed","template":"","meta":{"_acf_changed":false},"product_brand":[],"product_cat":[41],"product_tag":[],"class_list":{"0":"post-5031","1":"product","2":"type-product","3":"status-publish","4":"has-post-thumbnail","6":"product_cat-metall","8":"first","9":"instock","10":"virtual","11":"taxable","12":"purchasable","13":"product-type-curso"},"acf":[],"precio_regular_curso":121,"precio_bonificado_curso":127.05,"_links":{"self":[{"href":"https:\/\/previntegral.com\/es\/wp-json\/wp\/v2\/product\/5031","targetHints":{"allow":["GET"]}}],"collection":[{"href":"https:\/\/previntegral.com\/es\/wp-json\/wp\/v2\/product"}],"about":[{"href":"https:\/\/previntegral.com\/es\/wp-json\/wp\/v2\/types\/product"}],"replies":[{"embeddable":true,"href":"https:\/\/previntegral.com\/es\/wp-json\/wp\/v2\/comments?post=5031"}],"wp:featuredmedia":[{"embeddable":true,"href":"https:\/\/previntegral.com\/es\/wp-json\/wp\/v2\/media\/5033"}],"wp:attachment":[{"href":"https:\/\/previntegral.com\/es\/wp-json\/wp\/v2\/media?parent=5031"}],"wp:term":[{"taxonomy":"product_brand","embeddable":true,"href":"https:\/\/previntegral.com\/es\/wp-json\/wp\/v2\/product_brand?post=5031"},{"taxonomy":"product_cat","embeddable":true,"href":"https:\/\/previntegral.com\/es\/wp-json\/wp\/v2\/product_cat?post=5031"},{"taxonomy":"product_tag","embeddable":true,"href":"https:\/\/previntegral.com\/es\/wp-json\/wp\/v2\/product_tag?post=5031"}],"curies":[{"name":"WordPress","href":"https:\/\/api.w.org\/{rel}","templated":true}]}}