{"id":5034,"date":"2025-12-05T12:51:36","date_gmt":"2025-12-05T12:51:36","guid":{"rendered":"https:\/\/previntegral.com\/producto\/reciclatge-en-c-2-cnae-30-1-i-33-15-treballs-de-construccio-reparacio-i-manteniment-naval-en-drassanes-i-molls\/"},"modified":"2026-03-16T18:32:33","modified_gmt":"2026-03-16T18:32:33","slug":"reciclatge-en-c-2-cnae-30-1-i-33-15-treballs-de-construccio-reparacio-i-manteniment-naval-en-drassanes-i-molls","status":"publish","type":"product","link":"https:\/\/previntegral.com\/es\/producto\/reciclatge-en-c-2-cnae-30-1-i-33-15-treballs-de-construccio-reparacio-i-manteniment-naval-en-drassanes-i-molls\/","title":{"rendered":"Reciclatge en C.2 &#8211; CNAE 30.1 i 33.15 &#8211; Treballs de construcci\u00f3, reparaci\u00f3 i manteniment naval en drassanes i molls"},"content":{"rendered":"<p>El curs C.2 \u2013 CNAE 30.1 i 33.15 est\u00e0 dissenyat com a <strong>Reciclaje obligatorio<\/strong> de <strong>4 horas<\/strong> per al personal de producci\u00f3 i manteniment que treballa en construcci\u00f3, reparaci\u00f3 i manteniment naval en drassanes i molls, segons el Conveni del Metall. La <strong>Modo presencial<\/strong> permet repassar de manera pr\u00e0ctica els continguts troncals i espec\u00edfics de l\u2019ofici C.2, amb especial atenci\u00f3 als riscos m\u00e9s cr\u00edtics: treballs a al\u00e7ada i coberta, moviment de c\u00e0rregues, <strong>treballs en calent<\/strong> i soldadura, <strong>Espacios confinados<\/strong> i atmosferes perilloses, agents qu\u00edmics (pintures i tractaments), soroll i vibracions, electricitat i procediments de <strong>Bloqueo\/Etiquetado<\/strong>. Es reforcen permisos de treball, \u00fas d\u2019<strong>\u00cdndice de protecci\u00f3n equivalente<\/strong>, se\u00f1alizaci\u00f3n y <strong>CAE<\/strong>, integrant la prevenci\u00f3 en l\u2019organitzaci\u00f3 di\u00e0ria del vaixell, la cala i el moll. La metodologia combina actualitzaci\u00f3 normativa, casos reals del sector naval i micropr\u00e0ctiques orientades a h\u00e0bits segurs. En finalitzar, l\u2019alumne obt\u00e9 acreditaci\u00f3 conforme al conveni; Previntegral, centre homologat per la FLC (0505080031), garanteix una formaci\u00f3 alineada amb les exig\u00e8ncies vigents i les especialitats d\u2019ofici.<\/p>","protected":false},"excerpt":{"rendered":"<p>El curs C.2 \u2013 CNAE 30.1 i 33.15 est\u00e0 dissenyat com a reciclatge obligatori de 4 hores per al personal de producci\u00f3 i manteniment que treballa en construcci\u00f3, reparaci\u00f3 i manteniment naval en drassanes i molls, segons el Conveni del Metall. La modalitat presencial permet repassar de manera pr\u00e0ctica els continguts troncals i espec\u00edfics de [&hellip;]<\/p>\n","protected":false},"featured_media":5038,"comment_status":"open","ping_status":"closed","template":"","meta":{"_acf_changed":false},"product_brand":[],"product_cat":[41],"product_tag":[],"class_list":{"0":"post-5034","1":"product","2":"type-product","3":"status-publish","4":"has-post-thumbnail","6":"product_cat-metall","8":"first","9":"instock","10":"virtual","11":"taxable","12":"purchasable","13":"product-type-curso"},"acf":[],"precio_regular_curso":121,"precio_bonificado_curso":127.05,"_links":{"self":[{"href":"https:\/\/previntegral.com\/es\/wp-json\/wp\/v2\/product\/5034","targetHints":{"allow":["GET"]}}],"collection":[{"href":"https:\/\/previntegral.com\/es\/wp-json\/wp\/v2\/product"}],"about":[{"href":"https:\/\/previntegral.com\/es\/wp-json\/wp\/v2\/types\/product"}],"replies":[{"embeddable":true,"href":"https:\/\/previntegral.com\/es\/wp-json\/wp\/v2\/comments?post=5034"}],"wp:featuredmedia":[{"embeddable":true,"href":"https:\/\/previntegral.com\/es\/wp-json\/wp\/v2\/media\/5038"}],"wp:attachment":[{"href":"https:\/\/previntegral.com\/es\/wp-json\/wp\/v2\/media?parent=5034"}],"wp:term":[{"taxonomy":"product_brand","embeddable":true,"href":"https:\/\/previntegral.com\/es\/wp-json\/wp\/v2\/product_brand?post=5034"},{"taxonomy":"product_cat","embeddable":true,"href":"https:\/\/previntegral.com\/es\/wp-json\/wp\/v2\/product_cat?post=5034"},{"taxonomy":"product_tag","embeddable":true,"href":"https:\/\/previntegral.com\/es\/wp-json\/wp\/v2\/product_tag?post=5034"}],"curies":[{"name":"WordPress","href":"https:\/\/api.w.org\/{rel}","templated":true}]}}