{"id":5035,"date":"2025-12-05T12:51:37","date_gmt":"2025-12-05T12:51:37","guid":{"rendered":"https:\/\/previntegral.com\/producto\/reciclatge-en-c-1-cnae-24-treballs-de-fabricacio-produccio-i-transformacio-del-ferro-lacer-i-dels-metalls-no-ferris-i-primera-transformacio-fabricacio-de-lacer-fosa-de-metalls-fabricacio\/"},"modified":"2026-03-16T18:32:33","modified_gmt":"2026-03-16T18:32:33","slug":"reciclatge-en-c-1-cnae-24-treballs-de-fabricacio-produccio-i-transformacio-del-ferro-lacer-i-dels-metalls-no-ferris-i-primera-transformacio-fabricacio-de-lacer-fosa-de-metalls-fabricacio","status":"publish","type":"product","link":"https:\/\/previntegral.com\/es\/producto\/reciclatge-en-c-1-cnae-24-treballs-de-fabricacio-produccio-i-transformacio-del-ferro-lacer-i-dels-metalls-no-ferris-i-primera-transformacio-fabricacio-de-lacer-fosa-de-metalls-fabricacio\/","title":{"rendered":"Reciclaje en C.1 \u2013 NACE 24 \u2013 Fabricaci\u00f3n, producci\u00f3n y transformaci\u00f3n de hierro, acero y metales no ferrosos, y transformaci\u00f3n primaria (fabricaci\u00f3n de acero, fundici\u00f3n de metales, fabricaci\u00f3n de moldes, fabricaci\u00f3n de tubos y actividades similares)"},"content":{"rendered":"<p>El curs C.1 \u2013 CNAE 24 \u00e9s una sessi\u00f3 de <strong>Reciclaje obligatorio<\/strong> de <strong>4 horas<\/strong> en modal <strong>presencial<\/strong>, adre\u00e7ada a personal de producci\u00f3 i manteniment que treballa en la fabricaci\u00f3, producci\u00f3 i transformaci\u00f3 del ferro, l\u2019acer i metalls no ferris (fosa, motlleria, fabricaci\u00f3 de tubs i similars). Actualitza coneixements clau de <strong>PRL<\/strong> sobre riscos espec\u00edfics del sector: tall i soldadura, fosa i projeccions, <strong>treballs en calent<\/strong>, soroll i vibracions, pols i fums met\u00e0l\u00b7lics, ponts grua i equips d\u2019elevaci\u00f3, ergonomia i manipulaci\u00f3 de c\u00e0rregues. Es reforcen mesures com <strong>\u00cdndice de protecci\u00f3n equivalente<\/strong>, proteccions col\u00b7lectives, ventilaci\u00f3 i extracci\u00f3, permisos de treball, <strong>Bloqueo\/Etiquetado<\/strong>, senyalitzaci\u00f3, emerg\u00e8ncies i possibles requisits <strong>A prueba de explosiones<\/strong>. Mitjan\u00e7ant casos pr\u00e0ctics i an\u00e0lisi d\u2019incidents, el participant integra la prevenci\u00f3 en la feina di\u00e0ria i en la gesti\u00f3 d\u2019equips. Aquest reciclatge compleix el <strong>Acuerdo sobre metales<\/strong>, que exigeix renovar la formaci\u00f3 cada 4 anys, i s\u2019alinea amb l\u2019obligatorietat (des de 2021) de tenir el personal format en el 100% d\u2019especialitats d\u2019ofici. Previntegral \u00e9s centre homologat per la <strong>Comisionado Federal de Tierras<\/strong> (n.\u00ba 0505080031).<\/p>","protected":false},"excerpt":{"rendered":"<p>El curs C.1 \u2013 CNAE 24 \u00e9s una sessi\u00f3 de reciclatge obligatori de 4 hores en modalitat presencial, adre\u00e7ada a personal de producci\u00f3 i manteniment que treballa en la fabricaci\u00f3, producci\u00f3 i transformaci\u00f3 del ferro, l\u2019acer i metalls no ferris (fosa, motlleria, fabricaci\u00f3 de tubs i similars). Actualitza coneixements clau de PRL sobre riscos espec\u00edfics [&hellip;]<\/p>\n","protected":false},"featured_media":5039,"comment_status":"open","ping_status":"closed","template":"","meta":{"_acf_changed":false},"product_brand":[],"product_cat":[41],"product_tag":[],"class_list":{"0":"post-5035","1":"product","2":"type-product","3":"status-publish","4":"has-post-thumbnail","6":"product_cat-metall","8":"first","9":"instock","10":"virtual","11":"taxable","12":"purchasable","13":"product-type-curso"},"acf":[],"precio_regular_curso":121,"precio_bonificado_curso":127.05,"_links":{"self":[{"href":"https:\/\/previntegral.com\/es\/wp-json\/wp\/v2\/product\/5035","targetHints":{"allow":["GET"]}}],"collection":[{"href":"https:\/\/previntegral.com\/es\/wp-json\/wp\/v2\/product"}],"about":[{"href":"https:\/\/previntegral.com\/es\/wp-json\/wp\/v2\/types\/product"}],"replies":[{"embeddable":true,"href":"https:\/\/previntegral.com\/es\/wp-json\/wp\/v2\/comments?post=5035"}],"wp:featuredmedia":[{"embeddable":true,"href":"https:\/\/previntegral.com\/es\/wp-json\/wp\/v2\/media\/5039"}],"wp:attachment":[{"href":"https:\/\/previntegral.com\/es\/wp-json\/wp\/v2\/media?parent=5035"}],"wp:term":[{"taxonomy":"product_brand","embeddable":true,"href":"https:\/\/previntegral.com\/es\/wp-json\/wp\/v2\/product_brand?post=5035"},{"taxonomy":"product_cat","embeddable":true,"href":"https:\/\/previntegral.com\/es\/wp-json\/wp\/v2\/product_cat?post=5035"},{"taxonomy":"product_tag","embeddable":true,"href":"https:\/\/previntegral.com\/es\/wp-json\/wp\/v2\/product_tag?post=5035"}],"curies":[{"name":"WordPress","href":"https:\/\/api.w.org\/{rel}","templated":true}]}}