{"id":5040,"date":"2025-12-05T12:52:50","date_gmt":"2025-12-05T12:52:50","guid":{"rendered":"https:\/\/previntegral.com\/producto\/reciclatge-en-c-4-operaris-en-treballs-de-soldadura-i-oxitall\/"},"modified":"2026-03-16T18:32:33","modified_gmt":"2026-03-16T18:32:33","slug":"reciclatge-en-c-4-operaris-en-treballs-de-soldadura-i-oxitall","status":"publish","type":"product","link":"https:\/\/previntegral.com\/es\/producto\/reciclatge-en-c-4-operaris-en-treballs-de-soldadura-i-oxitall\/","title":{"rendered":"Reciclatge en C.4 &#8211; Operaris en treballs de soldadura i oxitall"},"content":{"rendered":"<p>El curs C.4 \u2013 Operaris en treballs de <strong>soldadura i oxitall<\/strong> dona compliment al <strong>Acuerdo sobre metales<\/strong> i al requisit de <strong>Reciclaje cada 4 a\u00f1os<\/strong>. En 4 hores <strong>100% presencials<\/strong>, actualitzarem coneixements essencials de <strong>prevenci\u00f3n de riesgos laborales<\/strong> per a tasques de soldadura i tall amb flama: actualitzaci\u00f3 normativa, an\u00e0lisi d\u2019accidents recurrents i riscos espec\u00edfics (fums i gasos, raigs UV\/IR, incendis i explosions, talls i projeccions, espais confinats). Treballem mesures preventives clau: verificaci\u00f3 d\u2019equips i <strong>l\u00ednies de gas<\/strong>, a\u00efllament i purga, ventilaci\u00f3 i captaci\u00f3 de fums, <strong>\u00cdndice de protecci\u00f3n equivalente<\/strong> (pantalles, filtres, guants i roba ign\u00edfuga), senyalitzaci\u00f3 i permisos de treball en calent. S\u2019inclou rep\u00e0s de procediments segurs en <strong>MIG\/MAG, TIG, electrode revestit<\/strong> i <strong>oxitall<\/strong>, aix\u00ed com emerg\u00e8ncies i primers auxilis b\u00e0sics. Metodologia pr\u00e0ctica, amb casos reals i recordatoris operatius per refor\u00e7ar h\u00e0bits segurs. Curs adre\u00e7at a personal de producci\u00f3 i manteniment que realitza aquests treballs, i que vol mantenir vigent la formaci\u00f3 inicial (20 h + 8 h d\u2019especialitat) establerta pel sector. Previntegral \u00e9s centre homologat per la FLC (n\u00fam. 0505080031).<\/p>","protected":false},"excerpt":{"rendered":"<p>El curs C.4 \u2013 Operaris en treballs de soldadura i oxitall dona compliment al Conveni del Metall i al requisit de reciclatge cada 4 anys. En 4 hores 100% presencials, actualitzarem coneixements essencials de prevenci\u00f3 de riscos laborals per a tasques de soldadura i tall amb flama: actualitzaci\u00f3 normativa, an\u00e0lisi d\u2019accidents recurrents i riscos espec\u00edfics [&hellip;]<\/p>\n","protected":false},"featured_media":5042,"comment_status":"open","ping_status":"closed","template":"","meta":{"_acf_changed":false},"product_brand":[],"product_cat":[41],"product_tag":[],"class_list":{"0":"post-5040","1":"product","2":"type-product","3":"status-publish","4":"has-post-thumbnail","6":"product_cat-metall","8":"first","9":"instock","10":"virtual","11":"taxable","12":"purchasable","13":"product-type-curso"},"acf":[],"precio_regular_curso":121,"precio_bonificado_curso":127.05,"_links":{"self":[{"href":"https:\/\/previntegral.com\/es\/wp-json\/wp\/v2\/product\/5040","targetHints":{"allow":["GET"]}}],"collection":[{"href":"https:\/\/previntegral.com\/es\/wp-json\/wp\/v2\/product"}],"about":[{"href":"https:\/\/previntegral.com\/es\/wp-json\/wp\/v2\/types\/product"}],"replies":[{"embeddable":true,"href":"https:\/\/previntegral.com\/es\/wp-json\/wp\/v2\/comments?post=5040"}],"wp:featuredmedia":[{"embeddable":true,"href":"https:\/\/previntegral.com\/es\/wp-json\/wp\/v2\/media\/5042"}],"wp:attachment":[{"href":"https:\/\/previntegral.com\/es\/wp-json\/wp\/v2\/media?parent=5040"}],"wp:term":[{"taxonomy":"product_brand","embeddable":true,"href":"https:\/\/previntegral.com\/es\/wp-json\/wp\/v2\/product_brand?post=5040"},{"taxonomy":"product_cat","embeddable":true,"href":"https:\/\/previntegral.com\/es\/wp-json\/wp\/v2\/product_cat?post=5040"},{"taxonomy":"product_tag","embeddable":true,"href":"https:\/\/previntegral.com\/es\/wp-json\/wp\/v2\/product_tag?post=5040"}],"curies":[{"name":"WordPress","href":"https:\/\/api.w.org\/{rel}","templated":true}]}}