{"id":5043,"date":"2025-12-05T12:53:19","date_gmt":"2025-12-05T12:53:19","guid":{"rendered":"https:\/\/previntegral.com\/producto\/reciclatge-en-c-3-treballs-de-forja\/"},"modified":"2026-03-16T18:32:33","modified_gmt":"2026-03-16T18:32:33","slug":"reciclaje-en-c-3-trabajos-de-forja","status":"publish","type":"product","link":"https:\/\/previntegral.com\/es\/producto\/reciclatge-en-c-3-treballs-de-forja\/","title":{"rendered":"Reciclaje en C.3: Trabajos de forja"},"content":{"rendered":"<p>Curso C.3 \u2013 <strong>Herrer\u00eda<\/strong> es una formaci\u00f3n espec\u00edfica de la <strong>Acuerdo sobre metales<\/strong> dirigido a operadores que trabajan en procesos de conformado en caliente o en fr\u00edo con <strong>martillos, prensas y hornos<\/strong>. En modal <strong>presencial<\/strong> y con una duraci\u00f3n de <strong>4 horas<\/strong> (no disponible en l\u00ednea), actualiza los conocimientos sobre <strong>prevenci\u00f3n de riesgos laborales<\/strong> El reciclaje obligatorio se lleva a cabo cada cuatro a\u00f1os. Se abordan los riesgos m\u00e1s frecuentes: altas temperaturas y quemaduras, <strong>Proyecci\u00f3n de part\u00edculas<\/strong>, enganches e impactos, ruido y vibraciones, ambientes con altas temperaturas, as\u00ed como maniobras con <strong>gr\u00faa puente<\/strong>, cortado y triturado. Medidas preventivas como protecciones y enclavamientos, orden y limpieza, se\u00f1alizaci\u00f3n, uso correcto de\u2019<strong>\u00cdndice de protecci\u00f3n equivalente<\/strong>, procedimientos de <strong>Bloqueo y etiquetado (LOTO)<\/strong>, listas de comprobaci\u00f3n para el mantenimiento y la inspecci\u00f3n seguros, junto con directrices de emergencia (incendios y primeros auxilios). La metodolog\u00eda combina ejemplos de la vida real y demostraciones para facilitar su aplicaci\u00f3n inmediata en el lugar de trabajo. La formaci\u00f3n es impartida por un centro acreditado por la <strong>Comisionado Federal de Tierras<\/strong>.<\/p>","protected":false},"excerpt":{"rendered":"<p>El curs C.3 \u2013 Treballs de forja \u00e9s una formaci\u00f3 espec\u00edfica del Conveni del Metall orientada a operaris que intervenen en processos de conformaci\u00f3 en calent o fred amb martells, premses i forns. En modalitat presencial i amb una durada de 4 hores (no disponible en l\u00ednia), actualitza els coneixements de prevenci\u00f3 de riscos laborals [&hellip;]<\/p>\n","protected":false},"featured_media":5045,"comment_status":"open","ping_status":"closed","template":"","meta":{"_acf_changed":false},"product_brand":[],"product_cat":[41],"product_tag":[],"class_list":{"0":"post-5043","1":"product","2":"type-product","3":"status-publish","4":"has-post-thumbnail","6":"product_cat-metall","8":"first","9":"instock","10":"virtual","11":"taxable","12":"purchasable","13":"product-type-curso"},"acf":[],"precio_regular_curso":121,"precio_bonificado_curso":127.05,"_links":{"self":[{"href":"https:\/\/previntegral.com\/es\/wp-json\/wp\/v2\/product\/5043","targetHints":{"allow":["GET"]}}],"collection":[{"href":"https:\/\/previntegral.com\/es\/wp-json\/wp\/v2\/product"}],"about":[{"href":"https:\/\/previntegral.com\/es\/wp-json\/wp\/v2\/types\/product"}],"replies":[{"embeddable":true,"href":"https:\/\/previntegral.com\/es\/wp-json\/wp\/v2\/comments?post=5043"}],"wp:featuredmedia":[{"embeddable":true,"href":"https:\/\/previntegral.com\/es\/wp-json\/wp\/v2\/media\/5045"}],"wp:attachment":[{"href":"https:\/\/previntegral.com\/es\/wp-json\/wp\/v2\/media?parent=5043"}],"wp:term":[{"taxonomy":"product_brand","embeddable":true,"href":"https:\/\/previntegral.com\/es\/wp-json\/wp\/v2\/product_brand?post=5043"},{"taxonomy":"product_cat","embeddable":true,"href":"https:\/\/previntegral.com\/es\/wp-json\/wp\/v2\/product_cat?post=5043"},{"taxonomy":"product_tag","embeddable":true,"href":"https:\/\/previntegral.com\/es\/wp-json\/wp\/v2\/product_tag?post=5043"}],"curies":[{"name":"WordPress","href":"https:\/\/api.w.org\/{rel}","templated":true}]}}