{"id":5046,"date":"2025-12-05T12:53:26","date_gmt":"2025-12-05T12:53:26","guid":{"rendered":"https:\/\/previntegral.com\/producto\/reciclatge-en-c-8-operaris-en-activitats-de-tractaments-superficials-de-les-peces-de-metall-desgreixatge-neteja-decapatge-recobriment-pintura\/"},"modified":"2026-03-16T18:32:33","modified_gmt":"2026-03-16T18:32:33","slug":"reciclatge-en-c-8-operaris-en-activitats-de-tractaments-superficials-de-les-peces-de-metall-desgreixatge-neteja-decapatge-recobriment-pintura","status":"publish","type":"product","link":"https:\/\/previntegral.com\/es\/producto\/reciclatge-en-c-8-operaris-en-activitats-de-tractaments-superficials-de-les-peces-de-metall-desgreixatge-neteja-decapatge-recobriment-pintura\/","title":{"rendered":"Reciclaje en C.8 \u2013 Operarios en actividades de tratamientos superficiales de las piezas de metal: desengrase, limpieza, decapado, recubrimiento, pintura"},"content":{"rendered":"<p>Formaci\u00f3 espec\u00edfica per a operaris que treballen en <strong>tractaments superficials<\/strong> de peces met\u00e0l\u00b7liques, amb focus en <strong>prevenci\u00f3n de riesgos laborales<\/strong> aplicada a planta. Curs de reciclatge de 4 hores, <strong>100% en persona<\/strong>, de acuerdo con el <em>Convenio colectivo estatal para el sector metal\u00fargico<\/em> i la renovaci\u00f3 obligat\u00f2ria cada 4 anys. Revisarem processos i riscos en <strong>Desengrasado, limpieza, descalcificaci\u00f3n, recubrimiento y pintura.<\/strong>, posant \u00e8mfasi en la identificaci\u00f3 de <strong>agentes qu\u00edmicos<\/strong> (\u00e0cids, bases, dissolvents i pols), atmosferes inflamables i exposici\u00f3 per inhalaci\u00f3 o contacte. S\u2019aborden mesures preventives com la <strong>ventilaci\u00f3 localitzada<\/strong>, cabines i captaci\u00f3, \u00fas correcte d\u2019<strong>\u00cdndice de protecci\u00f3n equivalente<\/strong> (protecci\u00f3 respirat\u00f2ria, ocular i dermal), lectura de FDS i etiquetatge CLP, emmagatzematge i transvasament segur. Inclou procediments d\u2019<strong>emerg\u00e8ncies i vessaments<\/strong>, rentats d\u2019ulls, neutralitzaci\u00f3, gesti\u00f3 de residus i bones pr\u00e0ctiques d\u2019ordre i neteja. Metodologia pr\u00e0ctica amb casos reals, checklists de verificaci\u00f3 i actualitzaci\u00f3 normativa perqu\u00e8 l\u2019operari apliqui de forma immediata els continguts al seu lloc de treball.<\/p>","protected":false},"excerpt":{"rendered":"<p>Formaci\u00f3 espec\u00edfica per a operaris que treballen en tractaments superficials de peces met\u00e0l\u00b7liques, amb focus en prevenci\u00f3 de riscos laborals aplicada a planta. Curs de reciclatge de 4 hores, 100% presencial, d\u2019acord amb el Conveni Col\u00b7lectiu Estatal del Metall i la renovaci\u00f3 obligat\u00f2ria cada 4 anys. Revisarem processos i riscos en desgreixatge, neteja, decapatge, recobriment [&hellip;]<\/p>\n","protected":false},"featured_media":5048,"comment_status":"open","ping_status":"closed","template":"","meta":{"_acf_changed":false},"product_brand":[],"product_cat":[41],"product_tag":[],"class_list":{"0":"post-5046","1":"product","2":"type-product","3":"status-publish","4":"has-post-thumbnail","6":"product_cat-metall","8":"first","9":"instock","10":"virtual","11":"taxable","12":"purchasable","13":"product-type-curso"},"acf":[],"precio_regular_curso":121,"precio_bonificado_curso":127.05,"_links":{"self":[{"href":"https:\/\/previntegral.com\/es\/wp-json\/wp\/v2\/product\/5046","targetHints":{"allow":["GET"]}}],"collection":[{"href":"https:\/\/previntegral.com\/es\/wp-json\/wp\/v2\/product"}],"about":[{"href":"https:\/\/previntegral.com\/es\/wp-json\/wp\/v2\/types\/product"}],"replies":[{"embeddable":true,"href":"https:\/\/previntegral.com\/es\/wp-json\/wp\/v2\/comments?post=5046"}],"wp:featuredmedia":[{"embeddable":true,"href":"https:\/\/previntegral.com\/es\/wp-json\/wp\/v2\/media\/5048"}],"wp:attachment":[{"href":"https:\/\/previntegral.com\/es\/wp-json\/wp\/v2\/media?parent=5046"}],"wp:term":[{"taxonomy":"product_brand","embeddable":true,"href":"https:\/\/previntegral.com\/es\/wp-json\/wp\/v2\/product_brand?post=5046"},{"taxonomy":"product_cat","embeddable":true,"href":"https:\/\/previntegral.com\/es\/wp-json\/wp\/v2\/product_cat?post=5046"},{"taxonomy":"product_tag","embeddable":true,"href":"https:\/\/previntegral.com\/es\/wp-json\/wp\/v2\/product_tag?post=5046"}],"curies":[{"name":"WordPress","href":"https:\/\/api.w.org\/{rel}","templated":true}]}}