{"id":5049,"date":"2025-12-05T12:54:08","date_gmt":"2025-12-05T12:54:08","guid":{"rendered":"https:\/\/previntegral.com\/producto\/reciclatge-en-c-10-treballs-de-fusteria-metal%c2%b7lica\/"},"modified":"2026-03-16T18:32:33","modified_gmt":"2026-03-16T18:32:33","slug":"reciclatge-en-c-10-treballs-de-fusteria-metal%c2%b7lica","status":"publish","type":"product","link":"https:\/\/previntegral.com\/es\/producto\/reciclatge-en-c-10-treballs-de-fusteria-metal%c2%b7lica\/","title":{"rendered":"Reciclatge en C.10 &#8211; Treballs de fusteria met\u00e0l\u00b7lica"},"content":{"rendered":"<p>El curso <strong>C.10 \u2013 Treballs de fusteria met\u00e0l\u00b7lica<\/strong> \u00e9s una sessi\u00f3 de <strong>reciclaje<\/strong> en <strong>PRL<\/strong> de conformidad con el <strong>Acuerdo sobre metales<\/strong>, pensada per al personal que talla, conforma i munta elements met\u00e0l\u00b7lics. En <strong>4 horas<\/strong> y en modo <strong>presencial<\/strong> (exclusivament), s\u2019actualitzen els criteris de seguretat davant riscos com <b>talls<\/b> i <b>atrapaments<\/b>, projecci\u00f3 de part\u00edcules, <b>soroll i vibracions<\/b>, fums i gasos de <b>soldadura<\/b>, manipulaci\u00f3 de c\u00e0rregues i possibles treballs en al\u00e7ada. Es refor\u00e7a l\u2019\u00fas segur de <b>serres, cisalles, premses, taladres i radials<\/b>, la correcta gesti\u00f3 d\u2019<strong>\u00cdndice de protecci\u00f3n equivalente<\/strong> (guants anticupada, ulleres, protecci\u00f3 auditiva i respirat\u00f2ria) i les <strong>mesures col\u00b7lectives<\/strong> com pantalles, aspiraci\u00f3 localitzada i baranes. S\u2019hi aborden <b>Procedimientos de trabajo seguros<\/b>, <strong>Bloqueo y etiquetado (LOTO)<\/strong>, ordre i neteja, manteniment preventiu, verificacions pre-\u00fas i actuaci\u00f3 davant emerg\u00e8ncies. L\u2019objectiu \u00e9s integrar la <strong>prevenci\u00f3n<\/strong> en la tasca di\u00e0ria i garantir que els professionals de fusteria met\u00e0l\u00b7lica operin amb el m\u00e0xim nivell de seguretat, renovant la formaci\u00f3 obligat\u00f2ria cada 4 anys.<\/p>","protected":false},"excerpt":{"rendered":"<p>El curs C.10 \u2013 Treballs de fusteria met\u00e0l\u00b7lica \u00e9s una sessi\u00f3 de reciclatge en PRL d\u2019acord amb el Conveni del Metall, pensada per al personal que talla, conforma i munta elements met\u00e0l\u00b7lics. En 4 hores i en modalitat presencial (exclusivament), s\u2019actualitzen els criteris de seguretat davant riscos com talls i atrapaments, projecci\u00f3 de part\u00edcules, soroll [&hellip;]<\/p>\n","protected":false},"featured_media":5051,"comment_status":"open","ping_status":"closed","template":"","meta":{"_acf_changed":false},"product_brand":[],"product_cat":[41],"product_tag":[],"class_list":{"0":"post-5049","1":"product","2":"type-product","3":"status-publish","4":"has-post-thumbnail","6":"product_cat-metall","8":"first","9":"instock","10":"virtual","11":"taxable","12":"purchasable","13":"product-type-curso"},"acf":[],"precio_regular_curso":121,"precio_bonificado_curso":127.05,"_links":{"self":[{"href":"https:\/\/previntegral.com\/es\/wp-json\/wp\/v2\/product\/5049","targetHints":{"allow":["GET"]}}],"collection":[{"href":"https:\/\/previntegral.com\/es\/wp-json\/wp\/v2\/product"}],"about":[{"href":"https:\/\/previntegral.com\/es\/wp-json\/wp\/v2\/types\/product"}],"replies":[{"embeddable":true,"href":"https:\/\/previntegral.com\/es\/wp-json\/wp\/v2\/comments?post=5049"}],"wp:featuredmedia":[{"embeddable":true,"href":"https:\/\/previntegral.com\/es\/wp-json\/wp\/v2\/media\/5051"}],"wp:attachment":[{"href":"https:\/\/previntegral.com\/es\/wp-json\/wp\/v2\/media?parent=5049"}],"wp:term":[{"taxonomy":"product_brand","embeddable":true,"href":"https:\/\/previntegral.com\/es\/wp-json\/wp\/v2\/product_brand?post=5049"},{"taxonomy":"product_cat","embeddable":true,"href":"https:\/\/previntegral.com\/es\/wp-json\/wp\/v2\/product_cat?post=5049"},{"taxonomy":"product_tag","embeddable":true,"href":"https:\/\/previntegral.com\/es\/wp-json\/wp\/v2\/product_tag?post=5049"}],"curies":[{"name":"WordPress","href":"https:\/\/api.w.org\/{rel}","templated":true}]}}