{"id":5052,"date":"2025-12-05T12:54:15","date_gmt":"2025-12-05T12:54:15","guid":{"rendered":"https:\/\/previntegral.com\/producto\/reciclatge-en-c-11-operaris-en-treballs-de-joieria\/"},"modified":"2026-03-16T18:32:33","modified_gmt":"2026-03-16T18:32:33","slug":"reciclatge-en-c-11-operaris-en-treballs-de-joieria","status":"publish","type":"product","link":"https:\/\/previntegral.com\/es\/producto\/reciclatge-en-c-11-operaris-en-treballs-de-joieria\/","title":{"rendered":"Reciclatge en C.11 &#8211; Operaris en treballs de joieria"},"content":{"rendered":"<p>El curs C.11 \u2014 Operaris en treballs de joieria \u2014 \u00e9s una sessi\u00f3 de <strong>Reciclaje obligatorio<\/strong> del Conveni del Metall que actualitza, en <strong>4 horas<\/strong> i en format <strong>100% en persona<\/strong>, els coneixements de <strong>prevenci\u00f3n de riesgos laborales<\/strong> espec\u00edfics del taller de joieria. Treballem els riscos propis de la <strong>micro-soldadura<\/strong> (flama i l\u00e0ser), el <strong>poliment<\/strong> i tall amb equips rotatius, l\u2019\u00fas de <strong>banys galv\u00e0nics<\/strong> i altres <strong>agentes qu\u00edmicos<\/strong> (gesti\u00f3, etiquetatge i ventilaci\u00f3), l\u2019exposici\u00f3 a pols met\u00e0l\u00b7lica i <strong>n\u00edquel<\/strong>, l\u2019ergonomia en tasques fines i repetitives, la protecci\u00f3 ocular i respirat\u00f2ria, i els procediments d\u2019emerg\u00e8ncia i <strong>incendi<\/strong>. S\u2019inclou rep\u00e0s de responsabilitats, <strong>CAEs<\/strong>, manteniment segur de m\u00e0quines i verificaci\u00f3 d\u2019<strong>\u00cdndice de protecci\u00f3n equivalente<\/strong>. Aquesta actualitzaci\u00f3 complementa la formaci\u00f3 de base exigida (C1 20 h + 8 h d\u2019especialitat) i ajuda a mantenir-la vigent segons la renovaci\u00f3 cada 4 anys. Metodologia pr\u00e0ctica amb casos reals i checklists aplicables al lloc de treball. Certificaci\u00f3 emesa per Previntegral, centre homologat <strong>FLC n\u00ba 0505080031<\/strong>.<\/p>","protected":false},"excerpt":{"rendered":"<p>El curs C.11 \u2014 Operaris en treballs de joieria \u2014 \u00e9s una sessi\u00f3 de reciclatge obligatori del Conveni del Metall que actualitza, en 4 hores i en format 100% presencial, els coneixements de prevenci\u00f3 de riscos laborals espec\u00edfics del taller de joieria. Treballem els riscos propis de la micro-soldadura (flama i l\u00e0ser), el poliment i [&hellip;]<\/p>\n","protected":false},"featured_media":5054,"comment_status":"open","ping_status":"closed","template":"","meta":{"_acf_changed":false},"product_brand":[],"product_cat":[41],"product_tag":[],"class_list":{"0":"post-5052","1":"product","2":"type-product","3":"status-publish","4":"has-post-thumbnail","6":"product_cat-metall","8":"first","9":"instock","10":"virtual","11":"taxable","12":"purchasable","13":"product-type-curso"},"acf":[],"precio_regular_curso":121,"precio_bonificado_curso":127.05,"_links":{"self":[{"href":"https:\/\/previntegral.com\/es\/wp-json\/wp\/v2\/product\/5052","targetHints":{"allow":["GET"]}}],"collection":[{"href":"https:\/\/previntegral.com\/es\/wp-json\/wp\/v2\/product"}],"about":[{"href":"https:\/\/previntegral.com\/es\/wp-json\/wp\/v2\/types\/product"}],"replies":[{"embeddable":true,"href":"https:\/\/previntegral.com\/es\/wp-json\/wp\/v2\/comments?post=5052"}],"wp:featuredmedia":[{"embeddable":true,"href":"https:\/\/previntegral.com\/es\/wp-json\/wp\/v2\/media\/5054"}],"wp:attachment":[{"href":"https:\/\/previntegral.com\/es\/wp-json\/wp\/v2\/media?parent=5052"}],"wp:term":[{"taxonomy":"product_brand","embeddable":true,"href":"https:\/\/previntegral.com\/es\/wp-json\/wp\/v2\/product_brand?post=5052"},{"taxonomy":"product_cat","embeddable":true,"href":"https:\/\/previntegral.com\/es\/wp-json\/wp\/v2\/product_cat?post=5052"},{"taxonomy":"product_tag","embeddable":true,"href":"https:\/\/previntegral.com\/es\/wp-json\/wp\/v2\/product_tag?post=5052"}],"curies":[{"name":"WordPress","href":"https:\/\/api.w.org\/{rel}","templated":true}]}}