{"id":5055,"date":"2025-12-05T12:54:44","date_gmt":"2025-12-05T12:54:44","guid":{"rendered":"https:\/\/previntegral.com\/producto\/reciclatge-en-c-14-treballs-dinstal%c2%b7lacio-manteniment-i-reparacio-dequips-informatics-automatismes-i-programacio-ordinadors-i-periferics-o-dispositius-auxiliars-equips-i-tecnologies-de\/"},"modified":"2026-03-16T18:32:33","modified_gmt":"2026-03-16T18:32:33","slug":"reciclaje-instalacion-mantenimiento-y-reparacion-de-equipos-informaticos-automatizacion-y-programacion-de-ordenadores-y-perifericos-o-dispositivos-auxiliares-equipos-y-tecnologias","status":"publish","type":"product","link":"https:\/\/previntegral.com\/es\/producto\/reciclatge-en-c-14-treballs-dinstal%c2%b7lacio-manteniment-i-reparacio-dequips-informatics-automatismes-i-programacio-ordinadors-i-periferics-o-dispositius-auxiliars-equips-i-tecnologies-de\/","title":{"rendered":"C.14 Reciclaje: instalaci\u00f3n, mantenimiento y reparaci\u00f3n de equipos inform\u00e1ticos, automatizaci\u00f3n y programaci\u00f3n, ordenadores y perif\u00e9ricos o dispositivos auxiliares; equipos y tecnolog\u00edas de telecomunicaciones e informaci\u00f3n; redes de informaci\u00f3n y datos (TIC)."},"content":{"rendered":"<p>El curso C.14 ofrece <strong>Formaci\u00f3n espec\u00edfica en prevenci\u00f3n de riesgos laborales.<\/strong> por motivos de trabajo\u2019<strong>Instalaci\u00f3n, mantenimiento y reparaci\u00f3n<\/strong> equipos inform\u00e1ticos, automatizaci\u00f3n y programaci\u00f3n, ordenadores y perif\u00e9ricos, as\u00ed como equipos y tecnolog\u00edas de telecomunicaciones y redes de informaci\u00f3n y datos (<strong>TIC<\/strong>). Con <strong>de una duraci\u00f3n de 4 horas<\/strong> i <strong>Modo presencial<\/strong> (no disponible en l\u00ednea), este curso de formaci\u00f3n actualiza los conocimientos sobre los riesgos y las medidas preventivas en salas t\u00e9cnicas y entornos de trabajo sobre el terreno: <strong>Riesgo el\u00e9ctrico<\/strong> y trabajas en circuitos bajo tensi\u00f3n, <strong>Descarga electrost\u00e1tica<\/strong> (electricidad est\u00e1tica), uso seguro de\u2019<strong>\u00cdndice de protecci\u00f3n equivalente<\/strong>, orden y limpieza, trabajar con <strong>estantes<\/strong> y escaleras, herramientas y cortes, ergonom\u00eda y <strong>Deposici\u00f3n f\u00edsica en fase de vapor<\/strong>, organizaci\u00f3n de cables y <strong>fibra \u00f3ptica<\/strong>, se\u00f1alizaci\u00f3n, marcado y procedimientos <strong>Bloqueo\/Etiquetado<\/strong>, Emergencias e incendios en centros de datos. El curso aborda las mejores pr\u00e1cticas, casos reales y criterios para coordinar las actividades empresariales con el fin de reducir los incidentes y detenerlos a tiempo. Dirigido al personal de producci\u00f3n y mantenimiento sujeto al Convenio del Sector Metal\u00fargico que trabaja en el \u00e1mbito de las TIC, el curso ayuda a <strong>Mantenga al d\u00eda la acreditaci\u00f3n C.14.<\/strong> y para cumplir con la renovaci\u00f3n cuatrienal exigida por el acuerdo.<\/p>","protected":false},"excerpt":{"rendered":"<p>El curs C.14 proporciona la formaci\u00f3 espec\u00edfica en prevenci\u00f3 de riscos laborals per a treballs d\u2019instal\u00b7laci\u00f3, manteniment i reparaci\u00f3 d\u2019equips inform\u00e0tics, automatismes i programaci\u00f3, ordinadors i perif\u00e8rics, aix\u00ed com equips i tecnologies de telecomunicacions i xarxes d\u2019informaci\u00f3 i dades (TIC). Amb durada de 4 hores i modalitat presencial (no disponible en l\u00ednia), aquesta acci\u00f3 formativa [&hellip;]<\/p>\n","protected":false},"featured_media":5057,"comment_status":"open","ping_status":"closed","template":"","meta":{"_acf_changed":false},"product_brand":[],"product_cat":[41],"product_tag":[],"class_list":{"0":"post-5055","1":"product","2":"type-product","3":"status-publish","4":"has-post-thumbnail","6":"product_cat-metall","8":"first","9":"instock","10":"virtual","11":"taxable","12":"purchasable","13":"product-type-curso"},"acf":[],"precio_regular_curso":121,"precio_bonificado_curso":127.05,"_links":{"self":[{"href":"https:\/\/previntegral.com\/es\/wp-json\/wp\/v2\/product\/5055","targetHints":{"allow":["GET"]}}],"collection":[{"href":"https:\/\/previntegral.com\/es\/wp-json\/wp\/v2\/product"}],"about":[{"href":"https:\/\/previntegral.com\/es\/wp-json\/wp\/v2\/types\/product"}],"replies":[{"embeddable":true,"href":"https:\/\/previntegral.com\/es\/wp-json\/wp\/v2\/comments?post=5055"}],"wp:featuredmedia":[{"embeddable":true,"href":"https:\/\/previntegral.com\/es\/wp-json\/wp\/v2\/media\/5057"}],"wp:attachment":[{"href":"https:\/\/previntegral.com\/es\/wp-json\/wp\/v2\/media?parent=5055"}],"wp:term":[{"taxonomy":"product_brand","embeddable":true,"href":"https:\/\/previntegral.com\/es\/wp-json\/wp\/v2\/product_brand?post=5055"},{"taxonomy":"product_cat","embeddable":true,"href":"https:\/\/previntegral.com\/es\/wp-json\/wp\/v2\/product_cat?post=5055"},{"taxonomy":"product_tag","embeddable":true,"href":"https:\/\/previntegral.com\/es\/wp-json\/wp\/v2\/product_tag?post=5055"}],"curies":[{"name":"WordPress","href":"https:\/\/api.w.org\/{rel}","templated":true}]}}