{"id":5061,"date":"2025-12-05T12:56:06","date_gmt":"2025-12-05T12:56:06","guid":{"rendered":"https:\/\/previntegral.com\/producto\/reciclatge-en-c-16-treballs-de-lampisteria-instal%c2%b7lacions-de-calefaccio-climatitzacio-instal%c2%b7lacions-daigua-calenta-sanitaria-i-instal%c2%b7lacions-solars-termiques\/"},"modified":"2026-03-16T18:32:33","modified_gmt":"2026-03-16T18:32:33","slug":"reciclatge-en-c-16-treballs-de-lampisteria-instal%c2%b7lacions-de-calefaccio-climatitzacio-instal%c2%b7lacions-daigua-calenta-sanitaria-i-instal%c2%b7lacions-solars-termiques","status":"publish","type":"product","link":"https:\/\/previntegral.com\/es\/producto\/reciclatge-en-c-16-treballs-de-lampisteria-instal%c2%b7lacions-de-calefaccio-climatitzacio-instal%c2%b7lacions-daigua-calenta-sanitaria-i-instal%c2%b7lacions-solars-termiques\/","title":{"rendered":"Reciclaje en C.16: obras de fontaner\u00eda, instalaciones de calefacci\u00f3n, ventilaci\u00f3n y aire acondicionado, instalaciones de agua caliente sanitaria e instalaciones solares t\u00e9rmicas."},"content":{"rendered":"<p>Actualitzaci\u00f3 intensiva de <strong>PRL<\/strong> de 4 hores, 100% <strong>presencial<\/strong>, per a professionals que executen treballs de lampisteria, instal\u00b7lacions de calefacci\u00f3-climatitzaci\u00f3, aigua calenta sanit\u00e0ria i solars t\u00e8rmiques dins del Conveni Col\u00b7lectiu Estatal del Metall. El curs compleix l\u2019obligaci\u00f3 de <strong>Reciclaje cada 4 a\u00f1os<\/strong> i refor\u00e7a la integraci\u00f3 de la prevenci\u00f3 en la tasca di\u00e0ria. S\u2019aborden riscos espec\u00edfics: treballs en al\u00e7ada i cobertes, \u00fas d\u2019eines el\u00e8ctriques, risc el\u00e8ctric i de <strong>gasos combustibles<\/strong>, cremades per <strong>calderes<\/strong> i circuits d\u2019ACS, proves d\u2019estanque\u00eftat i pressi\u00f3, soldadura i talls, agents qu\u00edmics, control de <strong>Legionella<\/strong>, espais confinats i ventilaci\u00f3, soroll i vibracions. Es repassen mesures preventives clau: selecci\u00f3 i \u00fas d\u2019<strong>\u00cdndice de protecci\u00f3n equivalente<\/strong>, ordre i neteja, senyalitzaci\u00f3, procediments d\u2019emerg\u00e8ncia i <strong>Bloqueo y etiquetado (LOTO)<\/strong> per a operacions de manteniment. Metodologia pr\u00e0ctica amb casos reals d\u2019instal\u00b7laci\u00f3, posada en marxa i manteniment, per consolidar h\u00e0bits segurs i eficients. Impartit per Previntegral, centre homologat per la FLC (n\u00fam. 0505080031), ajuda a mantenir actualitzades les especialitats d\u2019ofici exigides pel sector.<\/p>","protected":false},"excerpt":{"rendered":"<p>Actualitzaci\u00f3 intensiva de PRL de 4 hores, 100% presencial, per a professionals que executen treballs de lampisteria, instal\u00b7lacions de calefacci\u00f3-climatitzaci\u00f3, aigua calenta sanit\u00e0ria i solars t\u00e8rmiques dins del Conveni Col\u00b7lectiu Estatal del Metall. El curs compleix l\u2019obligaci\u00f3 de reciclatge cada 4 anys i refor\u00e7a la integraci\u00f3 de la prevenci\u00f3 en la tasca di\u00e0ria. S\u2019aborden riscos [&hellip;]<\/p>\n","protected":false},"featured_media":5063,"comment_status":"open","ping_status":"closed","template":"","meta":{"_acf_changed":false},"product_brand":[],"product_cat":[41],"product_tag":[],"class_list":{"0":"post-5061","1":"product","2":"type-product","3":"status-publish","4":"has-post-thumbnail","6":"product_cat-metall","8":"first","9":"instock","10":"virtual","11":"taxable","12":"purchasable","13":"product-type-curso"},"acf":[],"precio_regular_curso":121,"precio_bonificado_curso":127.05,"_links":{"self":[{"href":"https:\/\/previntegral.com\/es\/wp-json\/wp\/v2\/product\/5061","targetHints":{"allow":["GET"]}}],"collection":[{"href":"https:\/\/previntegral.com\/es\/wp-json\/wp\/v2\/product"}],"about":[{"href":"https:\/\/previntegral.com\/es\/wp-json\/wp\/v2\/types\/product"}],"replies":[{"embeddable":true,"href":"https:\/\/previntegral.com\/es\/wp-json\/wp\/v2\/comments?post=5061"}],"wp:featuredmedia":[{"embeddable":true,"href":"https:\/\/previntegral.com\/es\/wp-json\/wp\/v2\/media\/5063"}],"wp:attachment":[{"href":"https:\/\/previntegral.com\/es\/wp-json\/wp\/v2\/media?parent=5061"}],"wp:term":[{"taxonomy":"product_brand","embeddable":true,"href":"https:\/\/previntegral.com\/es\/wp-json\/wp\/v2\/product_brand?post=5061"},{"taxonomy":"product_cat","embeddable":true,"href":"https:\/\/previntegral.com\/es\/wp-json\/wp\/v2\/product_cat?post=5061"},{"taxonomy":"product_tag","embeddable":true,"href":"https:\/\/previntegral.com\/es\/wp-json\/wp\/v2\/product_tag?post=5061"}],"curies":[{"name":"WordPress","href":"https:\/\/api.w.org\/{rel}","templated":true}]}}