{"id":5064,"date":"2025-12-05T12:56:24","date_gmt":"2025-12-05T12:56:24","guid":{"rendered":"https:\/\/previntegral.com\/producto\/reciclatge-en-c-17-treballs-de-manteniment-reparacio-i-instal%c2%b7lacio-dascensors\/"},"modified":"2026-03-16T18:32:33","modified_gmt":"2026-03-16T18:32:33","slug":"reciclatge-en-c-17-treballs-de-manteniment-reparacio-i-instal%c2%b7lacio-dascensors","status":"publish","type":"product","link":"https:\/\/previntegral.com\/es\/producto\/reciclatge-en-c-17-treballs-de-manteniment-reparacio-i-instal%c2%b7lacio-dascensors\/","title":{"rendered":"Reciclatge en C.17 &#8211; Treballs de manteniment, reparaci\u00f3 i instal\u00b7laci\u00f3 d&#8217;ascensors"},"content":{"rendered":"<p>El curs C.17 \u2013 Treballs de manteniment, reparaci\u00f3 i instal\u00b7laci\u00f3 d\u2019ascensors \u00e9s una actualitzaci\u00f3 en <strong>PRL<\/strong> orientada als riscos propis d\u2019aquest ofici dins del Conveni del Metall. T\u00e9 una durada de <strong>4 horas<\/strong> y se lleva a cabo exclusivamente en <strong>Modo presencial<\/strong>, complint l\u2019obligatorietat de <strong>Reciclaje cada 4 a\u00f1os<\/strong>. Repassarem els <strong>riesgos espec\u00edficos<\/strong> i les mesures preventives en treballs en <strong>altura<\/strong>, fossat i casa de m\u00e0quines, <strong>electricitat<\/strong> (control i pot\u00e8ncia), atrapaments i xocs, aixecament de c\u00e0rregues, \u00fas d\u2019eines, lubricants i neteja, aix\u00ed com <strong>Espacios confinados<\/strong> i treball en solitari. S\u2019incideix en l\u2019\u00fas d\u2019<strong>\u00cdndice de protecci\u00f3n equivalente<\/strong> (arn\u00e8s, l\u00ednies de vida), punts d\u2019ancoratge, <strong>Bloqueo y etiquetado (LOTO)<\/strong>, ordre i neteja, senyalitzaci\u00f3, procediments d\u2019emerg\u00e8ncia i rescat, i <strong>Coordinaci\u00f3n de actividades empresariales<\/strong>. Dirigit a personal de producci\u00f3 i manteniment que ja disposi de la formaci\u00f3 inicial (C1 20h + 8h d\u2019especialitat), recordant l\u2019obligatorietat del 100% d\u2019especialitats des de 2021. Impartit per Previntegral, centre homologat <strong>Comisionado Federal de Tierras<\/strong> n\u00fam. 0505080031, i amb acreditaci\u00f3 v\u00e0lida segons el Conveni del Metall.<\/p>","protected":false},"excerpt":{"rendered":"<p>El curs C.17 \u2013 Treballs de manteniment, reparaci\u00f3 i instal\u00b7laci\u00f3 d\u2019ascensors \u00e9s una actualitzaci\u00f3 en PRL orientada als riscos propis d\u2019aquest ofici dins del Conveni del Metall. T\u00e9 una durada de 4 hores i es realitza exclusivament en modalitat presencial, complint l\u2019obligatorietat de reciclatge cada 4 anys. Repassarem els riscos espec\u00edfics i les mesures preventives [&hellip;]<\/p>\n","protected":false},"featured_media":5066,"comment_status":"open","ping_status":"closed","template":"","meta":{"_acf_changed":false},"product_brand":[],"product_cat":[41],"product_tag":[],"class_list":{"0":"post-5064","1":"product","2":"type-product","3":"status-publish","4":"has-post-thumbnail","6":"product_cat-metall","8":"first","9":"instock","10":"virtual","11":"taxable","12":"purchasable","13":"product-type-curso"},"acf":[],"precio_regular_curso":121,"precio_bonificado_curso":127.05,"_links":{"self":[{"href":"https:\/\/previntegral.com\/es\/wp-json\/wp\/v2\/product\/5064","targetHints":{"allow":["GET"]}}],"collection":[{"href":"https:\/\/previntegral.com\/es\/wp-json\/wp\/v2\/product"}],"about":[{"href":"https:\/\/previntegral.com\/es\/wp-json\/wp\/v2\/types\/product"}],"replies":[{"embeddable":true,"href":"https:\/\/previntegral.com\/es\/wp-json\/wp\/v2\/comments?post=5064"}],"wp:featuredmedia":[{"embeddable":true,"href":"https:\/\/previntegral.com\/es\/wp-json\/wp\/v2\/media\/5066"}],"wp:attachment":[{"href":"https:\/\/previntegral.com\/es\/wp-json\/wp\/v2\/media?parent=5064"}],"wp:term":[{"taxonomy":"product_brand","embeddable":true,"href":"https:\/\/previntegral.com\/es\/wp-json\/wp\/v2\/product_brand?post=5064"},{"taxonomy":"product_cat","embeddable":true,"href":"https:\/\/previntegral.com\/es\/wp-json\/wp\/v2\/product_cat?post=5064"},{"taxonomy":"product_tag","embeddable":true,"href":"https:\/\/previntegral.com\/es\/wp-json\/wp\/v2\/product_tag?post=5064"}],"curies":[{"name":"WordPress","href":"https:\/\/api.w.org\/{rel}","templated":true}]}}