{"id":5067,"date":"2025-12-05T12:57:12","date_gmt":"2025-12-05T12:57:12","guid":{"rendered":"https:\/\/previntegral.com\/producto\/reciclatge-en-c-18-treballs-daillament-i-impermeabilitzacio\/"},"modified":"2026-03-16T18:32:33","modified_gmt":"2026-03-16T18:32:33","slug":"reciclatge-en-c-18-treballs-daillament-i-impermeabilitzacio","status":"publish","type":"product","link":"https:\/\/previntegral.com\/es\/producto\/reciclatge-en-c-18-treballs-daillament-i-impermeabilitzacio\/","title":{"rendered":"Reciclatge en C.18 &#8211; Treballs d&#8217;a\u00efllament i impermeabilitzaci\u00f3"},"content":{"rendered":"<p>El curs C.18 &#8211; Treballs d\u2019a\u00efllament i impermeabilitzaci\u00f3 \u00e9s una acci\u00f3 de <strong>reciclaje<\/strong> alineada amb el Conveni del Metall, amb una durada de <strong>4 horas<\/strong> en modal <strong>presencial<\/strong>. Pensat per a personal de producci\u00f3 i manteniment que instal\u00b7la membranes i sistemes d\u2019impermeabilitzaci\u00f3 en cobertes i envolvents, actualitza els coneixements de <strong>PRL<\/strong> espec\u00edfics de l\u2019ofici: treballs en <strong>altura<\/strong> i en cobertes, \u00fas de bufadors i fonts de calor, manipulaci\u00f3 de l\u00e0mines bituminoses\/EPDM\/PVC i adhesius, exposici\u00f3 a <strong>agentes qu\u00edmicos<\/strong> i risc d\u2019incendi. Es reforcen mesures com <strong>\u00cdndice de protecci\u00f3n equivalente<\/strong> i proteccions col\u00b7lectives (l\u00ednies de vida, baranes), tall i soldadura segura, control de ventilaci\u00f3, ergonomia en la manipulaci\u00f3 de rotllos, senyalitzaci\u00f3, <strong>CAE<\/strong> i protocols d\u2019emerg\u00e8ncia. Inclou rep\u00e0s de drets i obligacions, comunicaci\u00f3 d\u2019incid\u00e8ncies i bones pr\u00e0ctiques de <strong>Gesti\u00f3n de residuos<\/strong>. Previntegral, centre homologat per la FLC, emet certificaci\u00f3 conforme al <strong>Acuerdo sobre metales<\/strong> per a la renovaci\u00f3 quadriennal de la formaci\u00f3.<\/p>","protected":false},"excerpt":{"rendered":"<p>El curs C.18 &#8211; Treballs d\u2019a\u00efllament i impermeabilitzaci\u00f3 \u00e9s una acci\u00f3 de reciclatge alineada amb el Conveni del Metall, amb una durada de 4 hores en modalitat presencial. Pensat per a personal de producci\u00f3 i manteniment que instal\u00b7la membranes i sistemes d\u2019impermeabilitzaci\u00f3 en cobertes i envolvents, actualitza els coneixements de PRL espec\u00edfics de l\u2019ofici: treballs [&hellip;]<\/p>\n","protected":false},"featured_media":5069,"comment_status":"open","ping_status":"closed","template":"","meta":{"_acf_changed":false},"product_brand":[],"product_cat":[41],"product_tag":[],"class_list":{"0":"post-5067","1":"product","2":"type-product","3":"status-publish","4":"has-post-thumbnail","6":"product_cat-metall","8":"first","9":"instock","10":"virtual","11":"taxable","12":"purchasable","13":"product-type-curso"},"acf":[],"precio_regular_curso":121,"precio_bonificado_curso":127.05,"_links":{"self":[{"href":"https:\/\/previntegral.com\/es\/wp-json\/wp\/v2\/product\/5067","targetHints":{"allow":["GET"]}}],"collection":[{"href":"https:\/\/previntegral.com\/es\/wp-json\/wp\/v2\/product"}],"about":[{"href":"https:\/\/previntegral.com\/es\/wp-json\/wp\/v2\/types\/product"}],"replies":[{"embeddable":true,"href":"https:\/\/previntegral.com\/es\/wp-json\/wp\/v2\/comments?post=5067"}],"wp:featuredmedia":[{"embeddable":true,"href":"https:\/\/previntegral.com\/es\/wp-json\/wp\/v2\/media\/5069"}],"wp:attachment":[{"href":"https:\/\/previntegral.com\/es\/wp-json\/wp\/v2\/media?parent=5067"}],"wp:term":[{"taxonomy":"product_brand","embeddable":true,"href":"https:\/\/previntegral.com\/es\/wp-json\/wp\/v2\/product_brand?post=5067"},{"taxonomy":"product_cat","embeddable":true,"href":"https:\/\/previntegral.com\/es\/wp-json\/wp\/v2\/product_cat?post=5067"},{"taxonomy":"product_tag","embeddable":true,"href":"https:\/\/previntegral.com\/es\/wp-json\/wp\/v2\/product_tag?post=5067"}],"curies":[{"name":"WordPress","href":"https:\/\/api.w.org\/{rel}","templated":true}]}}