{"id":5070,"date":"2025-12-05T12:57:36","date_gmt":"2025-12-05T12:57:36","guid":{"rendered":"https:\/\/previntegral.com\/producto\/reciclatge-en-c-21-treballs-d-instal%c2%b7lacions-manteniment-i-reparacio-dinfraestructures-de-telecomunicacions-tic-i-digitalitzacio\/"},"modified":"2026-03-16T18:32:33","modified_gmt":"2026-03-16T18:32:33","slug":"reciclatge-en-c-21-treballs-d-instal%c2%b7lacions-manteniment-i-reparacio-dinfraestructures-de-telecomunicacions-tic-i-digitalitzacio","status":"publish","type":"product","link":"https:\/\/previntegral.com\/es\/producto\/reciclatge-en-c-21-treballs-d-instal%c2%b7lacions-manteniment-i-reparacio-dinfraestructures-de-telecomunicacions-tic-i-digitalitzacio\/","title":{"rendered":"Reciclaje en C.21: instalaci\u00f3n, mantenimiento y reparaci\u00f3n de infraestructuras de telecomunicaciones (TIC y digitalizaci\u00f3n)"},"content":{"rendered":"<p>El curs C.21 \u2013 Treballs d\u2019instal\u00b7lacions, manteniment i reparaci\u00f3 d\u2019infraestructures de telecomunicacions \u00e9s una sessi\u00f3 de <strong>reciclaje<\/strong> de <strong>4 horas<\/strong>, modalitat 100% <strong>presencial<\/strong> (no teleformaci\u00f3), orientada a professionals que operen en entorns de <strong>TIC i digitalitzaci\u00f3<\/strong>. D\u2019acord amb el <strong>Acuerdo sobre metales<\/strong>, actualitza els coneixements de <strong>prevenci\u00f3n de riesgos laborales<\/strong> aplicats a aquestes tasques, amb focus en <b>Trabajar en altura<\/b>, risc el\u00e8ctric en baixa tensi\u00f3, manipulaci\u00f3 de cablejat i equips actius, \u00fas segur d\u2019eines, selecci\u00f3 i manteniment d\u2019<strong>\u00cdndice de protecci\u00f3n equivalente<\/strong>, ergonomia i procediments de <b>bloqueig i senyalitzaci\u00f3<\/b>. La metodologia combina recordatoris clau, novetats normatives, casos pr\u00e0ctics i coordinaci\u00f3 d\u2019activitats empresarials per refor\u00e7ar h\u00e0bits segurs i la resposta davant emerg\u00e8ncies. \u00c9s idoni per a personal de producci\u00f3 i manteniment i caps d\u2019equip que ja disposen de la formaci\u00f3 inicial (C1 20 h + especialitats) i necessiten renovar-la cada 4 anys. Previntegral \u00e9s centre homologat per la FLC (n\u00fam. 0505080031), garantint una formaci\u00f3 alineada amb els requisits del sector.<\/p>","protected":false},"excerpt":{"rendered":"<p>El curs C.21 \u2013 Treballs d\u2019instal\u00b7lacions, manteniment i reparaci\u00f3 d\u2019infraestructures de telecomunicacions \u00e9s una sessi\u00f3 de reciclatge de 4 hores, modalitat 100% presencial (no teleformaci\u00f3), orientada a professionals que operen en entorns de TIC i digitalitzaci\u00f3. D\u2019acord amb el Conveni del Metall, actualitza els coneixements de prevenci\u00f3 de riscos laborals aplicats a aquestes tasques, amb [&hellip;]<\/p>\n","protected":false},"featured_media":5072,"comment_status":"open","ping_status":"closed","template":"","meta":{"_acf_changed":false},"product_brand":[],"product_cat":[41],"product_tag":[],"class_list":{"0":"post-5070","1":"product","2":"type-product","3":"status-publish","4":"has-post-thumbnail","6":"product_cat-metall","8":"first","9":"instock","10":"virtual","11":"taxable","12":"purchasable","13":"product-type-curso"},"acf":[],"precio_regular_curso":121,"precio_bonificado_curso":127.05,"_links":{"self":[{"href":"https:\/\/previntegral.com\/es\/wp-json\/wp\/v2\/product\/5070","targetHints":{"allow":["GET"]}}],"collection":[{"href":"https:\/\/previntegral.com\/es\/wp-json\/wp\/v2\/product"}],"about":[{"href":"https:\/\/previntegral.com\/es\/wp-json\/wp\/v2\/types\/product"}],"replies":[{"embeddable":true,"href":"https:\/\/previntegral.com\/es\/wp-json\/wp\/v2\/comments?post=5070"}],"wp:featuredmedia":[{"embeddable":true,"href":"https:\/\/previntegral.com\/es\/wp-json\/wp\/v2\/media\/5072"}],"wp:attachment":[{"href":"https:\/\/previntegral.com\/es\/wp-json\/wp\/v2\/media?parent=5070"}],"wp:term":[{"taxonomy":"product_brand","embeddable":true,"href":"https:\/\/previntegral.com\/es\/wp-json\/wp\/v2\/product_brand?post=5070"},{"taxonomy":"product_cat","embeddable":true,"href":"https:\/\/previntegral.com\/es\/wp-json\/wp\/v2\/product_cat?post=5070"},{"taxonomy":"product_tag","embeddable":true,"href":"https:\/\/previntegral.com\/es\/wp-json\/wp\/v2\/product_tag?post=5070"}],"curies":[{"name":"WordPress","href":"https:\/\/api.w.org\/{rel}","templated":true}]}}