{"id":5076,"date":"2025-12-05T12:58:16","date_gmt":"2025-12-05T12:58:16","guid":{"rendered":"https:\/\/previntegral.com\/producto\/reciclatge-en-c-25-treballs-de-control-de-qualitat-verificacio-i-inspeccio-de-materies-en-curs-de-fabricacio-i-en-productes-acabats-del-sector\/"},"modified":"2026-03-16T18:32:34","modified_gmt":"2026-03-16T18:32:34","slug":"reciclaje-en-c25-tareas-de-control-de-calidad-verificacion-e-inspeccion-de-los-materiales-durante-el-proceso-de-fabricacion-y-de-los-productos-acabados-del-sector","status":"publish","type":"product","link":"https:\/\/previntegral.com\/es\/producto\/reciclatge-en-c-25-treballs-de-control-de-qualitat-verificacio-i-inspeccio-de-materies-en-curs-de-fabricacio-i-en-productes-acabats-del-sector\/","title":{"rendered":"Reciclaje en C.25 \u2013 Trabajos de control de calidad, verificaci\u00f3n e inspecci\u00f3n de materias en curso de fabricaci\u00f3n y en productos acabados del sector"},"content":{"rendered":"<p>El curso C.25 est\u00e1 dirigido a profesionales de la producci\u00f3n y el mantenimiento que se encargan de <strong>control de calidad<\/strong>, <strong>verificaci\u00f3n<\/strong> i <strong>inspecci\u00f3n<\/strong> tanto en el proceso como en el producto final dentro del sector metal\u00fargico. En un <strong>Sesi\u00f3n presencial de 4 horas<\/strong>, Reforzamos las habilidades clave para identificar los riesgos inherentes a estas tareas: cortes, atrapamientos, <strong>agentes f\u00edsicos<\/strong>, productos qu\u00edmicos de limpieza\/penetrantes y movimientos repetitivos, y aplicaremos medidas preventivas como el uso correcto de\u2026\u2019<strong>\u00cdndice de protecci\u00f3n equivalente<\/strong>, <strong>ergonom\u00eda<\/strong>, el orden y la limpieza, as\u00ed como los procedimientos de bloqueo y etiquetado. Trabajamos con t\u00e9cnicas de\u2019<strong>inspecci\u00f3n visual y dimensional<\/strong>, criterios de aceptaci\u00f3n, tolerancias, uso seguro de\u2019<strong>equipo de medici\u00f3n<\/strong> y gesti\u00f3n de <strong>trazabilidad<\/strong>, incluida la notificaci\u00f3n de no conformidades y las medidas correctivas. El contenido es pr\u00e1ctico y se ajusta a la <strong>Acuerdo sobre metales<\/strong>, para facilitar su aplicaci\u00f3n inmediata en el lugar de trabajo y cumplir con las obligaciones de <strong>reciclaje<\/strong> Cada cuatro a\u00f1os. Formaci\u00f3n impartida por instructores expertos y destinada a mejorar la seguridad, la fiabilidad de los controles y la calidad del producto final.<\/p>","protected":false},"excerpt":{"rendered":"<p>El curs C.25 est\u00e0 pensat per a professionals de producci\u00f3 i manteniment que realitzen control de qualitat, verificaci\u00f3 i inspecci\u00f3 tant en proc\u00e9s com sobre el producte acabat dins del sector del metall. En una sessi\u00f3 presencial de 4 hores, reforcem les compet\u00e8ncies clau per identificar riscos propis d\u2019aquestes tasques \u2014talls, atrapaments, agents f\u00edsics, productes [&hellip;]<\/p>\n","protected":false},"featured_media":5078,"comment_status":"open","ping_status":"closed","template":"","meta":{"_acf_changed":false},"product_brand":[],"product_cat":[41],"product_tag":[],"class_list":{"0":"post-5076","1":"product","2":"type-product","3":"status-publish","4":"has-post-thumbnail","6":"product_cat-metall","8":"first","9":"instock","10":"virtual","11":"taxable","12":"purchasable","13":"product-type-curso"},"acf":[],"precio_regular_curso":121,"precio_bonificado_curso":127.05,"_links":{"self":[{"href":"https:\/\/previntegral.com\/es\/wp-json\/wp\/v2\/product\/5076","targetHints":{"allow":["GET"]}}],"collection":[{"href":"https:\/\/previntegral.com\/es\/wp-json\/wp\/v2\/product"}],"about":[{"href":"https:\/\/previntegral.com\/es\/wp-json\/wp\/v2\/types\/product"}],"replies":[{"embeddable":true,"href":"https:\/\/previntegral.com\/es\/wp-json\/wp\/v2\/comments?post=5076"}],"wp:featuredmedia":[{"embeddable":true,"href":"https:\/\/previntegral.com\/es\/wp-json\/wp\/v2\/media\/5078"}],"wp:attachment":[{"href":"https:\/\/previntegral.com\/es\/wp-json\/wp\/v2\/media?parent=5076"}],"wp:term":[{"taxonomy":"product_brand","embeddable":true,"href":"https:\/\/previntegral.com\/es\/wp-json\/wp\/v2\/product_brand?post=5076"},{"taxonomy":"product_cat","embeddable":true,"href":"https:\/\/previntegral.com\/es\/wp-json\/wp\/v2\/product_cat?post=5076"},{"taxonomy":"product_tag","embeddable":true,"href":"https:\/\/previntegral.com\/es\/wp-json\/wp\/v2\/product_tag?post=5076"}],"curies":[{"name":"WordPress","href":"https:\/\/api.w.org\/{rel}","templated":true}]}}