{"id":5079,"date":"2025-12-05T12:59:18","date_gmt":"2025-12-05T12:59:18","guid":{"rendered":"https:\/\/previntegral.com\/producto\/reciclatge-en-c-29-operadors-de-plataformes-elevadores\/"},"modified":"2026-03-16T18:32:34","modified_gmt":"2026-03-16T18:32:34","slug":"reciclaje-en-c-29-operadores-de-plataformas-elevadoras","status":"publish","type":"product","link":"https:\/\/previntegral.com\/es\/producto\/reciclatge-en-c-29-operadors-de-plataformes-elevadores\/","title":{"rendered":"Reciclaje en C.29: Conductores de carretillas elevadoras"},"content":{"rendered":"<p>El curso C.29 \u2014Operadores de carretillas elevadoras\u2014 es una actualizaci\u00f3n de <strong>4 horas<\/strong> en <strong>Modo presencial<\/strong> dirigido al personal de producci\u00f3n y mantenimiento de <strong>Acuerdo sobre metales<\/strong> que funciona <strong>Plan m\u00e9dico de emergencia p\u00fablica<\/strong>. El objetivo es reforzar el <strong>PRL<\/strong> en concreto: la selecci\u00f3n del equipo, <strong>comprobaciones anteriores<\/strong>, estabilidad y cargas, planificaci\u00f3n de maniobras, se\u00f1alizaci\u00f3n, trabajos en altura (uso de\u2019<strong>arn\u00e9s<\/strong> y puntos de anclaje), riesgos el\u00e9ctricos y de atrapamiento, la normativa aplicable (Real Decreto 1215\/1997 y la norma EN 280) y los procedimientos de\u2019<strong>Emergencias y rescate<\/strong>. A trav\u00e9s de casos pr\u00e1cticos y del an\u00e1lisis de incidentes reales, los participantes consolidan h\u00e1bitos seguros y criterios de toma de decisiones en el lugar de trabajo. Este curso de actualizaci\u00f3n ayuda a mantener la cualificaci\u00f3n exigida por el convenio colectivo (renovaci\u00f3n). <strong>cada cuatro a\u00f1os<\/strong>) y contribuye al desarrollo de las especialidades profesionales actuales. Previntegral, <strong>Centro acreditado por la FLC<\/strong> El curso n.\u00ba 0505080031 ofrece formaci\u00f3n impartida por instructores expertos y con equipos de \u00faltima generaci\u00f3n. Al finalizar el curso, se expide un certificado reconocido en el sector que acredita la competencia en el uso seguro de plataformas elevadoras.<\/p>","protected":false},"excerpt":{"rendered":"<p>El curs C.29 \u2013 Operadors de plataformes elevadores \u00e9s una actualitzaci\u00f3 de 4 hores en modalitat presencial adre\u00e7ada al personal de producci\u00f3 i manteniment del Conveni del Metall que opera PEMP. L\u2019objectiu \u00e9s refor\u00e7ar la PRL espec\u00edfica: selecci\u00f3 de l\u2019equip, comprovacions pr\u00e8vies, estabilitat i c\u00e0rregues, planificaci\u00f3 de maniobres, senyalitzaci\u00f3, treballs en al\u00e7ada (\u00fas d\u2019arn\u00e8s i [&hellip;]<\/p>\n","protected":false},"featured_media":5081,"comment_status":"open","ping_status":"closed","template":"","meta":{"_acf_changed":false},"product_brand":[],"product_cat":[41],"product_tag":[],"class_list":{"0":"post-5079","1":"product","2":"type-product","3":"status-publish","4":"has-post-thumbnail","6":"product_cat-metall","8":"first","9":"instock","10":"virtual","11":"taxable","12":"purchasable","13":"product-type-curso"},"acf":[],"precio_regular_curso":137.94,"precio_bonificado_curso":145.2,"_links":{"self":[{"href":"https:\/\/previntegral.com\/es\/wp-json\/wp\/v2\/product\/5079","targetHints":{"allow":["GET"]}}],"collection":[{"href":"https:\/\/previntegral.com\/es\/wp-json\/wp\/v2\/product"}],"about":[{"href":"https:\/\/previntegral.com\/es\/wp-json\/wp\/v2\/types\/product"}],"replies":[{"embeddable":true,"href":"https:\/\/previntegral.com\/es\/wp-json\/wp\/v2\/comments?post=5079"}],"wp:featuredmedia":[{"embeddable":true,"href":"https:\/\/previntegral.com\/es\/wp-json\/wp\/v2\/media\/5081"}],"wp:attachment":[{"href":"https:\/\/previntegral.com\/es\/wp-json\/wp\/v2\/media?parent=5079"}],"wp:term":[{"taxonomy":"product_brand","embeddable":true,"href":"https:\/\/previntegral.com\/es\/wp-json\/wp\/v2\/product_brand?post=5079"},{"taxonomy":"product_cat","embeddable":true,"href":"https:\/\/previntegral.com\/es\/wp-json\/wp\/v2\/product_cat?post=5079"},{"taxonomy":"product_tag","embeddable":true,"href":"https:\/\/previntegral.com\/es\/wp-json\/wp\/v2\/product_tag?post=5079"}],"curies":[{"name":"WordPress","href":"https:\/\/api.w.org\/{rel}","templated":true}]}}