{"id":5082,"date":"2025-12-05T12:59:46","date_gmt":"2025-12-05T12:59:46","guid":{"rendered":"https:\/\/previntegral.com\/producto\/reciclatge-en-c-26-conductors-transportistes\/"},"modified":"2026-03-16T18:32:34","modified_gmt":"2026-03-16T18:32:34","slug":"reciclaje-en-c-26-transportistas","status":"publish","type":"product","link":"https:\/\/previntegral.com\/es\/producto\/reciclatge-en-c-26-conductors-transportistes\/","title":{"rendered":"Reciclaje en C.26 \u2013 Transportistas"},"content":{"rendered":"<p>El curso <strong>C.26 \u2013 Conductores\/transportistas<\/strong> de <strong>Acuerdo sobre metales<\/strong> es una acci\u00f3n de <strong>reciclaje<\/strong> Es obligatorio y debe realizarse cada cuatro a\u00f1os. Tiene una duraci\u00f3n de <strong>4 horas<\/strong> en <strong>Modo presencial<\/strong> y actualiza los conocimientos fundamentales sobre <strong>Prevenci\u00f3n de riesgos laborales (PRL)<\/strong> para los profesionales que conducen o transportan mercanc\u00edas dentro y fuera de la planta. Los riesgos y las medidas preventivas se tratan en <b>maniobras<\/b>, <b>v\u00edas de tr\u00e1fico y circulaci\u00f3n internas<\/b>, <b>carga y descarga<\/b>, <b>Estiba y amarre<\/b>, vuelcos y atropellos, as\u00ed como la ergonom\u00eda, <b>\u00cdndice de protecci\u00f3n equivalente<\/b>, ruido y vibraciones. Incluye procedimientos para\u2019<b>emergencia<\/b>, Notificaci\u00f3n de incidentes y buenas pr\u00e1cticas para la inspecci\u00f3n previa al uso del veh\u00edculo y de los componentes de anclaje. La metodolog\u00eda combina el an\u00e1lisis de la normativa, estudios de casos pr\u00e1cticos y el uso de <b>listas de verificaci\u00f3n<\/b> aplicable al trabajo diario. Dirigido a conductores, mozos de carga, operadores de veh\u00edculos industriales y personal de log\u00edstica de empresas metal\u00fargicas, este curso ayuda a mantener la cualificaci\u00f3n de los\u2019<b>Especialidad artesanal C.26<\/b> y el cumplimiento de los requisitos del 100% en las especialidades exigidas. Previntegral es un centro acreditado por la <strong>Comisionado Federal de Tierras<\/strong> (n.\u00ba 0505080031).<\/p>","protected":false},"excerpt":{"rendered":"<p>El curs C.26 &#8211; Conductors\/transportistes del Conveni del Metall \u00e9s una acci\u00f3 de reciclatge obligat\u00f2ria que s\u2019ha de realitzar cada 4 anys. T\u00e9 una durada de 4 hores en modalitat presencial i actualitza coneixements clau de prevenci\u00f3 de riscos laborals (PRL) per a professionals que condueixen o transporten mercaderies dins i fora de planta. Es [&hellip;]<\/p>\n","protected":false},"featured_media":5085,"comment_status":"open","ping_status":"closed","template":"","meta":{"_acf_changed":false},"product_brand":[],"product_cat":[41],"product_tag":[],"class_list":{"0":"post-5082","1":"product","2":"type-product","3":"status-publish","4":"has-post-thumbnail","6":"product_cat-metall","8":"first","9":"instock","10":"virtual","11":"taxable","12":"purchasable","13":"product-type-curso"},"acf":[],"precio_regular_curso":121,"precio_bonificado_curso":127.05,"_links":{"self":[{"href":"https:\/\/previntegral.com\/es\/wp-json\/wp\/v2\/product\/5082","targetHints":{"allow":["GET"]}}],"collection":[{"href":"https:\/\/previntegral.com\/es\/wp-json\/wp\/v2\/product"}],"about":[{"href":"https:\/\/previntegral.com\/es\/wp-json\/wp\/v2\/types\/product"}],"replies":[{"embeddable":true,"href":"https:\/\/previntegral.com\/es\/wp-json\/wp\/v2\/comments?post=5082"}],"wp:featuredmedia":[{"embeddable":true,"href":"https:\/\/previntegral.com\/es\/wp-json\/wp\/v2\/media\/5085"}],"wp:attachment":[{"href":"https:\/\/previntegral.com\/es\/wp-json\/wp\/v2\/media?parent=5082"}],"wp:term":[{"taxonomy":"product_brand","embeddable":true,"href":"https:\/\/previntegral.com\/es\/wp-json\/wp\/v2\/product_brand?post=5082"},{"taxonomy":"product_cat","embeddable":true,"href":"https:\/\/previntegral.com\/es\/wp-json\/wp\/v2\/product_cat?post=5082"},{"taxonomy":"product_tag","embeddable":true,"href":"https:\/\/previntegral.com\/es\/wp-json\/wp\/v2\/product_tag?post=5082"}],"curies":[{"name":"WordPress","href":"https:\/\/api.w.org\/{rel}","templated":true}]}}