{"id":5088,"date":"2025-12-05T13:00:52","date_gmt":"2025-12-05T13:00:52","guid":{"rendered":"https:\/\/previntegral.com\/producto\/reciclatge-en-c-31-conductors-de-grues-mobils-autopropulsades\/"},"modified":"2026-03-16T18:32:34","modified_gmt":"2026-03-16T18:32:34","slug":"reciclaje-para-conductores-de-gruas-moviles-autopropulsadas-c31","status":"publish","type":"product","link":"https:\/\/previntegral.com\/es\/producto\/reciclatge-en-c-31-conductors-de-grues-mobils-autopropulsades\/","title":{"rendered":"Reciclaje en C.31 \u2013 Operadores de gr\u00faas m\u00f3viles autopropulsadas"},"content":{"rendered":"<p>C.31 \u2013 Operadores de gr\u00faas m\u00f3viles autopropulsadas es un curso de actualizaci\u00f3n obligatorio de la <strong>Acuerdo sobre metales<\/strong>, de <strong>4 horas<\/strong> y en <strong>Solo presencial<\/strong>. Dirigido a los profesionales que manejan o supervisan gr\u00faas m\u00f3viles, actualiza el <strong>PRL<\/strong> Espec\u00edfico y garantiza el mantenimiento de las competencias cada cuatro a\u00f1os. Trabajaremos en la planificaci\u00f3n de <strong>planes para un levantamiento<\/strong> y la se\u00f1alizaci\u00f3n, el\u2019<strong>tablas de estabilidad y carga<\/strong>, condiciones del viento, uso seguro de los accesorios y los medios de elevaci\u00f3n, comunicaci\u00f3n entre el operador y el se\u00f1alizador, tr\u00e1fico y maniobras en el patio, riesgos derivados de la proximidad a l\u00edneas el\u00e9ctricas, vuelco, atrapamiento y derrumbe de la carga. Incluye inspecciones diarias, mantenimiento b\u00e1sico y procedimientos de <strong>Bloqueo y etiquetado (LOTO)<\/strong>, as\u00ed como la selecci\u00f3n y el uso del EPI y los requisitos normativos vigentes (por ejemplo, el Real Decreto 1215\/1997). Una metodolog\u00eda din\u00e1mica con casos reales, listas de verificaci\u00f3n y buenas pr\u00e1cticas aplicables al lugar de trabajo. Al finalizar, los participantes consolidan una manipulaci\u00f3n segura y eficiente y obtienen la acreditaci\u00f3n de la formaci\u00f3n espec\u00edfica para el oficio. Previntegral, un centro acreditado por la <strong>Comisionado Federal de Tierras<\/strong> (0505080031) garantiza la calidad y la idoneidad para el sector.<\/p>","protected":false},"excerpt":{"rendered":"<p>El C.31 \u2013 Conductors de grues m\u00f2bils autopropulsades \u00e9s un curs de reciclatge obligatori del Conveni del Metall, de 4 hores i en modalitat exclusivament presencial. Adre\u00e7at a professionals que condueixen o supervisen grues m\u00f2bils, actualitza la PRL espec\u00edfica i assegura el manteniment de compet\u00e8ncies cada 4 anys. Treballarem la planificaci\u00f3 de plans d\u2019aixecament i [&hellip;]<\/p>\n","protected":false},"featured_media":5090,"comment_status":"open","ping_status":"closed","template":"","meta":{"_acf_changed":false},"product_brand":[],"product_cat":[41],"product_tag":[],"class_list":{"0":"post-5088","1":"product","2":"type-product","3":"status-publish","4":"has-post-thumbnail","6":"product_cat-metall","8":"first","9":"instock","10":"virtual","11":"taxable","12":"purchasable","13":"product-type-curso"},"acf":[],"precio_regular_curso":121,"precio_bonificado_curso":127.05,"_links":{"self":[{"href":"https:\/\/previntegral.com\/es\/wp-json\/wp\/v2\/product\/5088","targetHints":{"allow":["GET"]}}],"collection":[{"href":"https:\/\/previntegral.com\/es\/wp-json\/wp\/v2\/product"}],"about":[{"href":"https:\/\/previntegral.com\/es\/wp-json\/wp\/v2\/types\/product"}],"replies":[{"embeddable":true,"href":"https:\/\/previntegral.com\/es\/wp-json\/wp\/v2\/comments?post=5088"}],"wp:featuredmedia":[{"embeddable":true,"href":"https:\/\/previntegral.com\/es\/wp-json\/wp\/v2\/media\/5090"}],"wp:attachment":[{"href":"https:\/\/previntegral.com\/es\/wp-json\/wp\/v2\/media?parent=5088"}],"wp:term":[{"taxonomy":"product_brand","embeddable":true,"href":"https:\/\/previntegral.com\/es\/wp-json\/wp\/v2\/product_brand?post=5088"},{"taxonomy":"product_cat","embeddable":true,"href":"https:\/\/previntegral.com\/es\/wp-json\/wp\/v2\/product_cat?post=5088"},{"taxonomy":"product_tag","embeddable":true,"href":"https:\/\/previntegral.com\/es\/wp-json\/wp\/v2\/product_tag?post=5088"}],"curies":[{"name":"WordPress","href":"https:\/\/api.w.org\/{rel}","templated":true}]}}