{"id":5091,"date":"2025-12-05T13:01:07","date_gmt":"2025-12-05T13:01:07","guid":{"rendered":"https:\/\/previntegral.com\/producto\/reciclatge-en-c-32-contingut-formatiu-per-a-activitats-que-no-es-trobin-expressament-regulades-en-aquest-conveni\/"},"modified":"2026-03-16T18:32:34","modified_gmt":"2026-03-16T18:32:34","slug":"reciclaje-en-c-32-contenido-formativo-para-actividades-no-reguladas-expresamente-en-el-presente-acuerdo","status":"publish","type":"product","link":"https:\/\/previntegral.com\/es\/producto\/reciclatge-en-c-32-contingut-formatiu-per-a-activitats-que-no-es-trobin-expressament-regulades-en-aquest-conveni\/","title":{"rendered":"Reciclaje en C.32 \u2013 Contenido formativo para actividades que no se encuentren expresamente reguladas en este convenio"},"content":{"rendered":"<p>El curso C.32 es un curso de formaci\u00f3n. <strong>presencial<\/strong> de <strong>4 horas<\/strong> orientado a cubrir actividades del sector metal\u00fargico que no est\u00e1n reguladas expl\u00edcitamente por el convenio. Dise\u00f1amos contenidos para <strong>PRL<\/strong> adaptadas a la actividad concreta de cada equipo (por ejemplo, automatizaciones para instalaciones de riego, soldadura o carpinter\u00eda met\u00e1lica) con el fin de garantizar el cumplimiento de la normativa y la seguridad operativa. Funcionan en el <strong>Identificaci\u00f3n de riesgos<\/strong> y la evaluaci\u00f3n b\u00e1sica, las medidas preventivas y los procedimientos de <strong>Trabajo seguro<\/strong>, uso de herramientas y m\u00e1quinas, bloqueo y etiquetado (<strong>Bloqueo\/Etiquetado<\/strong>), riesgos el\u00e9ctricos, de corte y soldadura, qu\u00edmicos y ergon\u00f3micos; as\u00ed como <strong>Coordinaci\u00f3n de actividades empresariales<\/strong>, permisos de trabajo, orden y limpieza, se\u00f1alizaci\u00f3n, <strong>\u00cdndice de protecci\u00f3n equivalente<\/strong>, Emergencias y primeros auxilios. La metodolog\u00eda es pr\u00e1ctica, con casos reales y listas de verificaci\u00f3n que se pueden aplicar desde el primer d\u00eda. En consonancia con el plan de estudios del sector, complementa la formaci\u00f3n b\u00e1sica (por ejemplo, C1 20 h + especialidades) y puede servir como <strong>Reciclaje de 4 horas<\/strong> cada cuatro a\u00f1os, seg\u00fan corresponda. Impartido por Previntegral, un centro acreditado por la FLC (<strong>0505080031<\/strong>), con la certificaci\u00f3n y la documentaci\u00f3n acreditativa necesarias para la auditor\u00eda.<\/p>","protected":false},"excerpt":{"rendered":"<p>El curs C.32 \u00e9s una formaci\u00f3 presencial de 4 hores orientada a cobrir activitats del sector metall que no estan regulades de manera expl\u00edcita al conveni. Dissenyem continguts de PRL adaptats a l\u2019ofici real de cada equip (p. ex. automatitzacions per instal\u00b7lacions de reg, soldadura o fusteria met\u00e0l\u00b7lica) per garantir l\u2019adequaci\u00f3 legal i la seguretat [&hellip;]<\/p>\n","protected":false},"featured_media":5093,"comment_status":"open","ping_status":"closed","template":"","meta":{"_acf_changed":false},"product_brand":[],"product_cat":[41],"product_tag":[],"class_list":{"0":"post-5091","1":"product","2":"type-product","3":"status-publish","4":"has-post-thumbnail","6":"product_cat-metall","8":"first","9":"instock","10":"virtual","11":"taxable","12":"purchasable","13":"product-type-curso"},"acf":[],"precio_regular_curso":121,"precio_bonificado_curso":127.05,"_links":{"self":[{"href":"https:\/\/previntegral.com\/es\/wp-json\/wp\/v2\/product\/5091","targetHints":{"allow":["GET"]}}],"collection":[{"href":"https:\/\/previntegral.com\/es\/wp-json\/wp\/v2\/product"}],"about":[{"href":"https:\/\/previntegral.com\/es\/wp-json\/wp\/v2\/types\/product"}],"replies":[{"embeddable":true,"href":"https:\/\/previntegral.com\/es\/wp-json\/wp\/v2\/comments?post=5091"}],"wp:featuredmedia":[{"embeddable":true,"href":"https:\/\/previntegral.com\/es\/wp-json\/wp\/v2\/media\/5093"}],"wp:attachment":[{"href":"https:\/\/previntegral.com\/es\/wp-json\/wp\/v2\/media?parent=5091"}],"wp:term":[{"taxonomy":"product_brand","embeddable":true,"href":"https:\/\/previntegral.com\/es\/wp-json\/wp\/v2\/product_brand?post=5091"},{"taxonomy":"product_cat","embeddable":true,"href":"https:\/\/previntegral.com\/es\/wp-json\/wp\/v2\/product_cat?post=5091"},{"taxonomy":"product_tag","embeddable":true,"href":"https:\/\/previntegral.com\/es\/wp-json\/wp\/v2\/product_tag?post=5091"}],"curies":[{"name":"WordPress","href":"https:\/\/api.w.org\/{rel}","templated":true}]}}