{"id":5094,"date":"2025-12-05T13:01:17","date_gmt":"2025-12-05T13:01:17","guid":{"rendered":"https:\/\/previntegral.com\/producto\/reciclatge-en-c-23-treballs-daltres-tipus-dinstal%c2%b7lacions-com-ara-solars-fotovoltaiques-o-eoliques\/"},"modified":"2026-03-16T18:32:34","modified_gmt":"2026-03-16T18:32:34","slug":"reciclaje-en-unos-23-tipos-de-instalaciones-como-parques-fotovoltaicos-o-eolicos","status":"publish","type":"product","link":"https:\/\/previntegral.com\/es\/producto\/reciclatge-en-c-23-treballs-daltres-tipus-dinstal%c2%b7lacions-com-ara-solars-fotovoltaiques-o-eoliques\/","title":{"rendered":"Reciclaje en C.23: obras en otros tipos de instalaciones, como parques fotovoltaicos o e\u00f3licos."},"content":{"rendered":"<p>El curso C.23 es el <strong>Reciclaje obligatorio<\/strong> para los trabajadores que realizan <strong>Trabajos de instalaciones especiales<\/strong>, como <strong>Paneles solares fotovoltaicos<\/strong> o <strong>aerogeneradores<\/strong>, en el marco del Convenio sobre los metales. En <strong>Modo presencial<\/strong> y con una duraci\u00f3n de <strong>4 horas<\/strong> (no disponible en l\u00ednea), actualiza el contenido de <strong>PRL<\/strong> Imprescindible para trabajar en altura, gesti\u00f3n de <strong>Riesgo el\u00e9ctrico<\/strong> (CC\/CA), operaciones de elevaci\u00f3n y montaje, condiciones meteorol\u00f3gicas adversas, <strong>Bloqueo\/Etiquetado<\/strong>, <strong>\u00cdndice de protecci\u00f3n equivalente<\/strong> y procedimientos de <strong>Trabajo seguro<\/strong>. Abarca las nuevas normativas, <strong>Coordinaci\u00f3n de actividades empresariales<\/strong>, permisos de trabajo, se\u00f1alizaci\u00f3n y protocolos de\u2019<strong>Emergencias y rescate<\/strong>, con casos pr\u00e1cticos basados en situaciones reales de construcci\u00f3n y mantenimiento. Esta actualizaci\u00f3n abarca esta especialidad. <strong>C.23<\/strong> y cumple con la obligaci\u00f3n de <strong>Renovar la formaci\u00f3n cada 4 a\u00f1os<\/strong> establecido en el acuerdo. Previntegral, centro <strong>Homologado por la FLC<\/strong> (n.\u00ba 0505080031) garantiza una formaci\u00f3n adaptada a las realidades del sector y acorde con la necesidad de que el personal reciba formaci\u00f3n en el conjunto completo de\u2019<strong>Especialidades artesanales<\/strong> actual.<\/p>","protected":false},"excerpt":{"rendered":"<p>El curs C.23 \u00e9s el reciclatge obligatori per a treballadors que realitzen treballs d\u2019instal\u00b7lacions especials, com ara solars fotovoltaiques o e\u00f2liques, dins l\u2019\u00e0mbit del Conveni del Metall. En modalitat presencial i amb una durada de 4 hores (no disponible en l\u00ednia), actualitza els continguts de PRL imprescindibles per treballs en al\u00e7ada, gesti\u00f3 del risc el\u00e8ctric [&hellip;]<\/p>\n","protected":false},"featured_media":5096,"comment_status":"open","ping_status":"closed","template":"","meta":{"_acf_changed":false},"product_brand":[],"product_cat":[41],"product_tag":[],"class_list":{"0":"post-5094","1":"product","2":"type-product","3":"status-publish","4":"has-post-thumbnail","6":"product_cat-metall","8":"first","9":"instock","10":"virtual","11":"taxable","12":"purchasable","13":"product-type-curso"},"acf":[],"precio_regular_curso":121,"precio_bonificado_curso":127.05,"_links":{"self":[{"href":"https:\/\/previntegral.com\/es\/wp-json\/wp\/v2\/product\/5094","targetHints":{"allow":["GET"]}}],"collection":[{"href":"https:\/\/previntegral.com\/es\/wp-json\/wp\/v2\/product"}],"about":[{"href":"https:\/\/previntegral.com\/es\/wp-json\/wp\/v2\/types\/product"}],"replies":[{"embeddable":true,"href":"https:\/\/previntegral.com\/es\/wp-json\/wp\/v2\/comments?post=5094"}],"wp:featuredmedia":[{"embeddable":true,"href":"https:\/\/previntegral.com\/es\/wp-json\/wp\/v2\/media\/5096"}],"wp:attachment":[{"href":"https:\/\/previntegral.com\/es\/wp-json\/wp\/v2\/media?parent=5094"}],"wp:term":[{"taxonomy":"product_brand","embeddable":true,"href":"https:\/\/previntegral.com\/es\/wp-json\/wp\/v2\/product_brand?post=5094"},{"taxonomy":"product_cat","embeddable":true,"href":"https:\/\/previntegral.com\/es\/wp-json\/wp\/v2\/product_cat?post=5094"},{"taxonomy":"product_tag","embeddable":true,"href":"https:\/\/previntegral.com\/es\/wp-json\/wp\/v2\/product_tag?post=5094"}],"curies":[{"name":"WordPress","href":"https:\/\/api.w.org\/{rel}","templated":true}]}}