{"id":5097,"date":"2025-12-05T13:02:44","date_gmt":"2025-12-05T13:02:44","guid":{"rendered":"https:\/\/previntegral.com\/producto\/reciclatge-en-c-27-conductors-de-carretons-elevadors\/"},"modified":"2026-03-16T18:32:34","modified_gmt":"2026-03-16T18:32:34","slug":"curso-de-reciclaje-en-c27-para-27-conductores-de-carretillas-elevadoras","status":"publish","type":"product","link":"https:\/\/previntegral.com\/es\/producto\/reciclatge-en-c-27-conductors-de-carretons-elevadors\/","title":{"rendered":"Reciclaje en C.27 \u2013 Conductores de carretillas elevadoras"},"content":{"rendered":"<p>El curso C.27 \u2014Operadores de carretillas elevadoras\u2014 cumple con el Convenio Colectivo Estatal para la Industria Metal\u00fargica, ya que <strong>Reciclaje obligatorio<\/strong> cada cuatro a\u00f1os. Tiene una duraci\u00f3n de <strong>4 horas<\/strong>, en modalidad <strong>presencial<\/strong>, y est\u00e1 dirigido al personal de producci\u00f3n y mantenimiento que se encarga de <strong>carretillas elevadoras<\/strong> en su trabajo diario. El objetivo es repasar los principios fundamentales de <strong>PRL<\/strong> y reforzar los h\u00e1bitos de seguridad: estabilidad, centro de gravedad y <strong>estabilidad y carga<\/strong>; carreteras y <strong>se\u00f1alizaci\u00f3n<\/strong>; <strong>Resumen diario<\/strong> y mantenimiento b\u00e1sico; recarga de la bater\u00eda; uso adecuado de\u2019<strong>Equipo de protecci\u00f3n personal<\/strong>; maniobras en rampas, pasillos estrechos, zonas peatonales y operaciones de apilado y desapilado. La formaci\u00f3n combina una actualizaci\u00f3n de la normativa Metall con casos pr\u00e1cticos y <strong>Maniobras seguras<\/strong> realizadas en un entorno controlado, incluyendo procedimientos de\u2019<strong>Emergencias<\/strong> y la comunicaci\u00f3n con otros equipos. Esta formaci\u00f3n de actualizaci\u00f3n complementa y actualiza la formaci\u00f3n b\u00e1sica (C1, 20 horas + especialidades profesionales) exigida a los operadores, garantizando un funcionamiento eficiente y seguro en consonancia con la gesti\u00f3n preventiva de la empresa.<\/p>","protected":false},"excerpt":{"rendered":"<p>El curs C.27 \u2013 Conductors de carretons elevadors dona compliment al Conveni Col\u00b7lectiu Estatal del Metall com a reciclatge obligatori cada 4 anys. T\u00e9 una durada de 4 hores, en modalitat presencial, i est\u00e0 orientat al personal de producci\u00f3 i manteniment que manipula carretons elevadors en el seu dia a dia. L\u2019objectiu \u00e9s refrescar els [&hellip;]<\/p>\n","protected":false},"featured_media":5099,"comment_status":"open","ping_status":"closed","template":"","meta":{"_acf_changed":false},"product_brand":[],"product_cat":[41],"product_tag":[],"class_list":{"0":"post-5097","1":"product","2":"type-product","3":"status-publish","4":"has-post-thumbnail","6":"product_cat-metall","8":"first","9":"instock","10":"virtual","11":"taxable","12":"purchasable","13":"product-type-curso"},"acf":[],"precio_regular_curso":137.94,"precio_bonificado_curso":145.2,"_links":{"self":[{"href":"https:\/\/previntegral.com\/es\/wp-json\/wp\/v2\/product\/5097","targetHints":{"allow":["GET"]}}],"collection":[{"href":"https:\/\/previntegral.com\/es\/wp-json\/wp\/v2\/product"}],"about":[{"href":"https:\/\/previntegral.com\/es\/wp-json\/wp\/v2\/types\/product"}],"replies":[{"embeddable":true,"href":"https:\/\/previntegral.com\/es\/wp-json\/wp\/v2\/comments?post=5097"}],"wp:featuredmedia":[{"embeddable":true,"href":"https:\/\/previntegral.com\/es\/wp-json\/wp\/v2\/media\/5099"}],"wp:attachment":[{"href":"https:\/\/previntegral.com\/es\/wp-json\/wp\/v2\/media?parent=5097"}],"wp:term":[{"taxonomy":"product_brand","embeddable":true,"href":"https:\/\/previntegral.com\/es\/wp-json\/wp\/v2\/product_brand?post=5097"},{"taxonomy":"product_cat","embeddable":true,"href":"https:\/\/previntegral.com\/es\/wp-json\/wp\/v2\/product_cat?post=5097"},{"taxonomy":"product_tag","embeddable":true,"href":"https:\/\/previntegral.com\/es\/wp-json\/wp\/v2\/product_tag?post=5097"}],"curies":[{"name":"WordPress","href":"https:\/\/api.w.org\/{rel}","templated":true}]}}