{"id":5100,"date":"2025-12-05T13:03:27","date_gmt":"2025-12-05T13:03:27","guid":{"rendered":"https:\/\/previntegral.com\/producto\/reciclatge-en-c-19-treballs-de-muntatge-destructures-tubulars\/"},"modified":"2026-03-16T18:32:34","modified_gmt":"2026-03-16T18:32:34","slug":"reciclaje-en-c19-montaje-y-desmantelamiento-de-estructuras-tubulares","status":"publish","type":"product","link":"https:\/\/previntegral.com\/es\/producto\/reciclatge-en-c-19-treballs-de-muntatge-destructures-tubulars\/","title":{"rendered":"Reciclaje en C.19: montaje de estructuras tubulares"},"content":{"rendered":"<p>El curso C.19 \u2014 Trabajos de montaje de estructuras tubulares \u2014 es un curso de actualizaci\u00f3n de <strong>4 horas<\/strong> en modal <strong>presencial<\/strong>, en consonancia con el <strong>Acuerdo sobre metales<\/strong> y est\u00e1 pensado para el personal de producci\u00f3n y mantenimiento que se encarga del montaje, la modificaci\u00f3n o el desmontaje <strong>estructuras tubulares<\/strong> y andamios auxiliares. Actualizar los conocimientos fundamentales sobre <strong>prevenci\u00f3n de riesgos laborales<\/strong>: riesgos en <strong>Trabajar en altura<\/strong>, ca\u00edda de objetos y atrapamientos; selecci\u00f3n y uso de\u2019<strong>\u00cdndice de protecci\u00f3n equivalente<\/strong> (arn\u00e9s, conectores y casco), puntos de anclaje y <strong>L\u00edneas de vida<\/strong>; inspecciones previas, estabilidad, arriostramiento y se\u00f1alizaci\u00f3n; procedimientos seguros de montaje y desmontaje, orden y limpieza, permisos y coordinaci\u00f3n de las actividades empresariales; y respuesta ante emergencias. La metodolog\u00eda es pr\u00e1ctica y se basa en casos reales y demostraciones con equipos para reforzar los h\u00e1bitos de seguridad y los criterios operativos. Previntegral es un centro acreditado por la <strong>Comisionado Federal de Tierras<\/strong> (0505080031) y te ayuda a mantener el cumplimiento de las especialidades profesionales exigidas. Una vez finalizado el curso, el alumno renueva su titulaci\u00f3n de acuerdo con el periodo de renovaci\u00f3n de cuatro a\u00f1os establecido en el convenio.<\/p>","protected":false},"excerpt":{"rendered":"<p>El curs C.19 \u2013 Treballs de muntatge d\u2019estructures tubulars \u00e9s un reciclatge de 4 hores en modalitat presencial, alineat amb el Conveni del Metall i pensat per a personal de producci\u00f3 i manteniment que munta, modifica o desmunta estructures tubulars i bastides auxiliars. Actualitza coneixements clau de prevenci\u00f3 de riscos laborals: riscos en treballs en [&hellip;]<\/p>\n","protected":false},"featured_media":5102,"comment_status":"open","ping_status":"closed","template":"","meta":{"_acf_changed":false},"product_brand":[],"product_cat":[41],"product_tag":[],"class_list":{"0":"post-5100","1":"product","2":"type-product","3":"status-publish","4":"has-post-thumbnail","6":"product_cat-metall","8":"first","9":"instock","10":"virtual","11":"taxable","12":"purchasable","13":"product-type-curso"},"acf":[],"precio_regular_curso":121,"precio_bonificado_curso":127.05,"_links":{"self":[{"href":"https:\/\/previntegral.com\/es\/wp-json\/wp\/v2\/product\/5100","targetHints":{"allow":["GET"]}}],"collection":[{"href":"https:\/\/previntegral.com\/es\/wp-json\/wp\/v2\/product"}],"about":[{"href":"https:\/\/previntegral.com\/es\/wp-json\/wp\/v2\/types\/product"}],"replies":[{"embeddable":true,"href":"https:\/\/previntegral.com\/es\/wp-json\/wp\/v2\/comments?post=5100"}],"wp:featuredmedia":[{"embeddable":true,"href":"https:\/\/previntegral.com\/es\/wp-json\/wp\/v2\/media\/5102"}],"wp:attachment":[{"href":"https:\/\/previntegral.com\/es\/wp-json\/wp\/v2\/media?parent=5100"}],"wp:term":[{"taxonomy":"product_brand","embeddable":true,"href":"https:\/\/previntegral.com\/es\/wp-json\/wp\/v2\/product_brand?post=5100"},{"taxonomy":"product_cat","embeddable":true,"href":"https:\/\/previntegral.com\/es\/wp-json\/wp\/v2\/product_cat?post=5100"},{"taxonomy":"product_tag","embeddable":true,"href":"https:\/\/previntegral.com\/es\/wp-json\/wp\/v2\/product_tag?post=5100"}],"curies":[{"name":"WordPress","href":"https:\/\/api.w.org\/{rel}","templated":true}]}}