{"id":5103,"date":"2025-12-05T13:03:38","date_gmt":"2025-12-05T13:03:38","guid":{"rendered":"https:\/\/previntegral.com\/producto\/reciclatge-en-c-28-operadors-de-pontgrua\/"},"modified":"2026-03-16T18:32:34","modified_gmt":"2026-03-16T18:32:34","slug":"reciclaje-para-operadores-de-gruas-c-28","status":"publish","type":"product","link":"https:\/\/previntegral.com\/es\/producto\/reciclatge-en-c-28-operadors-de-pontgrua\/","title":{"rendered":"Reciclaje en C.28: operadores de gr\u00faa"},"content":{"rendered":"<p>El curso C.28 \u2013 Operadores de gr\u00faa es una iniciativa de <strong>Reciclaje obligatorio<\/strong> de la Convenci\u00f3n del Metal, dirigida al personal de <strong>Producci\u00f3n y mantenimiento<\/strong> que gestiona Pontgrues. En <strong>Modo presencial<\/strong> y con una duraci\u00f3n de <strong>4 horas<\/strong> (no disponible en l\u00ednea), actualiza los conocimientos sobre <strong>prevenci\u00f3n de riesgos<\/strong> y en el\u2019<strong>Uso seguro<\/strong> en relaci\u00f3n con las gr\u00faas: inspecciones previas, capacidad de carga, <strong>centro de gravedad<\/strong>, selecci\u00f3n de\u2019<strong>Accesorios de elevaci\u00f3n<\/strong> (eslingas, cadenas, ganchos), <strong>se\u00f1alizaci\u00f3n<\/strong> y la comunicaci\u00f3n con el se\u00f1alista, las zonas de exclusi\u00f3n, las maniobras controladas y la respuesta ante situaciones de emergencia. <strong>Emergencias<\/strong>. Se abordan riesgos como estos. <strong>ca\u00edda de cargas<\/strong>, colisiones y atrapamientos, as\u00ed como medidas de control, <strong>Bloqueo\/Etiquetado<\/strong> Formaci\u00f3n b\u00e1sica y coordinaci\u00f3n con otros equipos (por ejemplo, los de camillas). Incluye casos pr\u00e1cticos y actualizaciones normativas para garantizar que el personal mantenga su cualificaci\u00f3n vigente cada cuatro a\u00f1os. Previntegral, <strong>Centro acreditado por la FLC<\/strong> El n.\u00ba 0505080031 expide la acreditaci\u00f3n en virtud del Convenio sobre la metalurgia y como complemento de la formaci\u00f3n inicial (C1: 20 horas + 8 horas de especializaciones profesionales).<\/p>","protected":false},"excerpt":{"rendered":"<p>El curs C.28 &#8211; Operadors de pontgrua \u00e9s una acci\u00f3 de reciclatge obligatori del Conveni del Metall, dissenyada per a personal de producci\u00f3 i manteniment que opera pontgrues. En modalitat presencial i amb una durada de 4 hores (no disponible en l\u00ednia), actualitza els coneixements en prevenci\u00f3 de riscos i en l\u2019\u00fas segur de pontgrues: [&hellip;]<\/p>\n","protected":false},"featured_media":5107,"comment_status":"open","ping_status":"closed","template":"","meta":{"_acf_changed":false},"product_brand":[],"product_cat":[41],"product_tag":[],"class_list":{"0":"post-5103","1":"product","2":"type-product","3":"status-publish","4":"has-post-thumbnail","6":"product_cat-metall","8":"first","9":"instock","10":"virtual","11":"taxable","12":"purchasable","13":"product-type-curso"},"acf":[],"precio_regular_curso":137.94,"precio_bonificado_curso":145.2,"_links":{"self":[{"href":"https:\/\/previntegral.com\/es\/wp-json\/wp\/v2\/product\/5103","targetHints":{"allow":["GET"]}}],"collection":[{"href":"https:\/\/previntegral.com\/es\/wp-json\/wp\/v2\/product"}],"about":[{"href":"https:\/\/previntegral.com\/es\/wp-json\/wp\/v2\/types\/product"}],"replies":[{"embeddable":true,"href":"https:\/\/previntegral.com\/es\/wp-json\/wp\/v2\/comments?post=5103"}],"wp:featuredmedia":[{"embeddable":true,"href":"https:\/\/previntegral.com\/es\/wp-json\/wp\/v2\/media\/5107"}],"wp:attachment":[{"href":"https:\/\/previntegral.com\/es\/wp-json\/wp\/v2\/media?parent=5103"}],"wp:term":[{"taxonomy":"product_brand","embeddable":true,"href":"https:\/\/previntegral.com\/es\/wp-json\/wp\/v2\/product_brand?post=5103"},{"taxonomy":"product_cat","embeddable":true,"href":"https:\/\/previntegral.com\/es\/wp-json\/wp\/v2\/product_cat?post=5103"},{"taxonomy":"product_tag","embeddable":true,"href":"https:\/\/previntegral.com\/es\/wp-json\/wp\/v2\/product_tag?post=5103"}],"curies":[{"name":"WordPress","href":"https:\/\/api.w.org\/{rel}","templated":true}]}}