{"id":5104,"date":"2025-12-05T13:03:40","date_gmt":"2025-12-05T13:03:40","guid":{"rendered":"https:\/\/previntegral.com\/producto\/reciclatge-en-c-24-treballs-de-recuperacio-i-reciclatge-de-materies-primeres-secundaries-metal%c2%b7liques\/"},"modified":"2026-03-16T18:32:34","modified_gmt":"2026-03-16T18:32:34","slug":"reciclaje-en-c-24-actividades-de-recuperacion-y-reciclaje-de-materias-primas-metalicas-secundarias","status":"publish","type":"product","link":"https:\/\/previntegral.com\/es\/producto\/reciclatge-en-c-24-treballs-de-recuperacio-i-reciclatge-de-materies-primeres-secundaries-metal%c2%b7liques\/","title":{"rendered":"Reciclaje en C.24 \u2013 Trabajos de recuperaci\u00f3n y reciclaje de materias primas secundarias met\u00e1licas"},"content":{"rendered":"<p>Este curso de <strong>reciclaje<\/strong> 4 horas, obligatorio cada 4 a\u00f1os seg\u00fan el <strong>Acuerdo sobre metales<\/strong>, actualizar la formaci\u00f3n en <strong>PRL<\/strong> para la recuperaci\u00f3n y el reciclaje de materias primas met\u00e1licas secundarias. En <strong>Modo presencial<\/strong> (no disponible en l\u00ednea), est\u00e1 dirigido principalmente al personal de producci\u00f3n y mantenimiento que trabaja en plantas de clasificaci\u00f3n, tratamiento y valorizaci\u00f3n de chatarra. En \u00e9l se analizan las novedades normativas y las <strong>riesgos espec\u00edficos<\/strong> del proceso: manipulaci\u00f3n y clasificaci\u00f3n de materiales, uso de equipos de corte y prensas, manejo de <strong>gr\u00faas y carros<\/strong>, ruido y vibraciones, polvo y humos met\u00e1licos, riesgo de cortes y enredos, electricidad e incendios\/atm\u00f3sferas potencialmente explosivas <strong>A prueba de explosiones<\/strong>, la ergonom\u00eda y la circulaci\u00f3n interna. Se refuerzan los procedimientos de seguridad, as\u00ed como la selecci\u00f3n y el uso de\u2026\u2019<strong>\u00cdndice de protecci\u00f3n equivalente<\/strong>, se\u00f1alizaci\u00f3n, organizaci\u00f3n y orden, <strong>Bloqueo y etiquetado (LOTO)<\/strong>, as\u00ed como la respuesta ante emergencias y los primeros auxilios. A trav\u00e9s de casos pr\u00e1cticos y del an\u00e1lisis de situaciones reales, los alumnos consolidan h\u00e1bitos preventivos y buenas pr\u00e1cticas. Al finalizar, el participante mantiene su acreditaci\u00f3n PRL de acuerdo con el convenio (impartido por Previntegral, centro acreditado por la FLC, n\u00famero 0505080031).<\/p>","protected":false},"excerpt":{"rendered":"<p>Aquest curs de reciclatge de 4 hores, obligatori cada 4 anys segons el Conveni del Metall, actualitza la formaci\u00f3 en PRL per a treballs de recuperaci\u00f3 i reciclatge de mat\u00e8ries primeres secund\u00e0ries met\u00e0l\u00b7liques. En modalitat presencial (no disponible online), s\u2019adre\u00e7a principalment al personal de producci\u00f3 i manteniment que opera en plantes de classificaci\u00f3, tractament i [&hellip;]<\/p>\n","protected":false},"featured_media":5108,"comment_status":"open","ping_status":"closed","template":"","meta":{"_acf_changed":false},"product_brand":[],"product_cat":[41],"product_tag":[],"class_list":{"0":"post-5104","1":"product","2":"type-product","3":"status-publish","4":"has-post-thumbnail","6":"product_cat-metall","8":"first","9":"instock","10":"virtual","11":"taxable","12":"purchasable","13":"product-type-curso"},"acf":[],"precio_regular_curso":121,"precio_bonificado_curso":127.05,"_links":{"self":[{"href":"https:\/\/previntegral.com\/es\/wp-json\/wp\/v2\/product\/5104","targetHints":{"allow":["GET"]}}],"collection":[{"href":"https:\/\/previntegral.com\/es\/wp-json\/wp\/v2\/product"}],"about":[{"href":"https:\/\/previntegral.com\/es\/wp-json\/wp\/v2\/types\/product"}],"replies":[{"embeddable":true,"href":"https:\/\/previntegral.com\/es\/wp-json\/wp\/v2\/comments?post=5104"}],"wp:featuredmedia":[{"embeddable":true,"href":"https:\/\/previntegral.com\/es\/wp-json\/wp\/v2\/media\/5108"}],"wp:attachment":[{"href":"https:\/\/previntegral.com\/es\/wp-json\/wp\/v2\/media?parent=5104"}],"wp:term":[{"taxonomy":"product_brand","embeddable":true,"href":"https:\/\/previntegral.com\/es\/wp-json\/wp\/v2\/product_brand?post=5104"},{"taxonomy":"product_cat","embeddable":true,"href":"https:\/\/previntegral.com\/es\/wp-json\/wp\/v2\/product_cat?post=5104"},{"taxonomy":"product_tag","embeddable":true,"href":"https:\/\/previntegral.com\/es\/wp-json\/wp\/v2\/product_tag?post=5104"}],"curies":[{"name":"WordPress","href":"https:\/\/api.w.org\/{rel}","templated":true}]}}